{"id":7526,"date":"2024-07-01T20:14:34","date_gmt":"2024-07-01T20:14:34","guid":{"rendered":"https:\/\/studioiniit.se\/\/sv-testingInsLite\/?page_id=7526"},"modified":"2026-02-28T20:30:10","modified_gmt":"2026-02-28T18:30:10","slug":"kontakta-oss","status":"publish","type":"page","link":"https:\/\/studioiniit.se\/sv\/kontakta-oss\/","title":{"rendered":"Kontakta Oss"},"content":{"rendered":"\t\t<div data-elementor-type=\"wp-post\" data-elementor-id=\"7526\" class=\"elementor elementor-7526\">\n\t\t\t\t<div class=\"elementor-element elementor-element-44b10555 e-con-full hero-secondary e-flex e-con e-parent\" data-id=\"44b10555\" data-element_type=\"container\" data-e-type=\"container\">\n\t\t\t\t<div class=\"elementor-element elementor-element-d00e579 elementor-absolute elementor-widget elementor-widget-image\" data-id=\"d00e579\" data-element_type=\"widget\" data-e-type=\"widget\" data-settings=\"{&quot;_position&quot;:&quot;absolute&quot;}\" data-widget_type=\"image.default\">\n\t\t\t\t<div class=\"elementor-widget-container\">\n\t\t\t\t\t\t\t\t\t\t\t\t\t\t\t<img fetchpriority=\"high\" decoding=\"async\" width=\"2000\" height=\"1000\" src=\"https:\/\/studioiniit.se\/sv\/wp-content\/uploads\/2026\/02\/contact-hero.webp\" class=\"attachment-full size-full wp-image-10570\" alt=\"Platinum-inslagen present\" srcset=\"https:\/\/studioiniit.se\/sv\/wp-content\/uploads\/2026\/02\/contact-hero.webp 2000w, https:\/\/studioiniit.se\/sv\/wp-content\/uploads\/2026\/02\/contact-hero-300x150.webp 300w, https:\/\/studioiniit.se\/sv\/wp-content\/uploads\/2026\/02\/contact-hero-1024x512.webp 1024w, https:\/\/studioiniit.se\/sv\/wp-content\/uploads\/2026\/02\/contact-hero-1536x768.webp 1536w\" sizes=\"100vw\" \/>\t\t\t\t\t\t\t\t\t\t\t\t\t\t\t<\/div>\n\t\t\t\t<\/div>\n\t\t<div class=\"elementor-element elementor-element-78bb3810 e-con-full e-flex e-con e-child\" data-id=\"78bb3810\" data-element_type=\"container\" data-e-type=\"container\">\n\t\t<div class=\"elementor-element elementor-element-458f905f e-con-full e-flex e-con e-child\" data-id=\"458f905f\" data-element_type=\"container\" data-e-type=\"container\">\n\t\t\t\t<div class=\"elementor-element elementor-element-36056ee5 elementor-widget elementor-widget-heading\" data-id=\"36056ee5\" data-element_type=\"widget\" data-e-type=\"widget\" data-widget_type=\"heading.default\">\n\t\t\t\t<div class=\"elementor-widget-container\">\n\t\t\t\t\t<h1 class=\"elementor-heading-title elementor-size-default\">KONTAKTA OSS<\/h1>\t\t\t\t<\/div>\n\t\t\t\t<\/div>\n\t\t\t\t<\/div>\n\t\t\t\t<\/div>\n\t\t\t\t<\/div>\n\t\t<div class=\"elementor-element elementor-element-30d2df2c e-flex e-con-boxed e-con e-parent\" data-id=\"30d2df2c\" data-element_type=\"container\" data-e-type=\"container\" data-settings=\"{&quot;background_background&quot;:&quot;classic&quot;}\">\n\t\t\t\t\t<div class=\"e-con-inner\">\n\t\t<div class=\"elementor-element elementor-element-4d350e8c e-con-full e-flex e-con e-child\" data-id=\"4d350e8c\" data-element_type=\"container\" data-e-type=\"container\">\n\t\t<div class=\"elementor-element elementor-element-27825d6 e-con-full e-flex e-con e-child\" data-id=\"27825d6\" data-element_type=\"container\" data-e-type=\"container\">\n\t\t\t\t<div class=\"elementor-element elementor-element-6f70efab elementor-widget elementor-widget-heading\" data-id=\"6f70efab\" data-element_type=\"widget\" data-e-type=\"widget\" data-widget_type=\"heading.default\">\n\t\t\t\t<div class=\"elementor-widget-container\">\n\t\t\t\t\t<h2 class=\"elementor-heading-title elementor-size-default\">HAR DU N\u00c5GRA FR\u00c5GOR?<\/h2>\t\t\t\t<\/div>\n\t\t\t\t<\/div>\n\t\t\t\t<div class=\"elementor-element elementor-element-f9d7874 elementor-widget elementor-widget-text-editor\" data-id=\"f9d7874\" data-element_type=\"widget\" data-e-type=\"widget\" data-widget_type=\"text-editor.default\">\n\t\t\t\t<div class=\"elementor-widget-container\">\n\t\t\t\t\t\t\t\t\t<p>Dela med dig av dina fr\u00e5gor, id\u00e9er eller f\u00f6rslag. Vi \u00e5terkommer till dig s\u00e5 snart som m\u00f6jligt.<\/p>\t\t\t\t\t\t\t\t<\/div>\n\t\t\t\t<\/div>\n\t\t\t\t<\/div>\n\t\t<div class=\"elementor-element elementor-element-4bd87972 e-con-full e-flex e-con e-child\" data-id=\"4bd87972\" data-element_type=\"container\" data-e-type=\"container\">\n\t\t<div class=\"elementor-element elementor-element-48e664c3 e-con-full e-flex e-con e-child\" data-id=\"48e664c3\" data-element_type=\"container\" data-e-type=\"container\">\n\t\t\t\t<div class=\"elementor-element elementor-element-0a85da3 elementor-widget elementor-widget-formidable\" data-id=\"0a85da3\" data-element_type=\"widget\" data-e-type=\"widget\" data-widget_type=\"formidable.default\">\n\t\t\t\t<div class=\"elementor-widget-container\">\n\t\t\t\t\t<link rel='stylesheet' id='formidable-css' href='https:\/\/studioiniit.se\/sv\/wp-content\/plugins\/formidable\/css\/formidableforms.css?ver=419729' media='all' \/>\n<div class=\"frm_forms  with_frm_style frm_style_formidable-style\" id=\"frm_form_7_container\" >\n<form enctype=\"multipart\/form-data\" method=\"post\" class=\"frm-show-form \" id=\"form_contact-form2\" >\n<div class=\"frm_form_fields \">\n<fieldset>\n<legend class=\"frm_screen_reader\">Kontakta oss<\/legend>\r\n\r\n<div class=\"frm_fields_container\">\n<input type=\"hidden\" name=\"frm_action\" value=\"create\" \/>\n<input type=\"hidden\" name=\"form_id\" value=\"7\" \/>\n<input type=\"hidden\" name=\"frm_hide_fields_7\" id=\"frm_hide_fields_7\" value=\"\" \/>\n<input type=\"hidden\" name=\"form_key\" value=\"contact-form2\" \/>\n<input type=\"hidden\" name=\"item_meta[0]\" value=\"\" \/>\n<input type=\"hidden\" id=\"frm_submit_entry_7\" name=\"frm_submit_entry_7\" value=\"d9546c4c3b\" \/><input type=\"hidden\" name=\"_wp_http_referer\" value=\"\/sv\/wp-json\/wp\/v2\/pages\/7526\" \/><div id=\"frm_field_57_container\" class=\"frm_form_field form-field  frm_required_field frm_top_container\">\r\n    <div  id=\"field_8w26_label\" class=\"frm_primary_label\">Namn\r\n        <span class=\"frm_required\" aria-hidden=\"true\">*<\/span>\r\n    <\/div>\r\n    <fieldset aria-labelledby=\"field_8w26_label\">\n\t<legend class=\"frm_screen_reader frm_hidden\">\n\t\tNamn\t<\/legend>\n\n\t<div  class=\"frm_combo_inputs_container\" id=\"frm_combo_inputs_container_57\" data-name-layout=\"first_last\">\n\t\t\t\t\t<div\n\t\t\t\tid=\"frm_field_57-first_container\"\n\t\t\t\tclass=\"frm_form_field form-field frm_form_subfield-first  frm6\"\n\t\t\t\tdata-sub-field-name=\"first\"\n\t\t\t>\n\t\t\t\t<label for=\"field_8w26_first\" class=\"frm_screen_reader frm_hidden\">\n\t\t\t\t\tF\u00f6rnamn\t\t\t\t<\/label>\n\n\t\t\t\t<input  type=\"text\" id=\"field_8w26_first\" value=\"\" name=\"item_meta[57][first]\" autocomplete=\"given-name\" data-reqmsg=\"Namn f\u00e5r inte vara tomt.\" aria-required=\"true\" data-invmsg=\"Namn \u00e4r ogiltigt\" aria-invalid=\"false\"  \/><div class=\"frm_description\" id=\"frm_field_57_first_desc\">F\u00f6rnamn<\/div>\t\t\t<\/div>\n\t\t\t\t\t\t<div\n\t\t\t\tid=\"frm_field_57-last_container\"\n\t\t\t\tclass=\"frm_form_field form-field frm_form_subfield-last  frm6\"\n\t\t\t\tdata-sub-field-name=\"last\"\n\t\t\t>\n\t\t\t\t<label for=\"field_8w26_last\" class=\"frm_screen_reader frm_hidden\">\n\t\t\t\t\tEfternamn\t\t\t\t<\/label>\n\n\t\t\t\t<input  type=\"text\" id=\"field_8w26_last\" value=\"\" name=\"item_meta[57][last]\" autocomplete=\"family-name\" data-reqmsg=\"Namn f\u00e5r inte vara tomt.\" aria-required=\"true\" data-invmsg=\"Namn \u00e4r ogiltigt\" aria-invalid=\"false\"  \/><div class=\"frm_description\" id=\"frm_field_57_last_desc\">Efternamn<\/div>\t\t\t<\/div>\n\t\t\t\t<\/div>\n<\/fieldset>\n\r\n    \r\n    \r\n<\/div>\n<div id=\"frm_field_58_container\" class=\"frm_form_field form-field  frm_required_field frm_top_container frm8 frm_first\">\r\n    <label for=\"field_sws51\" id=\"field_sws51_label\" class=\"frm_primary_label\">E-post\r\n        <span class=\"frm_required\" aria-hidden=\"true\">*<\/span>\r\n    <\/label>\r\n    <input type=\"email\" id=\"field_sws51\" name=\"item_meta[58]\" value=\"\"  data-reqmsg=\"E-post cannot be blank.\" aria-required=\"true\" data-invmsg=\"E-post \u00e4r ogiltigt\" aria-invalid=\"false\"  \/>\r\n    \r\n    \r\n<\/div>\n<div id=\"frm_field_59_container\" class=\"frm_form_field form-field  frm_top_container frm4\">\r\n\t<label for=\"field_7otqi\" id=\"field_7otqi_label\" class=\"frm_primary_label\">Ordernummer\r\n\t\t<span class=\"frm_required\" aria-hidden=\"true\"><\/span>\r\n\t<\/label>\r\n\t<input type=\"text\" id=\"field_7otqi\" name=\"item_meta[59]\" value=\"\"  data-invmsg=\"Ordernummer \u00e4r ogiltigt\" aria-invalid=\"false\"  \/>\r\n\t\r\n\t\r\n<\/div>\n<div id=\"frm_field_60_container\" class=\"frm_form_field form-field  frm_required_field frm_top_container frm_full\">\r\n    <label for=\"field_e6lis62\" id=\"field_e6lis62_label\" class=\"frm_primary_label\">\u00c4mne\r\n        <span class=\"frm_required\" aria-hidden=\"true\">*<\/span>\r\n    <\/label>\r\n    <input type=\"text\" id=\"field_e6lis62\" name=\"item_meta[60]\" value=\"\"  data-reqmsg=\"\u00c4mne cannot be blank.\" aria-required=\"true\" data-invmsg=\"Subject \u00e4r ogiltigt\" aria-invalid=\"false\"  \/>\r\n    \r\n    \r\n<\/div>\n<div id=\"frm_field_61_container\" class=\"frm_form_field form-field  frm_required_field frm_top_container frm_full\">\r\n    <label for=\"field_9jv0r12\" id=\"field_9jv0r12_label\" class=\"frm_primary_label\">Meddelande\r\n        <span class=\"frm_required\" aria-hidden=\"true\">*<\/span>\r\n    <\/label>\r\n    <textarea name=\"item_meta[61]\" id=\"field_9jv0r12\" rows=\"5\"  data-reqmsg=\"Meddelande cannot be blank.\" aria-required=\"true\" data-invmsg=\"Meddelande \u00e4r ogiltigt\" aria-invalid=\"false\"  ><\/textarea>\r\n    \r\n    \r\n<\/div>\n<div id=\"frm_field_62_container\" class=\"frm_form_field form-field  frm_required_field frm_none_container vertical_radio\">\r\n    <div  id=\"field_1v8d5_label\" class=\"frm_primary_label\">Integritetspolicy\r\n        <span class=\"frm_required\" aria-hidden=\"true\">*<\/span>\r\n    <\/div>\r\n    <div class=\"frm_opt_container\" aria-labelledby=\"field_1v8d5_label\" role=\"group\">\t\t<div class=\"frm_checkbox\" id=\"frm_checkbox_62-0\">\t\t\t<label  for=\"field_1v8d5-0\">\n\t\t\t<input type=\"checkbox\" name=\"item_meta[62][]\" id=\"field_1v8d5-0\" value=\"Genom att markera i den h\u00e4r rutan, godk\u00e4nner du v\u00e5ra &lt;a href=&quot;https:\/\/studioiniit.se\/sv\/allmanna-kopvillkor\/&quot;&gt;allm\u00e4nna villkor&lt;\/a&gt; och &lt;a href=&quot;https:\/\/studioiniit.se\/sv\/integritetspolicy\/&quot;&gt;integritetspolicy&lt;\/a&gt;.\"  data-reqmsg=\"Du m\u00e5ste acceptera f\u00f6r att forts\u00e4tta\" data-invmsg=\"Integritetspolicy \u00e4r ogiltigt\"   aria-required=\"true\"  \/> Genom att markera i den h\u00e4r rutan, godk\u00e4nner du v\u00e5ra <a href=\"https:\/\/studioiniit.se\/sv\/allmanna-kopvillkor\/\">allm\u00e4nna villkor<\/a> och <a href=\"https:\/\/studioiniit.se\/sv\/integritetspolicy\/\">integritetspolicy<\/a>.<\/label><\/div>\n<\/div>\r\n    <div class=\"frm_description\" id=\"frm_desc_field_1v8d5\">Du m\u00e5ste markera rutan f\u00f6r att skicka formul\u00e4ret.<\/div>\r\n    \r\n<\/div>\r\n<style>\r\n.with_frm_style .frm_checkbox label, .with_frm_style .frm_radio label{\r\n    display: block !important;\r\n    white-space: normal;\r\n  }\r\n<\/style>\n<div id=\"frm_field_63_container\" class=\"frm_form_field form-field  frm_none_container\">\r\n    <label for=\"g-recaptcha-response\" id=\"field_18btz_label\" class=\"frm_primary_label\">Captcha\r\n        <span class=\"frm_required\" aria-hidden=\"true\"><\/span>\r\n    <\/label>\r\n    <div  id=\"field_18btz\" class=\"frm-g-recaptcha\" data-sitekey=\"6LfVR9UnAAAAAAHU5u16gfWqQcROXgHV5fudMFEp\" data-size=\"invisible\" data-theme=\"light\"><\/div>\r\n    \r\n    \r\n<\/div>\n<div id=\"frm_field_64_container\" class=\"frm_form_field form-field \">\r\n\t<div class=\"frm_submit\">\r\n\r\n<button class=\"frm_button_submit\" type=\"submit\"  >Skicka<\/button>\r\n\r\n\r\n<\/div>\r\n<\/div>\n\t<input type=\"hidden\" name=\"item_key\" value=\"\" \/>\n\t\t\t<div id=\"frm_field_81_container\">\n\t\t\t<label for=\"field_dkyiz\" >\n\t\t\t\tOm du \u00e4r m\u00e4nsklig, l\u00e4mna det h\u00e4r f\u00e4ltet tomt.\t\t\t<\/label>\n\t\t\t<input  id=\"field_dkyiz\" type=\"text\" class=\"frm_form_field form-field frm_verify\" name=\"item_meta[81]\" value=\"\"  \/>\n\t\t<\/div>\n\t\t<input name=\"frm_state\" type=\"hidden\" value=\"yXgVi9xVwH9Ip0ZJ4JivlKkNbFzzXa7ofra+THXmC\/c=\" \/><\/div>\n<\/fieldset>\n<\/div>\n\n<\/form>\n<\/div>\n\t\t\t\t<\/div>\n\t\t\t\t<\/div>\n\t\t\t\t<\/div>\n\t\t\t\t<\/div>\n\t\t\t\t<\/div>\n\t\t\t\t\t<\/div>\n\t\t\t\t<\/div>\n\t\t\t\t<\/div>\n\t\t","protected":false},"excerpt":{"rendered":"<p>KONTAKTA OSS HAR DU N\u00c5GRA FR\u00c5GOR? Dela med dig av dina fr\u00e5gor, id\u00e9er eller f\u00f6rslag. Vi \u00e5terkommer till dig s\u00e5 snart som m\u00f6jligt. Kontakta oss Namn * Namn F\u00f6rnamn F\u00f6rnamn Efternamn Efternamn E-post * Ordernummer \u00c4mne * Meddelande * Integritetspolicy * Genom att markera i den h\u00e4r rutan, godk\u00e4nner du v\u00e5ra allm\u00e4nna villkor och integritetspolicy. &hellip; <\/p>\n<p class=\"link-more\"><a href=\"https:\/\/studioiniit.se\/sv\/kontakta-oss\/\" class=\"more-link\">L\u00e4s mer<span class=\"screen-reader-text\"> \u201dKontakta Oss\u201d<\/span><\/a><\/p>\n","protected":false},"author":1,"featured_media":10570,"parent":0,"menu_order":0,"comment_status":"closed","ping_status":"closed","template":"page-templates\/full-width-transparent.php","meta":{"inspiro_hide_title":false,"footnotes":""},"class_list":["post-7526","page","type-page","status-publish","has-post-thumbnail","hentry"],"yoast_head":"<!-- This site is optimized with the Yoast SEO plugin v27.5 - https:\/\/yoast.com\/product\/yoast-seo-wordpress\/ -->\n<title>Kontakta Oss - STUDIO INIIT<\/title>\n<meta name=\"description\" content=\"Har du en fr\u00e5ga eller vill du samarbeta med STUDIO INIIT? Kontakta oss f\u00f6r projektf\u00f6rfr\u00e5gningar, kreativa samarbeten eller allm\u00e4n support.\" \/>\n<meta name=\"robots\" content=\"index, follow, max-snippet:-1, max-image-preview:large, max-video-preview:-1\" \/>\n<link rel=\"canonical\" href=\"https:\/\/studioiniit.se\/sv\/kontakta-oss\/\" \/>\n<meta property=\"og:locale\" content=\"sv_SE\" \/>\n<meta property=\"og:type\" content=\"article\" \/>\n<meta property=\"og:title\" content=\"Kontakta Oss - STUDIO INIIT\" \/>\n<meta property=\"og:description\" content=\"Har du en fr\u00e5ga eller vill du samarbeta med STUDIO INIIT? Kontakta oss f\u00f6r projektf\u00f6rfr\u00e5gningar, kreativa samarbeten eller allm\u00e4n support.\" \/>\n<meta property=\"og:url\" content=\"https:\/\/studioiniit.se\/sv\/kontakta-oss\/\" \/>\n<meta property=\"og:site_name\" content=\"STUDIO INIIT\" \/>\n<meta property=\"article:publisher\" content=\"https:\/\/www.facebook.com\/studio.iniit\" \/>\n<meta property=\"article:modified_time\" content=\"2026-02-28T18:30:10+00:00\" \/>\n<meta property=\"og:image\" content=\"https:\/\/studioiniit.se\/sv\/wp-content\/uploads\/2026\/02\/contact-hero.webp\" \/>\n\t<meta property=\"og:image:width\" content=\"2000\" \/>\n\t<meta property=\"og:image:height\" content=\"1000\" \/>\n\t<meta property=\"og:image:type\" content=\"image\/webp\" \/>\n<meta name=\"twitter:card\" content=\"summary_large_image\" \/>\n<meta name=\"twitter:label1\" content=\"Ber\u00e4knad l\u00e4stid\" \/>\n\t<meta name=\"twitter:data1\" content=\"1 minut\" \/>\n<script type=\"application\/ld+json\" class=\"yoast-schema-graph\">{\"@context\":\"https:\\\/\\\/schema.org\",\"@graph\":[{\"@type\":[\"WebPage\",\"ContactPage\"],\"@id\":\"https:\\\/\\\/studioiniit.se\\\/sv\\\/kontakta-oss\\\/\",\"url\":\"https:\\\/\\\/studioiniit.se\\\/sv\\\/kontakta-oss\\\/\",\"name\":\"Kontakta Oss - STUDIO INIIT\",\"isPartOf\":{\"@id\":\"https:\\\/\\\/studioiniit.se\\\/sv\\\/#website\"},\"primaryImageOfPage\":{\"@id\":\"https:\\\/\\\/studioiniit.se\\\/sv\\\/kontakta-oss\\\/#primaryimage\"},\"image\":{\"@id\":\"https:\\\/\\\/studioiniit.se\\\/sv\\\/kontakta-oss\\\/#primaryimage\"},\"thumbnailUrl\":\"https:\\\/\\\/studioiniit.se\\\/sv\\\/wp-content\\\/uploads\\\/2026\\\/02\\\/contact-hero.webp\",\"datePublished\":\"2024-07-01T20:14:34+00:00\",\"dateModified\":\"2026-02-28T18:30:10+00:00\",\"description\":\"Har du en fr\u00e5ga eller vill du samarbeta med STUDIO INIIT? Kontakta oss f\u00f6r projektf\u00f6rfr\u00e5gningar, kreativa samarbeten eller allm\u00e4n support.\",\"breadcrumb\":{\"@id\":\"https:\\\/\\\/studioiniit.se\\\/sv\\\/kontakta-oss\\\/#breadcrumb\"},\"inLanguage\":\"sv-SE\",\"potentialAction\":[{\"@type\":\"ReadAction\",\"target\":[\"https:\\\/\\\/studioiniit.se\\\/sv\\\/kontakta-oss\\\/\"]}]},{\"@type\":\"ImageObject\",\"inLanguage\":\"sv-SE\",\"@id\":\"https:\\\/\\\/studioiniit.se\\\/sv\\\/kontakta-oss\\\/#primaryimage\",\"url\":\"https:\\\/\\\/studioiniit.se\\\/sv\\\/wp-content\\\/uploads\\\/2026\\\/02\\\/contact-hero.webp\",\"contentUrl\":\"https:\\\/\\\/studioiniit.se\\\/sv\\\/wp-content\\\/uploads\\\/2026\\\/02\\\/contact-hero.webp\",\"width\":2000,\"height\":1000,\"caption\":\"Platinum-inslagen present\"},{\"@type\":\"BreadcrumbList\",\"@id\":\"https:\\\/\\\/studioiniit.se\\\/sv\\\/kontakta-oss\\\/#breadcrumb\",\"itemListElement\":[{\"@type\":\"ListItem\",\"position\":1,\"name\":\"Home\",\"item\":\"https:\\\/\\\/studioiniit.se\\\/sv\\\/\"},{\"@type\":\"ListItem\",\"position\":2,\"name\":\"Kontakta Oss\"}]},{\"@type\":\"WebSite\",\"@id\":\"https:\\\/\\\/studioiniit.se\\\/sv\\\/#website\",\"url\":\"https:\\\/\\\/studioiniit.se\\\/sv\\\/\",\"name\":\"STUDIO INIIT\",\"description\":\"Create. Wrap. Love.\",\"publisher\":{\"@id\":\"https:\\\/\\\/studioiniit.se\\\/sv\\\/#organization\"},\"potentialAction\":[{\"@type\":\"SearchAction\",\"target\":{\"@type\":\"EntryPoint\",\"urlTemplate\":\"https:\\\/\\\/studioiniit.se\\\/sv\\\/?s={search_term_string}\"},\"query-input\":{\"@type\":\"PropertyValueSpecification\",\"valueRequired\":true,\"valueName\":\"search_term_string\"}}],\"inLanguage\":\"sv-SE\"},{\"@type\":\"Organization\",\"@id\":\"https:\\\/\\\/studioiniit.se\\\/sv\\\/#organization\",\"name\":\"STUDIO INIIT\",\"url\":\"https:\\\/\\\/studioiniit.se\\\/sv\\\/\",\"logo\":{\"@type\":\"ImageObject\",\"inLanguage\":\"sv-SE\",\"@id\":\"https:\\\/\\\/studioiniit.se\\\/sv\\\/#\\\/schema\\\/logo\\\/image\\\/\",\"url\":\"https:\\\/\\\/studioiniit.se\\\/sv\\\/wp-content\\\/uploads\\\/2024\\\/07\\\/logo-new.png\",\"contentUrl\":\"https:\\\/\\\/studioiniit.se\\\/sv\\\/wp-content\\\/uploads\\\/2024\\\/07\\\/logo-new.png\",\"width\":512,\"height\":512,\"caption\":\"STUDIO INIIT\"},\"image\":{\"@id\":\"https:\\\/\\\/studioiniit.se\\\/sv\\\/#\\\/schema\\\/logo\\\/image\\\/\"},\"sameAs\":[\"https:\\\/\\\/www.facebook.com\\\/studio.iniit\",\"https:\\\/\\\/instagram.com\\\/studio.iniit\"]}]}<\/script>\n<!-- \/ Yoast SEO plugin. -->","yoast_head_json":{"title":"Kontakta Oss - STUDIO INIIT","description":"Har du en fr\u00e5ga eller vill du samarbeta med STUDIO INIIT? Kontakta oss f\u00f6r projektf\u00f6rfr\u00e5gningar, kreativa samarbeten eller allm\u00e4n support.","robots":{"index":"index","follow":"follow","max-snippet":"max-snippet:-1","max-image-preview":"max-image-preview:large","max-video-preview":"max-video-preview:-1"},"canonical":"https:\/\/studioiniit.se\/sv\/kontakta-oss\/","og_locale":"sv_SE","og_type":"article","og_title":"Kontakta Oss - STUDIO INIIT","og_description":"Har du en fr\u00e5ga eller vill du samarbeta med STUDIO INIIT? Kontakta oss f\u00f6r projektf\u00f6rfr\u00e5gningar, kreativa samarbeten eller allm\u00e4n support.","og_url":"https:\/\/studioiniit.se\/sv\/kontakta-oss\/","og_site_name":"STUDIO INIIT","article_publisher":"https:\/\/www.facebook.com\/studio.iniit","article_modified_time":"2026-02-28T18:30:10+00:00","og_image":[{"width":2000,"height":1000,"url":"https:\/\/studioiniit.se\/sv\/wp-content\/uploads\/2026\/02\/contact-hero.webp","type":"image\/webp"}],"twitter_card":"summary_large_image","twitter_misc":{"Ber\u00e4knad l\u00e4stid":"1 minut"},"schema":{"@context":"https:\/\/schema.org","@graph":[{"@type":["WebPage","ContactPage"],"@id":"https:\/\/studioiniit.se\/sv\/kontakta-oss\/","url":"https:\/\/studioiniit.se\/sv\/kontakta-oss\/","name":"Kontakta Oss - STUDIO INIIT","isPartOf":{"@id":"https:\/\/studioiniit.se\/sv\/#website"},"primaryImageOfPage":{"@id":"https:\/\/studioiniit.se\/sv\/kontakta-oss\/#primaryimage"},"image":{"@id":"https:\/\/studioiniit.se\/sv\/kontakta-oss\/#primaryimage"},"thumbnailUrl":"https:\/\/studioiniit.se\/sv\/wp-content\/uploads\/2026\/02\/contact-hero.webp","datePublished":"2024-07-01T20:14:34+00:00","dateModified":"2026-02-28T18:30:10+00:00","description":"Har du en fr\u00e5ga eller vill du samarbeta med STUDIO INIIT? Kontakta oss f\u00f6r projektf\u00f6rfr\u00e5gningar, kreativa samarbeten eller allm\u00e4n support.","breadcrumb":{"@id":"https:\/\/studioiniit.se\/sv\/kontakta-oss\/#breadcrumb"},"inLanguage":"sv-SE","potentialAction":[{"@type":"ReadAction","target":["https:\/\/studioiniit.se\/sv\/kontakta-oss\/"]}]},{"@type":"ImageObject","inLanguage":"sv-SE","@id":"https:\/\/studioiniit.se\/sv\/kontakta-oss\/#primaryimage","url":"https:\/\/studioiniit.se\/sv\/wp-content\/uploads\/2026\/02\/contact-hero.webp","contentUrl":"https:\/\/studioiniit.se\/sv\/wp-content\/uploads\/2026\/02\/contact-hero.webp","width":2000,"height":1000,"caption":"Platinum-inslagen present"},{"@type":"BreadcrumbList","@id":"https:\/\/studioiniit.se\/sv\/kontakta-oss\/#breadcrumb","itemListElement":[{"@type":"ListItem","position":1,"name":"Home","item":"https:\/\/studioiniit.se\/sv\/"},{"@type":"ListItem","position":2,"name":"Kontakta Oss"}]},{"@type":"WebSite","@id":"https:\/\/studioiniit.se\/sv\/#website","url":"https:\/\/studioiniit.se\/sv\/","name":"STUDIO INIIT","description":"Create. Wrap. Love.","publisher":{"@id":"https:\/\/studioiniit.se\/sv\/#organization"},"potentialAction":[{"@type":"SearchAction","target":{"@type":"EntryPoint","urlTemplate":"https:\/\/studioiniit.se\/sv\/?s={search_term_string}"},"query-input":{"@type":"PropertyValueSpecification","valueRequired":true,"valueName":"search_term_string"}}],"inLanguage":"sv-SE"},{"@type":"Organization","@id":"https:\/\/studioiniit.se\/sv\/#organization","name":"STUDIO INIIT","url":"https:\/\/studioiniit.se\/sv\/","logo":{"@type":"ImageObject","inLanguage":"sv-SE","@id":"https:\/\/studioiniit.se\/sv\/#\/schema\/logo\/image\/","url":"https:\/\/studioiniit.se\/sv\/wp-content\/uploads\/2024\/07\/logo-new.png","contentUrl":"https:\/\/studioiniit.se\/sv\/wp-content\/uploads\/2024\/07\/logo-new.png","width":512,"height":512,"caption":"STUDIO INIIT"},"image":{"@id":"https:\/\/studioiniit.se\/sv\/#\/schema\/logo\/image\/"},"sameAs":["https:\/\/www.facebook.com\/studio.iniit","https:\/\/instagram.com\/studio.iniit"]}]}},"_links":{"self":[{"href":"https:\/\/studioiniit.se\/sv\/wp-json\/wp\/v2\/pages\/7526","targetHints":{"allow":["GET"]}}],"collection":[{"href":"https:\/\/studioiniit.se\/sv\/wp-json\/wp\/v2\/pages"}],"about":[{"href":"https:\/\/studioiniit.se\/sv\/wp-json\/wp\/v2\/types\/page"}],"author":[{"embeddable":true,"href":"https:\/\/studioiniit.se\/sv\/wp-json\/wp\/v2\/users\/1"}],"replies":[{"embeddable":true,"href":"https:\/\/studioiniit.se\/sv\/wp-json\/wp\/v2\/comments?post=7526"}],"version-history":[{"count":44,"href":"https:\/\/studioiniit.se\/sv\/wp-json\/wp\/v2\/pages\/7526\/revisions"}],"predecessor-version":[{"id":10625,"href":"https:\/\/studioiniit.se\/sv\/wp-json\/wp\/v2\/pages\/7526\/revisions\/10625"}],"wp:featuredmedia":[{"embeddable":true,"href":"https:\/\/studioiniit.se\/sv\/wp-json\/wp\/v2\/media\/10570"}],"wp:attachment":[{"href":"https:\/\/studioiniit.se\/sv\/wp-json\/wp\/v2\/media?parent=7526"}],"curies":[{"name":"wp","href":"https:\/\/api.w.org\/{rel}","templated":true}]}}