{"id":7479,"date":"2024-07-01T17:49:10","date_gmt":"2024-07-01T17:49:10","guid":{"rendered":"https:\/\/studioiniit.se\/\/sv-testingInsLite\/?page_id=7479"},"modified":"2026-02-28T20:29:44","modified_gmt":"2026-02-28T18:29:44","slug":"hur-det-fungerar","status":"publish","type":"page","link":"https:\/\/studioiniit.se\/sv\/hur-det-fungerar\/","title":{"rendered":"Hur Det Fungerar"},"content":{"rendered":"\t\t<div data-elementor-type=\"wp-post\" data-elementor-id=\"7479\" class=\"elementor elementor-7479\">\n\t\t\t\t<div class=\"elementor-element elementor-element-5b827ca2 e-con-full hero-secondary e-flex e-con e-parent\" data-id=\"5b827ca2\" data-element_type=\"container\" data-e-type=\"container\">\n\t\t\t\t<div class=\"elementor-element elementor-element-4baff29 elementor-absolute elementor-widget elementor-widget-image\" data-id=\"4baff29\" data-element_type=\"widget\" data-e-type=\"widget\" data-settings=\"{&quot;_position&quot;:&quot;absolute&quot;}\" data-widget_type=\"image.default\">\n\t\t\t\t<div class=\"elementor-widget-container\">\n\t\t\t\t\t\t\t\t\t\t\t\t\t\t\t<img fetchpriority=\"high\" decoding=\"async\" width=\"2000\" height=\"1000\" src=\"https:\/\/studioiniit.se\/sv\/wp-content\/uploads\/2026\/02\/how_it_works-hero.webp\" class=\"attachment-full size-full wp-image-10579\" alt=\"\" srcset=\"https:\/\/studioiniit.se\/sv\/wp-content\/uploads\/2026\/02\/how_it_works-hero.webp 2000w, https:\/\/studioiniit.se\/sv\/wp-content\/uploads\/2026\/02\/how_it_works-hero-300x150.webp 300w, https:\/\/studioiniit.se\/sv\/wp-content\/uploads\/2026\/02\/how_it_works-hero-1024x512.webp 1024w, https:\/\/studioiniit.se\/sv\/wp-content\/uploads\/2026\/02\/how_it_works-hero-1536x768.webp 1536w\" sizes=\"100vw\" \/>\t\t\t\t\t\t\t\t\t\t\t\t\t\t\t<\/div>\n\t\t\t\t<\/div>\n\t\t<div class=\"elementor-element elementor-element-7a202b84 e-con-full e-flex e-con e-child\" data-id=\"7a202b84\" data-element_type=\"container\" data-e-type=\"container\">\n\t\t<div class=\"elementor-element elementor-element-2b38e2c e-con-full e-flex e-con e-child\" data-id=\"2b38e2c\" data-element_type=\"container\" data-e-type=\"container\">\n\t\t\t\t<div class=\"elementor-element elementor-element-69eaabd8 elementor-widget elementor-widget-heading\" data-id=\"69eaabd8\" data-element_type=\"widget\" data-e-type=\"widget\" data-widget_type=\"heading.default\">\n\t\t\t\t<div class=\"elementor-widget-container\">\n\t\t\t\t\t<h1 class=\"elementor-heading-title elementor-size-default\">HUR DET FUNGERAR<\/h1>\t\t\t\t<\/div>\n\t\t\t\t<\/div>\n\t\t\t\t<\/div>\n\t\t\t\t<\/div>\n\t\t\t\t<\/div>\n\t\t<div class=\"elementor-element elementor-element-78f96561 e-flex e-con-boxed e-con e-parent\" data-id=\"78f96561\" data-element_type=\"container\" data-e-type=\"container\" data-settings=\"{&quot;background_background&quot;:&quot;classic&quot;}\">\n\t\t\t\t\t<div class=\"e-con-inner\">\n\t\t<div class=\"elementor-element elementor-element-63ac6203 e-con-full e-flex e-con e-child\" data-id=\"63ac6203\" data-element_type=\"container\" data-e-type=\"container\">\n\t\t\t\t<div class=\"elementor-element elementor-element-4a59f08c elementor-widget elementor-widget-heading\" data-id=\"4a59f08c\" data-element_type=\"widget\" data-e-type=\"widget\" data-widget_type=\"heading.default\">\n\t\t\t\t<div class=\"elementor-widget-container\">\n\t\t\t\t\t<h2 class=\"elementor-heading-title elementor-size-default\">ENKELT OCH BEKV\u00c4MTENT<\/h2>\t\t\t\t<\/div>\n\t\t\t\t<\/div>\n\t\t<div class=\"elementor-element elementor-element-4cfa53f7 e-con-full e-flex e-con e-child\" data-id=\"4cfa53f7\" data-element_type=\"container\" data-e-type=\"container\">\n\t\t<div class=\"elementor-element elementor-element-2413ec9 e-con-full e-flex e-con e-child\" data-id=\"2413ec9\" data-element_type=\"container\" data-e-type=\"container\">\n\t\t\t\t<div class=\"elementor-element elementor-element-b822bbc elementor-widget elementor-widget-text-editor\" data-id=\"b822bbc\" data-element_type=\"widget\" data-e-type=\"widget\" data-widget_type=\"text-editor.default\">\n\t\t\t\t<div class=\"elementor-widget-container\">\n\t\t\t\t\t\t\t\t\t<div class=\"wp-block-column is-layout-flow wp-block-column-is-layout-flow\"><p>Vi har gjort v\u00e5r tj\u00e4nst enkel, flexibel och personligt anpassad. S\u00e5 h\u00e4r f\u00f6rvandlar vi dina g\u00e5vor till minnesv\u00e4rda stunder.<\/p><p>Uppt\u00e4ck v\u00e5ra <a href=\"https:\/\/studioiniit.se\/sv\/presentinslagning-tjanster\/foretagspresenter\/\" target=\"_blank\" rel=\"noopener\">g\u00e5vol\u00f6sningar f\u00f6r f\u00f6retag,<\/a>\u00a0perfekt f\u00f6r st\u00f6rre best\u00e4llningar och f\u00f6retagsg\u00e5vor.<\/p><\/div>\t\t\t\t\t\t\t\t<\/div>\n\t\t\t\t<\/div>\n\t\t\t\t<div class=\"elementor-element elementor-element-109ee943 elementor-widget-divider--view-line elementor-widget elementor-widget-divider\" data-id=\"109ee943\" data-element_type=\"widget\" data-e-type=\"widget\" data-widget_type=\"divider.default\">\n\t\t\t\t<div class=\"elementor-widget-container\">\n\t\t\t\t\t\t\t<div class=\"elementor-divider\">\n\t\t\t<span class=\"elementor-divider-separator\">\n\t\t\t\t\t\t<\/span>\n\t\t<\/div>\n\t\t\t\t\t\t<\/div>\n\t\t\t\t<\/div>\n\t\t\t\t<\/div>\n\t\t\t\t<\/div>\n\t\t\t\t<\/div>\n\t\t\t\t\t<\/div>\n\t\t\t\t<\/div>\n\t\t<div class=\"elementor-element elementor-element-3d44fad2 e-flex e-con-boxed e-con e-parent\" data-id=\"3d44fad2\" data-element_type=\"container\" data-e-type=\"container\">\n\t\t\t\t\t<div class=\"e-con-inner\">\n\t\t<div class=\"elementor-element elementor-element-696f29fe e-con-full e-flex e-con e-child\" data-id=\"696f29fe\" data-element_type=\"container\" data-e-type=\"container\">\n\t\t<div class=\"elementor-element elementor-element-47d1d38 e-con-full e-flex e-con e-child\" data-id=\"47d1d38\" data-element_type=\"container\" data-e-type=\"container\">\n\t\t\t\t<div class=\"elementor-element elementor-element-b8b1fa9 elementor-view-framed elementor-shape-circle elementor-widget elementor-widget-icon\" data-id=\"b8b1fa9\" data-element_type=\"widget\" data-e-type=\"widget\" data-widget_type=\"icon.default\">\n\t\t\t\t<div class=\"elementor-widget-container\">\n\t\t\t\t\t\t\t<div class=\"elementor-icon-wrapper\">\n\t\t\t<div class=\"elementor-icon\">\n\t\t\t<svg xmlns=\"http:\/\/www.w3.org\/2000\/svg\" viewBox=\"0 0 256 512\"><path fill=\"#a0825a\" d=\"M160 64c0-11.8-6.5-22.6-16.9-28.2s-23-5-32.8 1.6l-96 64C-.5 111.2-4.4 131 5.4 145.8s29.7 18.7 44.4 8.9L96 123.8V416H32c-17.7 0-32 14.3-32 32s14.3 32 32 32h96 96c17.7 0 32-14.3 32-32s-14.3-32-32-32H160V64z\"><\/path><\/svg>\t\t\t<\/div>\n\t\t<\/div>\n\t\t\t\t\t\t<\/div>\n\t\t\t\t<\/div>\n\t\t\t\t<\/div>\n\t\t<div class=\"elementor-element elementor-element-54262ab e-con-full e-flex e-con e-child\" data-id=\"54262ab\" data-element_type=\"container\" data-e-type=\"container\">\n\t\t\t\t<div class=\"elementor-element elementor-element-b34470a elementor-widget elementor-widget-heading\" data-id=\"b34470a\" data-element_type=\"widget\" data-e-type=\"widget\" data-widget_type=\"heading.default\">\n\t\t\t\t<div class=\"elementor-widget-container\">\n\t\t\t\t\t<h4 class=\"elementor-heading-title elementor-size-default\">Allt b\u00f6rjar med din ber\u00e4ttelse<\/h4>\t\t\t\t<\/div>\n\t\t\t\t<\/div>\n\t\t\t\t<div class=\"elementor-element elementor-element-fb1e2da elementor-widget elementor-widget-text-editor\" data-id=\"fb1e2da\" data-element_type=\"widget\" data-e-type=\"widget\" data-widget_type=\"text-editor.default\">\n\t\t\t\t<div class=\"elementor-widget-container\">\n\t\t\t\t\t\t\t\t\t<p><a href=\"https:\/\/studioiniit.se\/sv\/begar-en-offert\/\" target=\"_blank\" rel=\"noopener\">Ber\u00e4tta<\/a> om tillf\u00e4llet, mottagaren eller k\u00e4nslan du vill f\u00f6rmedla. Vi skapar en inslagningsupplevelse som speglar just din tanke.<\/p>\t\t\t\t\t\t\t\t<\/div>\n\t\t\t\t<\/div>\n\t\t\t\t<\/div>\n\t\t\t\t<\/div>\n\t\t<div class=\"elementor-element elementor-element-f4387fa e-con-full e-flex e-con e-child\" data-id=\"f4387fa\" data-element_type=\"container\" data-e-type=\"container\">\n\t\t<div class=\"elementor-element elementor-element-74d8bbd e-con-full e-flex e-con e-child\" data-id=\"74d8bbd\" data-element_type=\"container\" data-e-type=\"container\">\n\t\t\t\t<div class=\"elementor-element elementor-element-ebe7b8d elementor-view-framed elementor-shape-circle elementor-widget elementor-widget-icon\" data-id=\"ebe7b8d\" data-element_type=\"widget\" data-e-type=\"widget\" data-widget_type=\"icon.default\">\n\t\t\t\t<div class=\"elementor-widget-container\">\n\t\t\t\t\t\t\t<div class=\"elementor-icon-wrapper\">\n\t\t\t<div class=\"elementor-icon\">\n\t\t\t<svg xmlns=\"http:\/\/www.w3.org\/2000\/svg\" viewBox=\"0 0 320 512\"><path fill=\"#a0825a\" d=\"M142.9 96c-21.5 0-42.2 8.5-57.4 23.8L54.6 150.6c-12.5 12.5-32.8 12.5-45.3 0s-12.5-32.8 0-45.3L40.2 74.5C67.5 47.3 104.4 32 142.9 32C223 32 288 97 288 177.1c0 38.5-15.3 75.4-42.5 102.6L109.3 416H288c17.7 0 32 14.3 32 32s-14.3 32-32 32H32c-12.9 0-24.6-7.8-29.6-19.8s-2.2-25.7 6.9-34.9L200.2 234.5c15.2-15.2 23.8-35.9 23.8-57.4c0-44.8-36.3-81.1-81.1-81.1z\"><\/path><\/svg>\t\t\t<\/div>\n\t\t<\/div>\n\t\t\t\t\t\t<\/div>\n\t\t\t\t<\/div>\n\t\t\t\t<\/div>\n\t\t<div class=\"elementor-element elementor-element-c393d0b e-con-full e-flex e-con e-child\" data-id=\"c393d0b\" data-element_type=\"container\" data-e-type=\"container\">\n\t\t\t\t<div class=\"elementor-element elementor-element-cf04ffc elementor-widget elementor-widget-heading\" data-id=\"cf04ffc\" data-element_type=\"widget\" data-e-type=\"widget\" data-widget_type=\"heading.default\">\n\t\t\t\t<div class=\"elementor-widget-container\">\n\t\t\t\t\t<h4 class=\"elementor-heading-title elementor-size-default\">V\u00e4lj din stil<\/h4>\t\t\t\t<\/div>\n\t\t\t\t<\/div>\n\t\t\t\t<div class=\"elementor-element elementor-element-536f6ab elementor-widget elementor-widget-text-editor\" data-id=\"536f6ab\" data-element_type=\"widget\" data-e-type=\"widget\" data-widget_type=\"text-editor.default\">\n\t\t\t\t<div class=\"elementor-widget-container\">\n\t\t\t\t\t\t\t\t\t<p>G\u00f6r inslagningen personlig eller l\u00e4mna det till oss. Bl\u00e4ddra i v\u00e5rt <a href=\"https:\/\/studioiniit.se\/sv\/galleri\/\" target=\"_blank\" rel=\"noopener\">Galleri<\/a> eller p\u00e5 <a href=\"https:\/\/www.instagram.com\/studio.iniit\/\" target=\"_blank\" rel=\"nofollow noopener\">Instagram<\/a> f\u00f6r inspiration, eller v\u00e4lj fr\u00e5n v\u00e5ra kollektioner:<\/p><ul><li><a href=\"https:\/\/studioiniit.se\/sv\/priser\/classic-elegance\/\" target=\"_blank\" rel=\"noopener\">Klassisk elegans:<\/a>\u00a0tidl\u00f6sa, enkla och fina inslagningar.<\/li><li><a href=\"https:\/\/studioiniit.se\/sv\/priser\/platinum-elegance\/\" target=\"_blank\" rel=\"noopener\">Platinum elegans:<\/a> lyxiga och uttrycksfulla detaljer.<\/li><\/ul><p>\u00c4r du os\u00e4ker? Vi hj\u00e4lper dig g\u00e4rna att v\u00e4lja eller skapar en helt skr\u00e4ddarsydd inslagning efter dina \u00f6nskem\u00e5l.<\/p>\t\t\t\t\t\t\t\t<\/div>\n\t\t\t\t<\/div>\n\t\t\t\t<\/div>\n\t\t\t\t<\/div>\n\t\t<div class=\"elementor-element elementor-element-14c96bb e-con-full e-flex e-con e-child\" data-id=\"14c96bb\" data-element_type=\"container\" data-e-type=\"container\">\n\t\t<div class=\"elementor-element elementor-element-db252e2 e-con-full e-flex e-con e-child\" data-id=\"db252e2\" data-element_type=\"container\" data-e-type=\"container\">\n\t\t\t\t<div class=\"elementor-element elementor-element-6eeeab4 elementor-view-framed elementor-shape-circle elementor-widget elementor-widget-icon\" data-id=\"6eeeab4\" data-element_type=\"widget\" data-e-type=\"widget\" data-widget_type=\"icon.default\">\n\t\t\t\t<div class=\"elementor-widget-container\">\n\t\t\t\t\t\t\t<div class=\"elementor-icon-wrapper\">\n\t\t\t<div class=\"elementor-icon\">\n\t\t\t<svg xmlns=\"http:\/\/www.w3.org\/2000\/svg\" viewBox=\"0 0 320 512\"><path fill=\"#a0825a\" d=\"M0 64C0 46.3 14.3 32 32 32H272c13.2 0 25 8.1 29.8 20.4s1.5 26.3-8.2 35.2L162.3 208H184c75.1 0 136 60.9 136 136s-60.9 136-136 136H105.4C63 480 24.2 456 5.3 418.1l-1.9-3.8c-7.9-15.8-1.5-35 14.3-42.9s35-1.5 42.9 14.3l1.9 3.8c8.1 16.3 24.8 26.5 42.9 26.5H184c39.8 0 72-32.2 72-72s-32.2-72-72-72H80c-13.2 0-25-8.1-29.8-20.4s-1.5-26.3 8.2-35.2L189.7 96H32C14.3 96 0 81.7 0 64z\"><\/path><\/svg>\t\t\t<\/div>\n\t\t<\/div>\n\t\t\t\t\t\t<\/div>\n\t\t\t\t<\/div>\n\t\t\t\t<\/div>\n\t\t<div class=\"elementor-element elementor-element-fe78f89 e-con-full e-flex e-con e-child\" data-id=\"fe78f89\" data-element_type=\"container\" data-e-type=\"container\">\n\t\t\t\t<div class=\"elementor-element elementor-element-fc6042d elementor-widget elementor-widget-heading\" data-id=\"fc6042d\" data-element_type=\"widget\" data-e-type=\"widget\" data-widget_type=\"heading.default\">\n\t\t\t\t<div class=\"elementor-widget-container\">\n\t\t\t\t\t<h4 class=\"elementor-heading-title elementor-size-default\">Omsorgsfullt inslaget<\/h4>\t\t\t\t<\/div>\n\t\t\t\t<\/div>\n\t\t\t\t<div class=\"elementor-element elementor-element-1602522 elementor-widget elementor-widget-text-editor\" data-id=\"1602522\" data-element_type=\"widget\" data-e-type=\"widget\" data-widget_type=\"text-editor.default\">\n\t\t\t\t<div class=\"elementor-widget-container\">\n\t\t\t\t\t\t\t\t\t<p>N\u00e4r vi f\u00e5tt dina g\u00e5vor sl\u00e5r vi in dem varsamt och med omsorg.<\/p><p>Vanlig leveranstid \u00e4r 2\u20134 arbetsdagar, beroende p\u00e5 efterfr\u00e5gan och s\u00e4song.<br \/>Beh\u00f6ver du det snabbt? Fr\u00e5ga oss om expressinslagning samma dag (i m\u00e5n av tillg\u00e5ng).<\/p><p>Du kan l\u00e4mna g\u00e5vorna sj\u00e4lv, skicka dem med bud eller anv\u00e4nda v\u00e5r smidiga upph\u00e4mtnings- och returtj\u00e4nst, vad som passar dig b\u00e4st.<\/p>\t\t\t\t\t\t\t\t<\/div>\n\t\t\t\t<\/div>\n\t\t\t\t<\/div>\n\t\t\t\t<\/div>\n\t\t\t\t\t<\/div>\n\t\t\t\t<\/div>\n\t\t\t\t<\/div>\n\t\t","protected":false},"excerpt":{"rendered":"<p>HUR DET FUNGERAR ENKELT OCH BEKV\u00c4MTENT Vi har gjort v\u00e5r tj\u00e4nst enkel, flexibel och personligt anpassad. S\u00e5 h\u00e4r f\u00f6rvandlar vi dina g\u00e5vor till minnesv\u00e4rda stunder. Uppt\u00e4ck v\u00e5ra g\u00e5vol\u00f6sningar f\u00f6r f\u00f6retag,\u00a0perfekt f\u00f6r st\u00f6rre best\u00e4llningar och f\u00f6retagsg\u00e5vor. Allt b\u00f6rjar med din ber\u00e4ttelse Ber\u00e4tta om tillf\u00e4llet, mottagaren eller k\u00e4nslan du vill f\u00f6rmedla. Vi skapar en inslagningsupplevelse som speglar &hellip; <\/p>\n<p class=\"link-more\"><a href=\"https:\/\/studioiniit.se\/sv\/hur-det-fungerar\/\" class=\"more-link\">L\u00e4s mer<span class=\"screen-reader-text\"> \u201dHur Det Fungerar\u201d<\/span><\/a><\/p>\n","protected":false},"author":1,"featured_media":10579,"parent":0,"menu_order":0,"comment_status":"closed","ping_status":"closed","template":"page-templates\/full-width-transparent.php","meta":{"inspiro_hide_title":false,"footnotes":""},"class_list":["post-7479","page","type-page","status-publish","has-post-thumbnail","hentry"],"yoast_head":"<!-- This site is optimized with the Yoast SEO plugin v27.5 - https:\/\/yoast.com\/product\/yoast-seo-wordpress\/ -->\n<title>Hur Det Fungerar - STUDIO INIIT<\/title>\n<meta name=\"description\" content=\"S\u00e5 fungerar det: enkelt och smidigt. Skapa en design, samla presenterna, sl\u00e5 in dem varsamt och leverera tillbaka. Allt omslag \u00e4r handgjort.\" \/>\n<meta name=\"robots\" content=\"index, follow, max-snippet:-1, max-image-preview:large, max-video-preview:-1\" \/>\n<link rel=\"canonical\" href=\"https:\/\/studioiniit.se\/sv\/hur-det-fungerar\/\" \/>\n<meta property=\"og:locale\" content=\"sv_SE\" \/>\n<meta property=\"og:type\" content=\"article\" \/>\n<meta property=\"og:title\" content=\"Hur Det Fungerar - STUDIO INIIT\" \/>\n<meta property=\"og:description\" content=\"S\u00e5 fungerar det: enkelt och smidigt. Skapa en design, samla presenterna, sl\u00e5 in dem varsamt och leverera tillbaka. Allt omslag \u00e4r handgjort.\" \/>\n<meta property=\"og:url\" content=\"https:\/\/studioiniit.se\/sv\/hur-det-fungerar\/\" \/>\n<meta property=\"og:site_name\" content=\"STUDIO INIIT\" \/>\n<meta property=\"article:publisher\" content=\"https:\/\/www.facebook.com\/studio.iniit\" \/>\n<meta property=\"article:modified_time\" content=\"2026-02-28T18:29:44+00:00\" \/>\n<meta property=\"og:image\" content=\"https:\/\/studioiniit.se\/sv\/wp-content\/uploads\/2026\/02\/how_it_works-hero.webp\" \/>\n\t<meta property=\"og:image:width\" content=\"2000\" \/>\n\t<meta property=\"og:image:height\" content=\"1000\" \/>\n\t<meta property=\"og:image:type\" content=\"image\/webp\" \/>\n<meta name=\"twitter:card\" content=\"summary_large_image\" \/>\n<meta name=\"twitter:label1\" content=\"Ber\u00e4knad l\u00e4stid\" \/>\n\t<meta name=\"twitter:data1\" content=\"2 minuter\" \/>\n<script type=\"application\/ld+json\" class=\"yoast-schema-graph\">{\"@context\":\"https:\\\/\\\/schema.org\",\"@graph\":[{\"@type\":\"WebPage\",\"@id\":\"https:\\\/\\\/studioiniit.se\\\/sv\\\/hur-det-fungerar\\\/\",\"url\":\"https:\\\/\\\/studioiniit.se\\\/sv\\\/hur-det-fungerar\\\/\",\"name\":\"Hur Det Fungerar - STUDIO INIIT\",\"isPartOf\":{\"@id\":\"https:\\\/\\\/studioiniit.se\\\/sv\\\/#website\"},\"primaryImageOfPage\":{\"@id\":\"https:\\\/\\\/studioiniit.se\\\/sv\\\/hur-det-fungerar\\\/#primaryimage\"},\"image\":{\"@id\":\"https:\\\/\\\/studioiniit.se\\\/sv\\\/hur-det-fungerar\\\/#primaryimage\"},\"thumbnailUrl\":\"https:\\\/\\\/studioiniit.se\\\/sv\\\/wp-content\\\/uploads\\\/2026\\\/02\\\/how_it_works-hero.webp\",\"datePublished\":\"2024-07-01T17:49:10+00:00\",\"dateModified\":\"2026-02-28T18:29:44+00:00\",\"description\":\"S\u00e5 fungerar det: enkelt och smidigt. Skapa en design, samla presenterna, sl\u00e5 in dem varsamt och leverera tillbaka. Allt omslag \u00e4r handgjort.\",\"breadcrumb\":{\"@id\":\"https:\\\/\\\/studioiniit.se\\\/sv\\\/hur-det-fungerar\\\/#breadcrumb\"},\"inLanguage\":\"sv-SE\",\"potentialAction\":[{\"@type\":\"ReadAction\",\"target\":[\"https:\\\/\\\/studioiniit.se\\\/sv\\\/hur-det-fungerar\\\/\"]}]},{\"@type\":\"ImageObject\",\"inLanguage\":\"sv-SE\",\"@id\":\"https:\\\/\\\/studioiniit.se\\\/sv\\\/hur-det-fungerar\\\/#primaryimage\",\"url\":\"https:\\\/\\\/studioiniit.se\\\/sv\\\/wp-content\\\/uploads\\\/2026\\\/02\\\/how_it_works-hero.webp\",\"contentUrl\":\"https:\\\/\\\/studioiniit.se\\\/sv\\\/wp-content\\\/uploads\\\/2026\\\/02\\\/how_it_works-hero.webp\",\"width\":2000,\"height\":1000},{\"@type\":\"BreadcrumbList\",\"@id\":\"https:\\\/\\\/studioiniit.se\\\/sv\\\/hur-det-fungerar\\\/#breadcrumb\",\"itemListElement\":[{\"@type\":\"ListItem\",\"position\":1,\"name\":\"Home\",\"item\":\"https:\\\/\\\/studioiniit.se\\\/sv\\\/\"},{\"@type\":\"ListItem\",\"position\":2,\"name\":\"Hur Det Fungerar\"}]},{\"@type\":\"WebSite\",\"@id\":\"https:\\\/\\\/studioiniit.se\\\/sv\\\/#website\",\"url\":\"https:\\\/\\\/studioiniit.se\\\/sv\\\/\",\"name\":\"STUDIO INIIT\",\"description\":\"Create. Wrap. Love.\",\"publisher\":{\"@id\":\"https:\\\/\\\/studioiniit.se\\\/sv\\\/#organization\"},\"potentialAction\":[{\"@type\":\"SearchAction\",\"target\":{\"@type\":\"EntryPoint\",\"urlTemplate\":\"https:\\\/\\\/studioiniit.se\\\/sv\\\/?s={search_term_string}\"},\"query-input\":{\"@type\":\"PropertyValueSpecification\",\"valueRequired\":true,\"valueName\":\"search_term_string\"}}],\"inLanguage\":\"sv-SE\"},{\"@type\":\"Organization\",\"@id\":\"https:\\\/\\\/studioiniit.se\\\/sv\\\/#organization\",\"name\":\"STUDIO INIIT\",\"url\":\"https:\\\/\\\/studioiniit.se\\\/sv\\\/\",\"logo\":{\"@type\":\"ImageObject\",\"inLanguage\":\"sv-SE\",\"@id\":\"https:\\\/\\\/studioiniit.se\\\/sv\\\/#\\\/schema\\\/logo\\\/image\\\/\",\"url\":\"https:\\\/\\\/studioiniit.se\\\/sv\\\/wp-content\\\/uploads\\\/2024\\\/07\\\/logo-new.png\",\"contentUrl\":\"https:\\\/\\\/studioiniit.se\\\/sv\\\/wp-content\\\/uploads\\\/2024\\\/07\\\/logo-new.png\",\"width\":512,\"height\":512,\"caption\":\"STUDIO INIIT\"},\"image\":{\"@id\":\"https:\\\/\\\/studioiniit.se\\\/sv\\\/#\\\/schema\\\/logo\\\/image\\\/\"},\"sameAs\":[\"https:\\\/\\\/www.facebook.com\\\/studio.iniit\",\"https:\\\/\\\/instagram.com\\\/studio.iniit\"]}]}<\/script>\n<!-- \/ Yoast SEO plugin. -->","yoast_head_json":{"title":"Hur Det Fungerar - STUDIO INIIT","description":"S\u00e5 fungerar det: enkelt och smidigt. Skapa en design, samla presenterna, sl\u00e5 in dem varsamt och leverera tillbaka. Allt omslag \u00e4r handgjort.","robots":{"index":"index","follow":"follow","max-snippet":"max-snippet:-1","max-image-preview":"max-image-preview:large","max-video-preview":"max-video-preview:-1"},"canonical":"https:\/\/studioiniit.se\/sv\/hur-det-fungerar\/","og_locale":"sv_SE","og_type":"article","og_title":"Hur Det Fungerar - STUDIO INIIT","og_description":"S\u00e5 fungerar det: enkelt och smidigt. Skapa en design, samla presenterna, sl\u00e5 in dem varsamt och leverera tillbaka. Allt omslag \u00e4r handgjort.","og_url":"https:\/\/studioiniit.se\/sv\/hur-det-fungerar\/","og_site_name":"STUDIO INIIT","article_publisher":"https:\/\/www.facebook.com\/studio.iniit","article_modified_time":"2026-02-28T18:29:44+00:00","og_image":[{"width":2000,"height":1000,"url":"https:\/\/studioiniit.se\/sv\/wp-content\/uploads\/2026\/02\/how_it_works-hero.webp","type":"image\/webp"}],"twitter_card":"summary_large_image","twitter_misc":{"Ber\u00e4knad l\u00e4stid":"2 minuter"},"schema":{"@context":"https:\/\/schema.org","@graph":[{"@type":"WebPage","@id":"https:\/\/studioiniit.se\/sv\/hur-det-fungerar\/","url":"https:\/\/studioiniit.se\/sv\/hur-det-fungerar\/","name":"Hur Det Fungerar - STUDIO INIIT","isPartOf":{"@id":"https:\/\/studioiniit.se\/sv\/#website"},"primaryImageOfPage":{"@id":"https:\/\/studioiniit.se\/sv\/hur-det-fungerar\/#primaryimage"},"image":{"@id":"https:\/\/studioiniit.se\/sv\/hur-det-fungerar\/#primaryimage"},"thumbnailUrl":"https:\/\/studioiniit.se\/sv\/wp-content\/uploads\/2026\/02\/how_it_works-hero.webp","datePublished":"2024-07-01T17:49:10+00:00","dateModified":"2026-02-28T18:29:44+00:00","description":"S\u00e5 fungerar det: enkelt och smidigt. Skapa en design, samla presenterna, sl\u00e5 in dem varsamt och leverera tillbaka. Allt omslag \u00e4r handgjort.","breadcrumb":{"@id":"https:\/\/studioiniit.se\/sv\/hur-det-fungerar\/#breadcrumb"},"inLanguage":"sv-SE","potentialAction":[{"@type":"ReadAction","target":["https:\/\/studioiniit.se\/sv\/hur-det-fungerar\/"]}]},{"@type":"ImageObject","inLanguage":"sv-SE","@id":"https:\/\/studioiniit.se\/sv\/hur-det-fungerar\/#primaryimage","url":"https:\/\/studioiniit.se\/sv\/wp-content\/uploads\/2026\/02\/how_it_works-hero.webp","contentUrl":"https:\/\/studioiniit.se\/sv\/wp-content\/uploads\/2026\/02\/how_it_works-hero.webp","width":2000,"height":1000},{"@type":"BreadcrumbList","@id":"https:\/\/studioiniit.se\/sv\/hur-det-fungerar\/#breadcrumb","itemListElement":[{"@type":"ListItem","position":1,"name":"Home","item":"https:\/\/studioiniit.se\/sv\/"},{"@type":"ListItem","position":2,"name":"Hur Det Fungerar"}]},{"@type":"WebSite","@id":"https:\/\/studioiniit.se\/sv\/#website","url":"https:\/\/studioiniit.se\/sv\/","name":"STUDIO INIIT","description":"Create. Wrap. Love.","publisher":{"@id":"https:\/\/studioiniit.se\/sv\/#organization"},"potentialAction":[{"@type":"SearchAction","target":{"@type":"EntryPoint","urlTemplate":"https:\/\/studioiniit.se\/sv\/?s={search_term_string}"},"query-input":{"@type":"PropertyValueSpecification","valueRequired":true,"valueName":"search_term_string"}}],"inLanguage":"sv-SE"},{"@type":"Organization","@id":"https:\/\/studioiniit.se\/sv\/#organization","name":"STUDIO INIIT","url":"https:\/\/studioiniit.se\/sv\/","logo":{"@type":"ImageObject","inLanguage":"sv-SE","@id":"https:\/\/studioiniit.se\/sv\/#\/schema\/logo\/image\/","url":"https:\/\/studioiniit.se\/sv\/wp-content\/uploads\/2024\/07\/logo-new.png","contentUrl":"https:\/\/studioiniit.se\/sv\/wp-content\/uploads\/2024\/07\/logo-new.png","width":512,"height":512,"caption":"STUDIO INIIT"},"image":{"@id":"https:\/\/studioiniit.se\/sv\/#\/schema\/logo\/image\/"},"sameAs":["https:\/\/www.facebook.com\/studio.iniit","https:\/\/instagram.com\/studio.iniit"]}]}},"_links":{"self":[{"href":"https:\/\/studioiniit.se\/sv\/wp-json\/wp\/v2\/pages\/7479","targetHints":{"allow":["GET"]}}],"collection":[{"href":"https:\/\/studioiniit.se\/sv\/wp-json\/wp\/v2\/pages"}],"about":[{"href":"https:\/\/studioiniit.se\/sv\/wp-json\/wp\/v2\/types\/page"}],"author":[{"embeddable":true,"href":"https:\/\/studioiniit.se\/sv\/wp-json\/wp\/v2\/users\/1"}],"replies":[{"embeddable":true,"href":"https:\/\/studioiniit.se\/sv\/wp-json\/wp\/v2\/comments?post=7479"}],"version-history":[{"count":79,"href":"https:\/\/studioiniit.se\/sv\/wp-json\/wp\/v2\/pages\/7479\/revisions"}],"predecessor-version":[{"id":10622,"href":"https:\/\/studioiniit.se\/sv\/wp-json\/wp\/v2\/pages\/7479\/revisions\/10622"}],"wp:featuredmedia":[{"embeddable":true,"href":"https:\/\/studioiniit.se\/sv\/wp-json\/wp\/v2\/media\/10579"}],"wp:attachment":[{"href":"https:\/\/studioiniit.se\/sv\/wp-json\/wp\/v2\/media?parent=7479"}],"curies":[{"name":"wp","href":"https:\/\/api.w.org\/{rel}","templated":true}]}}