{"id":7440,"date":"2024-07-01T12:06:54","date_gmt":"2024-07-01T12:06:54","guid":{"rendered":"https:\/\/studioiniit.se\/\/sv-testingInsLite\/?page_id=7440"},"modified":"2026-02-28T20:38:28","modified_gmt":"2026-02-28T18:38:28","slug":"mediareklam-skyltfonster","status":"publish","type":"page","link":"https:\/\/studioiniit.se\/sv\/presentinslagning-tjanster\/mediareklam-skyltfonster\/","title":{"rendered":"Mediareklam &#038; Skyltf\u00f6nster"},"content":{"rendered":"\t\t<div data-elementor-type=\"wp-post\" data-elementor-id=\"7440\" class=\"elementor elementor-7440\">\n\t\t\t\t<div class=\"elementor-element elementor-element-1a50fc05 e-con-full hero-secondary e-flex e-con e-parent\" data-id=\"1a50fc05\" data-element_type=\"container\" data-e-type=\"container\">\n\t\t\t\t<div class=\"elementor-element elementor-element-cf1ef28 elementor-absolute elementor-widget elementor-widget-image\" data-id=\"cf1ef28\" data-element_type=\"widget\" data-e-type=\"widget\" data-settings=\"{&quot;_position&quot;:&quot;absolute&quot;}\" data-widget_type=\"image.default\">\n\t\t\t\t<div class=\"elementor-widget-container\">\n\t\t\t\t\t\t\t\t\t\t\t\t\t\t\t<img fetchpriority=\"high\" decoding=\"async\" width=\"2000\" height=\"1000\" src=\"https:\/\/studioiniit.se\/sv\/wp-content\/uploads\/2026\/02\/media_retail-hero.webp\" class=\"attachment-full size-full wp-image-10647\" alt=\"F\u00e4rgglada presentinslagna presenter p\u00e5 v\u00e4gghyllor f\u00f6r butiksdisplay\" srcset=\"https:\/\/studioiniit.se\/sv\/wp-content\/uploads\/2026\/02\/media_retail-hero.webp 2000w, https:\/\/studioiniit.se\/sv\/wp-content\/uploads\/2026\/02\/media_retail-hero-300x150.webp 300w, https:\/\/studioiniit.se\/sv\/wp-content\/uploads\/2026\/02\/media_retail-hero-1024x512.webp 1024w, https:\/\/studioiniit.se\/sv\/wp-content\/uploads\/2026\/02\/media_retail-hero-1536x768.webp 1536w\" sizes=\"100vw\" \/>\t\t\t\t\t\t\t\t\t\t\t\t\t\t\t<\/div>\n\t\t\t\t<\/div>\n\t\t<div class=\"elementor-element elementor-element-63c8b53c e-con-full e-flex e-con e-child\" data-id=\"63c8b53c\" data-element_type=\"container\" data-e-type=\"container\">\n\t\t<div class=\"elementor-element elementor-element-744989f0 e-con-full e-flex e-con e-child\" data-id=\"744989f0\" data-element_type=\"container\" data-e-type=\"container\">\n\t\t\t\t<div class=\"elementor-element elementor-element-e0c244d elementor-widget elementor-widget-heading\" data-id=\"e0c244d\" data-element_type=\"widget\" data-e-type=\"widget\" data-widget_type=\"heading.default\">\n\t\t\t\t<div class=\"elementor-widget-container\">\n\t\t\t\t\t<h1 class=\"elementor-heading-title elementor-size-default\">REKLAM &amp; SKYLTF\u00d6NSTER<\/h1>\t\t\t\t<\/div>\n\t\t\t\t<\/div>\n\t\t\t\t<\/div>\n\t\t\t\t<\/div>\n\t\t\t\t<\/div>\n\t\t<div class=\"elementor-element elementor-element-247c4c5f e-flex e-con-boxed e-con e-parent\" data-id=\"247c4c5f\" data-element_type=\"container\" data-e-type=\"container\" data-settings=\"{&quot;background_background&quot;:&quot;classic&quot;}\">\n\t\t\t\t\t<div class=\"e-con-inner\">\n\t\t<div class=\"elementor-element elementor-element-30c164f e-con-full e-flex e-con e-child\" data-id=\"30c164f\" data-element_type=\"container\" data-e-type=\"container\">\n\t\t<div class=\"elementor-element elementor-element-f2b424c e-con-full e-flex e-con e-child\" data-id=\"f2b424c\" data-element_type=\"container\" data-e-type=\"container\">\n\t\t\t\t<div class=\"elementor-element elementor-element-4072e29 elementor-widget elementor-widget-heading\" data-id=\"4072e29\" data-element_type=\"widget\" data-e-type=\"widget\" data-widget_type=\"heading.default\">\n\t\t\t\t<div class=\"elementor-widget-container\">\n\t\t\t\t\t<h2 class=\"elementor-heading-title elementor-size-default\">ETT BILD S\u00c4GER MER \u00c4N TUSEN ORD<\/h2>\t\t\t\t<\/div>\n\t\t\t\t<\/div>\n\t\t\t\t<div class=\"elementor-element elementor-element-4c6eac9 elementor-widget elementor-widget-text-editor\" data-id=\"4c6eac9\" data-element_type=\"widget\" data-e-type=\"widget\" data-widget_type=\"text-editor.default\">\n\t\t\t\t<div class=\"elementor-widget-container\">\n\t\t\t\t\t\t\t\t\t<p>TV\/Film sets, Filminspelningar, Tidningsfotograferingar, Hotell<\/p>\t\t\t\t\t\t\t\t<\/div>\n\t\t\t\t<\/div>\n\t\t\t\t<div class=\"elementor-element elementor-element-b119233 elementor-widget-divider--view-line elementor-widget elementor-widget-divider\" data-id=\"b119233\" data-element_type=\"widget\" data-e-type=\"widget\" data-widget_type=\"divider.default\">\n\t\t\t\t<div class=\"elementor-widget-container\">\n\t\t\t\t\t\t\t<div class=\"elementor-divider\">\n\t\t\t<span class=\"elementor-divider-separator\">\n\t\t\t\t\t\t<\/span>\n\t\t<\/div>\n\t\t\t\t\t\t<\/div>\n\t\t\t\t<\/div>\n\t\t\t\t<\/div>\n\t\t<div class=\"elementor-element elementor-element-3c977983 e-con-full e-flex e-con e-child\" data-id=\"3c977983\" data-element_type=\"container\" data-e-type=\"container\">\n\t\t<div class=\"elementor-element elementor-element-2223497d e-con-full e-flex e-con e-child\" data-id=\"2223497d\" data-element_type=\"container\" data-e-type=\"container\">\n\t\t\t\t<div class=\"elementor-element elementor-element-4404603d elementor-widget elementor-widget-text-editor\" data-id=\"4404603d\" data-element_type=\"widget\" data-e-type=\"widget\" data-widget_type=\"text-editor.default\">\n\t\t\t\t<div class=\"elementor-widget-container\">\n\t\t\t\t\t\t\t\t\t<div class=\"wp-block-column is-layout-flow wp-block-column-is-layout-flow\"><p class=\"has-text-align-left\">Att sticka ut p\u00e5 en konkurrensutsatt marknad och visa upp det unika med dina produkter \u00e4r viktigt. Vi kan hj\u00e4lpa dig att f\u00f6rb\u00e4ttra din produktpresentation och butiksvisningar genom att skapa personliga, i\u00f6gonfallande och exklusiva f\u00f6rpackningar.<\/p><\/div>\t\t\t\t\t\t\t\t<\/div>\n\t\t\t\t<\/div>\n\t\t\t\t<\/div>\n\t\t\t\t<\/div>\n\t\t\t\t<\/div>\n\t\t\t\t\t<\/div>\n\t\t\t\t<\/div>\n\t\t<div class=\"elementor-element elementor-element-47f84602 e-flex e-con-boxed e-con e-parent\" data-id=\"47f84602\" data-element_type=\"container\" data-e-type=\"container\">\n\t\t\t\t\t<div class=\"e-con-inner\">\n\t\t<div class=\"elementor-element elementor-element-62538e89 e-con-full e-flex e-con e-child\" data-id=\"62538e89\" data-element_type=\"container\" data-e-type=\"container\">\n\t\t\t\t<div class=\"elementor-element elementor-element-7078f471 elementor-align-right elementor-widget elementor-widget-button\" data-id=\"7078f471\" data-element_type=\"widget\" data-e-type=\"widget\" data-widget_type=\"button.default\">\n\t\t\t\t<div class=\"elementor-widget-container\">\n\t\t\t\t\t\t\t\t\t<div class=\"elementor-button-wrapper\">\n\t\t\t\t\t<a class=\"elementor-button elementor-button-link elementor-size-md\" href=\"https:\/\/studioiniit.se\/sv\/begar-en-offert\/\" id=\"requestQuote\">\n\t\t\t\t\t\t<span class=\"elementor-button-content-wrapper\">\n\t\t\t\t\t\t\t\t\t<span class=\"elementor-button-text\">Beg\u00e4r en offert<\/span>\n\t\t\t\t\t<\/span>\n\t\t\t\t\t<\/a>\n\t\t\t\t<\/div>\n\t\t\t\t\t\t\t\t<\/div>\n\t\t\t\t<\/div>\n\t\t\t\t<\/div>\n\t\t<div class=\"elementor-element elementor-element-3a1aeea0 e-con-full e-flex e-con e-child\" data-id=\"3a1aeea0\" data-element_type=\"container\" data-e-type=\"container\">\n\t\t<div class=\"elementor-element elementor-element-10e698ad e-con-full e-flex e-con e-child\" data-id=\"10e698ad\" data-element_type=\"container\" data-e-type=\"container\" data-settings=\"{&quot;background_background&quot;:&quot;classic&quot;}\">\n\t\t\t\t<div class=\"elementor-element elementor-element-dd14a57 elementor-widget elementor-widget-image\" data-id=\"dd14a57\" data-element_type=\"widget\" data-e-type=\"widget\" data-widget_type=\"image.default\">\n\t\t\t\t<div class=\"elementor-widget-container\">\n\t\t\t\t\t\t\t\t\t\t\t\t\t\t\t<img decoding=\"async\" width=\"600\" height=\"960\" src=\"https:\/\/studioiniit.se\/sv\/wp-content\/uploads\/2024\/07\/Display_600-1.webp\" class=\"attachment-full size-full wp-image-9103\" alt=\"\" srcset=\"https:\/\/studioiniit.se\/sv\/wp-content\/uploads\/2024\/07\/Display_600-1.webp 600w, https:\/\/studioiniit.se\/sv\/wp-content\/uploads\/2024\/07\/Display_600-1-188x300.webp 188w\" sizes=\"100vw\" \/>\t\t\t\t\t\t\t\t\t\t\t\t\t\t\t<\/div>\n\t\t\t\t<\/div>\n\t\t\t\t<\/div>\n\t\t<div class=\"elementor-element elementor-element-5aaea5c3 e-con-full e-flex e-con e-child\" data-id=\"5aaea5c3\" data-element_type=\"container\" data-e-type=\"container\" data-settings=\"{&quot;background_background&quot;:&quot;classic&quot;}\">\n\t\t\t\t<div class=\"elementor-element elementor-element-298ca8f elementor-widget elementor-widget-image\" data-id=\"298ca8f\" data-element_type=\"widget\" data-e-type=\"widget\" data-widget_type=\"image.default\">\n\t\t\t\t<div class=\"elementor-widget-container\">\n\t\t\t\t\t\t\t\t\t\t\t\t\t\t\t<img decoding=\"async\" width=\"600\" height=\"960\" src=\"https:\/\/studioiniit.se\/sv\/wp-content\/uploads\/2024\/07\/Display_600-2.webp\" class=\"attachment-full size-full wp-image-9104\" alt=\"\" srcset=\"https:\/\/studioiniit.se\/sv\/wp-content\/uploads\/2024\/07\/Display_600-2.webp 600w, https:\/\/studioiniit.se\/sv\/wp-content\/uploads\/2024\/07\/Display_600-2-188x300.webp 188w\" sizes=\"100vw\" \/>\t\t\t\t\t\t\t\t\t\t\t\t\t\t\t<\/div>\n\t\t\t\t<\/div>\n\t\t\t\t<\/div>\n\t\t<div class=\"elementor-element elementor-element-2c713935 e-con-full e-flex e-con e-child\" data-id=\"2c713935\" data-element_type=\"container\" data-e-type=\"container\" data-settings=\"{&quot;background_background&quot;:&quot;classic&quot;}\">\n\t\t\t\t<div class=\"elementor-element elementor-element-62523e5 elementor-widget elementor-widget-image\" data-id=\"62523e5\" data-element_type=\"widget\" data-e-type=\"widget\" data-widget_type=\"image.default\">\n\t\t\t\t<div class=\"elementor-widget-container\">\n\t\t\t\t\t\t\t\t\t\t\t\t\t\t\t<img loading=\"lazy\" decoding=\"async\" width=\"600\" height=\"960\" src=\"https:\/\/studioiniit.se\/sv\/wp-content\/uploads\/2024\/07\/Display_600-3.webp\" class=\"attachment-full size-full wp-image-9105\" alt=\"\" srcset=\"https:\/\/studioiniit.se\/sv\/wp-content\/uploads\/2024\/07\/Display_600-3.webp 600w, https:\/\/studioiniit.se\/sv\/wp-content\/uploads\/2024\/07\/Display_600-3-188x300.webp 188w\" sizes=\"100vw\" \/>\t\t\t\t\t\t\t\t\t\t\t\t\t\t\t<\/div>\n\t\t\t\t<\/div>\n\t\t\t\t<\/div>\n\t\t\t\t<\/div>\n\t\t\t\t\t<\/div>\n\t\t\t\t<\/div>\n\t\t\t\t<\/div>\n\t\t","protected":false},"excerpt":{"rendered":"<p>REKLAM &amp; SKYLTF\u00d6NSTER ETT BILD S\u00c4GER MER \u00c4N TUSEN ORD TV\/Film sets, Filminspelningar, Tidningsfotograferingar, Hotell Att sticka ut p\u00e5 en konkurrensutsatt marknad och visa upp det unika med dina produkter \u00e4r viktigt. Vi kan hj\u00e4lpa dig att f\u00f6rb\u00e4ttra din produktpresentation och butiksvisningar genom att skapa personliga, i\u00f6gonfallande och exklusiva f\u00f6rpackningar. Beg\u00e4r en offert<\/p>\n","protected":false},"author":1,"featured_media":10647,"parent":6801,"menu_order":0,"comment_status":"closed","ping_status":"closed","template":"page-templates\/full-width-transparent.php","meta":{"inspiro_hide_title":false,"footnotes":""},"class_list":["post-7440","page","type-page","status-publish","has-post-thumbnail","hentry"],"yoast_head":"<!-- This site is optimized with the Yoast SEO plugin v27.5 - https:\/\/yoast.com\/product\/yoast-seo-wordpress\/ -->\n<title>Mediareklam &amp; Skyltf\u00f6nster - STUDIO INIIT<\/title>\n<meta name=\"description\" content=\"Presenter och vackra objekt elegant inslagna f\u00f6r reklam, fotograferingar, butiksf\u00f6nster, tidningar, TV, eller hotell f\u00f6r att sticka ut.\" \/>\n<meta name=\"robots\" content=\"index, follow, max-snippet:-1, max-image-preview:large, max-video-preview:-1\" \/>\n<link rel=\"canonical\" href=\"https:\/\/studioiniit.se\/sv\/presentinslagning-tjanster\/mediareklam-skyltfonster\/\" \/>\n<meta property=\"og:locale\" content=\"sv_SE\" \/>\n<meta property=\"og:type\" content=\"article\" \/>\n<meta property=\"og:title\" content=\"Mediareklam &amp; Skyltf\u00f6nster - STUDIO INIIT\" \/>\n<meta property=\"og:description\" content=\"Presenter och vackra objekt elegant inslagna f\u00f6r reklam, fotograferingar, butiksf\u00f6nster, tidningar, TV, eller hotell f\u00f6r att sticka ut.\" \/>\n<meta property=\"og:url\" content=\"https:\/\/studioiniit.se\/sv\/presentinslagning-tjanster\/mediareklam-skyltfonster\/\" \/>\n<meta property=\"og:site_name\" content=\"STUDIO INIIT\" \/>\n<meta property=\"article:publisher\" content=\"https:\/\/www.facebook.com\/studio.iniit\" \/>\n<meta property=\"article:modified_time\" content=\"2026-02-28T18:38:28+00:00\" \/>\n<meta property=\"og:image\" content=\"https:\/\/studioiniit.se\/sv\/wp-content\/uploads\/2026\/02\/media_retail-hero.webp\" \/>\n\t<meta property=\"og:image:width\" content=\"2000\" \/>\n\t<meta property=\"og:image:height\" content=\"1000\" \/>\n\t<meta property=\"og:image:type\" content=\"image\/webp\" \/>\n<meta name=\"twitter:card\" content=\"summary_large_image\" \/>\n<meta name=\"twitter:label1\" content=\"Ber\u00e4knad l\u00e4stid\" \/>\n\t<meta name=\"twitter:data1\" content=\"2 minuter\" \/>\n<script type=\"application\/ld+json\" class=\"yoast-schema-graph\">{\"@context\":\"https:\\\/\\\/schema.org\",\"@graph\":[{\"@type\":\"WebPage\",\"@id\":\"https:\\\/\\\/studioiniit.se\\\/sv\\\/presentinslagning-tjanster\\\/mediareklam-skyltfonster\\\/\",\"url\":\"https:\\\/\\\/studioiniit.se\\\/sv\\\/presentinslagning-tjanster\\\/mediareklam-skyltfonster\\\/\",\"name\":\"Mediareklam & Skyltf\u00f6nster - STUDIO INIIT\",\"isPartOf\":{\"@id\":\"https:\\\/\\\/studioiniit.se\\\/sv\\\/#website\"},\"primaryImageOfPage\":{\"@id\":\"https:\\\/\\\/studioiniit.se\\\/sv\\\/presentinslagning-tjanster\\\/mediareklam-skyltfonster\\\/#primaryimage\"},\"image\":{\"@id\":\"https:\\\/\\\/studioiniit.se\\\/sv\\\/presentinslagning-tjanster\\\/mediareklam-skyltfonster\\\/#primaryimage\"},\"thumbnailUrl\":\"https:\\\/\\\/studioiniit.se\\\/sv\\\/wp-content\\\/uploads\\\/2026\\\/02\\\/media_retail-hero.webp\",\"datePublished\":\"2024-07-01T12:06:54+00:00\",\"dateModified\":\"2026-02-28T18:38:28+00:00\",\"description\":\"Presenter och vackra objekt elegant inslagna f\u00f6r reklam, fotograferingar, butiksf\u00f6nster, tidningar, TV, eller hotell f\u00f6r att sticka ut.\",\"breadcrumb\":{\"@id\":\"https:\\\/\\\/studioiniit.se\\\/sv\\\/presentinslagning-tjanster\\\/mediareklam-skyltfonster\\\/#breadcrumb\"},\"inLanguage\":\"sv-SE\",\"potentialAction\":[{\"@type\":\"ReadAction\",\"target\":[\"https:\\\/\\\/studioiniit.se\\\/sv\\\/presentinslagning-tjanster\\\/mediareklam-skyltfonster\\\/\"]}]},{\"@type\":\"ImageObject\",\"inLanguage\":\"sv-SE\",\"@id\":\"https:\\\/\\\/studioiniit.se\\\/sv\\\/presentinslagning-tjanster\\\/mediareklam-skyltfonster\\\/#primaryimage\",\"url\":\"https:\\\/\\\/studioiniit.se\\\/sv\\\/wp-content\\\/uploads\\\/2026\\\/02\\\/media_retail-hero.webp\",\"contentUrl\":\"https:\\\/\\\/studioiniit.se\\\/sv\\\/wp-content\\\/uploads\\\/2026\\\/02\\\/media_retail-hero.webp\",\"width\":2000,\"height\":1000,\"caption\":\"F\u00e4rgglada presentinslagna presenter p\u00e5 v\u00e4gghyllor f\u00f6r butiksdisplay\"},{\"@type\":\"BreadcrumbList\",\"@id\":\"https:\\\/\\\/studioiniit.se\\\/sv\\\/presentinslagning-tjanster\\\/mediareklam-skyltfonster\\\/#breadcrumb\",\"itemListElement\":[{\"@type\":\"ListItem\",\"position\":1,\"name\":\"Home\",\"item\":\"https:\\\/\\\/studioiniit.se\\\/sv\\\/\"},{\"@type\":\"ListItem\",\"position\":2,\"name\":\"Presentinslagningstj\u00e4nster\",\"item\":\"https:\\\/\\\/studioiniit.se\\\/sv\\\/presentinslagning-tjanster\\\/\"},{\"@type\":\"ListItem\",\"position\":3,\"name\":\"Mediareklam &#038; Skyltf\u00f6nster\"}]},{\"@type\":\"WebSite\",\"@id\":\"https:\\\/\\\/studioiniit.se\\\/sv\\\/#website\",\"url\":\"https:\\\/\\\/studioiniit.se\\\/sv\\\/\",\"name\":\"STUDIO INIIT\",\"description\":\"Create. Wrap. Love.\",\"publisher\":{\"@id\":\"https:\\\/\\\/studioiniit.se\\\/sv\\\/#organization\"},\"potentialAction\":[{\"@type\":\"SearchAction\",\"target\":{\"@type\":\"EntryPoint\",\"urlTemplate\":\"https:\\\/\\\/studioiniit.se\\\/sv\\\/?s={search_term_string}\"},\"query-input\":{\"@type\":\"PropertyValueSpecification\",\"valueRequired\":true,\"valueName\":\"search_term_string\"}}],\"inLanguage\":\"sv-SE\"},{\"@type\":\"Organization\",\"@id\":\"https:\\\/\\\/studioiniit.se\\\/sv\\\/#organization\",\"name\":\"STUDIO INIIT\",\"url\":\"https:\\\/\\\/studioiniit.se\\\/sv\\\/\",\"logo\":{\"@type\":\"ImageObject\",\"inLanguage\":\"sv-SE\",\"@id\":\"https:\\\/\\\/studioiniit.se\\\/sv\\\/#\\\/schema\\\/logo\\\/image\\\/\",\"url\":\"https:\\\/\\\/studioiniit.se\\\/sv\\\/wp-content\\\/uploads\\\/2024\\\/07\\\/logo-new.png\",\"contentUrl\":\"https:\\\/\\\/studioiniit.se\\\/sv\\\/wp-content\\\/uploads\\\/2024\\\/07\\\/logo-new.png\",\"width\":512,\"height\":512,\"caption\":\"STUDIO INIIT\"},\"image\":{\"@id\":\"https:\\\/\\\/studioiniit.se\\\/sv\\\/#\\\/schema\\\/logo\\\/image\\\/\"},\"sameAs\":[\"https:\\\/\\\/www.facebook.com\\\/studio.iniit\",\"https:\\\/\\\/instagram.com\\\/studio.iniit\"]}]}<\/script>\n<!-- \/ Yoast SEO plugin. -->","yoast_head_json":{"title":"Mediareklam & Skyltf\u00f6nster - STUDIO INIIT","description":"Presenter och vackra objekt elegant inslagna f\u00f6r reklam, fotograferingar, butiksf\u00f6nster, tidningar, TV, eller hotell f\u00f6r att sticka ut.","robots":{"index":"index","follow":"follow","max-snippet":"max-snippet:-1","max-image-preview":"max-image-preview:large","max-video-preview":"max-video-preview:-1"},"canonical":"https:\/\/studioiniit.se\/sv\/presentinslagning-tjanster\/mediareklam-skyltfonster\/","og_locale":"sv_SE","og_type":"article","og_title":"Mediareklam & Skyltf\u00f6nster - STUDIO INIIT","og_description":"Presenter och vackra objekt elegant inslagna f\u00f6r reklam, fotograferingar, butiksf\u00f6nster, tidningar, TV, eller hotell f\u00f6r att sticka ut.","og_url":"https:\/\/studioiniit.se\/sv\/presentinslagning-tjanster\/mediareklam-skyltfonster\/","og_site_name":"STUDIO INIIT","article_publisher":"https:\/\/www.facebook.com\/studio.iniit","article_modified_time":"2026-02-28T18:38:28+00:00","og_image":[{"width":2000,"height":1000,"url":"https:\/\/studioiniit.se\/sv\/wp-content\/uploads\/2026\/02\/media_retail-hero.webp","type":"image\/webp"}],"twitter_card":"summary_large_image","twitter_misc":{"Ber\u00e4knad l\u00e4stid":"2 minuter"},"schema":{"@context":"https:\/\/schema.org","@graph":[{"@type":"WebPage","@id":"https:\/\/studioiniit.se\/sv\/presentinslagning-tjanster\/mediareklam-skyltfonster\/","url":"https:\/\/studioiniit.se\/sv\/presentinslagning-tjanster\/mediareklam-skyltfonster\/","name":"Mediareklam & Skyltf\u00f6nster - STUDIO INIIT","isPartOf":{"@id":"https:\/\/studioiniit.se\/sv\/#website"},"primaryImageOfPage":{"@id":"https:\/\/studioiniit.se\/sv\/presentinslagning-tjanster\/mediareklam-skyltfonster\/#primaryimage"},"image":{"@id":"https:\/\/studioiniit.se\/sv\/presentinslagning-tjanster\/mediareklam-skyltfonster\/#primaryimage"},"thumbnailUrl":"https:\/\/studioiniit.se\/sv\/wp-content\/uploads\/2026\/02\/media_retail-hero.webp","datePublished":"2024-07-01T12:06:54+00:00","dateModified":"2026-02-28T18:38:28+00:00","description":"Presenter och vackra objekt elegant inslagna f\u00f6r reklam, fotograferingar, butiksf\u00f6nster, tidningar, TV, eller hotell f\u00f6r att sticka ut.","breadcrumb":{"@id":"https:\/\/studioiniit.se\/sv\/presentinslagning-tjanster\/mediareklam-skyltfonster\/#breadcrumb"},"inLanguage":"sv-SE","potentialAction":[{"@type":"ReadAction","target":["https:\/\/studioiniit.se\/sv\/presentinslagning-tjanster\/mediareklam-skyltfonster\/"]}]},{"@type":"ImageObject","inLanguage":"sv-SE","@id":"https:\/\/studioiniit.se\/sv\/presentinslagning-tjanster\/mediareklam-skyltfonster\/#primaryimage","url":"https:\/\/studioiniit.se\/sv\/wp-content\/uploads\/2026\/02\/media_retail-hero.webp","contentUrl":"https:\/\/studioiniit.se\/sv\/wp-content\/uploads\/2026\/02\/media_retail-hero.webp","width":2000,"height":1000,"caption":"F\u00e4rgglada presentinslagna presenter p\u00e5 v\u00e4gghyllor f\u00f6r butiksdisplay"},{"@type":"BreadcrumbList","@id":"https:\/\/studioiniit.se\/sv\/presentinslagning-tjanster\/mediareklam-skyltfonster\/#breadcrumb","itemListElement":[{"@type":"ListItem","position":1,"name":"Home","item":"https:\/\/studioiniit.se\/sv\/"},{"@type":"ListItem","position":2,"name":"Presentinslagningstj\u00e4nster","item":"https:\/\/studioiniit.se\/sv\/presentinslagning-tjanster\/"},{"@type":"ListItem","position":3,"name":"Mediareklam &#038; Skyltf\u00f6nster"}]},{"@type":"WebSite","@id":"https:\/\/studioiniit.se\/sv\/#website","url":"https:\/\/studioiniit.se\/sv\/","name":"STUDIO INIIT","description":"Create. Wrap. Love.","publisher":{"@id":"https:\/\/studioiniit.se\/sv\/#organization"},"potentialAction":[{"@type":"SearchAction","target":{"@type":"EntryPoint","urlTemplate":"https:\/\/studioiniit.se\/sv\/?s={search_term_string}"},"query-input":{"@type":"PropertyValueSpecification","valueRequired":true,"valueName":"search_term_string"}}],"inLanguage":"sv-SE"},{"@type":"Organization","@id":"https:\/\/studioiniit.se\/sv\/#organization","name":"STUDIO INIIT","url":"https:\/\/studioiniit.se\/sv\/","logo":{"@type":"ImageObject","inLanguage":"sv-SE","@id":"https:\/\/studioiniit.se\/sv\/#\/schema\/logo\/image\/","url":"https:\/\/studioiniit.se\/sv\/wp-content\/uploads\/2024\/07\/logo-new.png","contentUrl":"https:\/\/studioiniit.se\/sv\/wp-content\/uploads\/2024\/07\/logo-new.png","width":512,"height":512,"caption":"STUDIO INIIT"},"image":{"@id":"https:\/\/studioiniit.se\/sv\/#\/schema\/logo\/image\/"},"sameAs":["https:\/\/www.facebook.com\/studio.iniit","https:\/\/instagram.com\/studio.iniit"]}]}},"_links":{"self":[{"href":"https:\/\/studioiniit.se\/sv\/wp-json\/wp\/v2\/pages\/7440","targetHints":{"allow":["GET"]}}],"collection":[{"href":"https:\/\/studioiniit.se\/sv\/wp-json\/wp\/v2\/pages"}],"about":[{"href":"https:\/\/studioiniit.se\/sv\/wp-json\/wp\/v2\/types\/page"}],"author":[{"embeddable":true,"href":"https:\/\/studioiniit.se\/sv\/wp-json\/wp\/v2\/users\/1"}],"replies":[{"embeddable":true,"href":"https:\/\/studioiniit.se\/sv\/wp-json\/wp\/v2\/comments?post=7440"}],"version-history":[{"count":79,"href":"https:\/\/studioiniit.se\/sv\/wp-json\/wp\/v2\/pages\/7440\/revisions"}],"predecessor-version":[{"id":10654,"href":"https:\/\/studioiniit.se\/sv\/wp-json\/wp\/v2\/pages\/7440\/revisions\/10654"}],"up":[{"embeddable":true,"href":"https:\/\/studioiniit.se\/sv\/wp-json\/wp\/v2\/pages\/6801"}],"wp:featuredmedia":[{"embeddable":true,"href":"https:\/\/studioiniit.se\/sv\/wp-json\/wp\/v2\/media\/10647"}],"wp:attachment":[{"href":"https:\/\/studioiniit.se\/sv\/wp-json\/wp\/v2\/media?parent=7440"}],"curies":[{"name":"wp","href":"https:\/\/api.w.org\/{rel}","templated":true}]}}