{"id":7435,"date":"2024-07-01T12:02:49","date_gmt":"2024-07-01T12:02:49","guid":{"rendered":"https:\/\/studioiniit.se\/\/sv-testingInsLite\/?page_id=7435"},"modified":"2026-02-28T20:39:00","modified_gmt":"2026-02-28T18:39:00","slug":"speciella-gavor","status":"publish","type":"page","link":"https:\/\/studioiniit.se\/sv\/presentinslagning-tjanster\/speciella-gavor\/","title":{"rendered":"Speciella G\u00e5vor"},"content":{"rendered":"\t\t<div data-elementor-type=\"wp-post\" data-elementor-id=\"7435\" class=\"elementor elementor-7435\">\n\t\t\t\t<div class=\"elementor-element elementor-element-3ce54082 e-con-full hero-secondary e-flex e-con e-parent\" data-id=\"3ce54082\" data-element_type=\"container\" data-e-type=\"container\">\n\t\t\t\t<div class=\"elementor-element elementor-element-01cce0c elementor-absolute elementor-widget elementor-widget-image\" data-id=\"01cce0c\" data-element_type=\"widget\" data-e-type=\"widget\" data-settings=\"{&quot;_position&quot;:&quot;absolute&quot;}\" data-widget_type=\"image.default\">\n\t\t\t\t<div class=\"elementor-widget-container\">\n\t\t\t\t\t\t\t\t\t\t\t\t\t\t\t<img fetchpriority=\"high\" decoding=\"async\" width=\"2000\" height=\"1000\" src=\"https:\/\/studioiniit.se\/sv\/wp-content\/uploads\/2026\/02\/special_gifts-hero.webp\" class=\"attachment-full size-full wp-image-10527\" alt=\"Elegant inslagen ljusrosa present\" srcset=\"https:\/\/studioiniit.se\/sv\/wp-content\/uploads\/2026\/02\/special_gifts-hero.webp 2000w, https:\/\/studioiniit.se\/sv\/wp-content\/uploads\/2026\/02\/special_gifts-hero-300x150.webp 300w, https:\/\/studioiniit.se\/sv\/wp-content\/uploads\/2026\/02\/special_gifts-hero-1024x512.webp 1024w, https:\/\/studioiniit.se\/sv\/wp-content\/uploads\/2026\/02\/special_gifts-hero-1536x768.webp 1536w\" sizes=\"100vw\" \/>\t\t\t\t\t\t\t\t\t\t\t\t\t\t\t<\/div>\n\t\t\t\t<\/div>\n\t\t<div class=\"elementor-element elementor-element-2059d7c1 e-con-full e-flex e-con e-child\" data-id=\"2059d7c1\" data-element_type=\"container\" data-e-type=\"container\">\n\t\t<div class=\"elementor-element elementor-element-2622a08e e-con-full e-flex e-con e-child\" data-id=\"2622a08e\" data-element_type=\"container\" data-e-type=\"container\">\n\t\t\t\t<div class=\"elementor-element elementor-element-1d712428 elementor-widget elementor-widget-heading\" data-id=\"1d712428\" data-element_type=\"widget\" data-e-type=\"widget\" data-widget_type=\"heading.default\">\n\t\t\t\t<div class=\"elementor-widget-container\">\n\t\t\t\t\t<h1 class=\"elementor-heading-title elementor-size-default\">SPECIELLA G\u00c5VOR<\/h1>\t\t\t\t<\/div>\n\t\t\t\t<\/div>\n\t\t\t\t<\/div>\n\t\t\t\t<\/div>\n\t\t\t\t<\/div>\n\t\t<div class=\"elementor-element elementor-element-6f58e9d6 e-flex e-con-boxed e-con e-parent\" data-id=\"6f58e9d6\" data-element_type=\"container\" data-e-type=\"container\" data-settings=\"{&quot;background_background&quot;:&quot;classic&quot;}\">\n\t\t\t\t\t<div class=\"e-con-inner\">\n\t\t<div class=\"elementor-element elementor-element-419666d4 e-con-full e-flex e-con e-child\" data-id=\"419666d4\" data-element_type=\"container\" data-e-type=\"container\">\n\t\t<div class=\"elementor-element elementor-element-75a49bf e-con-full e-flex e-con e-child\" data-id=\"75a49bf\" data-element_type=\"container\" data-e-type=\"container\">\n\t\t\t\t<div class=\"elementor-element elementor-element-390681e4 elementor-widget elementor-widget-heading\" data-id=\"390681e4\" data-element_type=\"widget\" data-e-type=\"widget\" data-widget_type=\"heading.default\">\n\t\t\t\t<div class=\"elementor-widget-container\">\n\t\t\t\t\t<h2 class=\"elementor-heading-title elementor-size-default\">EN SPECIELL INSLAGNING F\u00d6R EN SPECIELL G\u00c5VA<\/h2>\t\t\t\t<\/div>\n\t\t\t\t<\/div>\n\t\t\t\t<div class=\"elementor-element elementor-element-67d9c8a elementor-widget elementor-widget-text-editor\" data-id=\"67d9c8a\" data-element_type=\"widget\" data-e-type=\"widget\" data-widget_type=\"text-editor.default\">\n\t\t\t\t<div class=\"elementor-widget-container\">\n\t\t\t\t\t\t\t\t\t<p>Alla hj\u00e4rtans dag, Mors dag och Fars dag, Frieri, Jubileum, Inflyttningsfester<\/p>\t\t\t\t\t\t\t\t<\/div>\n\t\t\t\t<\/div>\n\t\t\t\t<div class=\"elementor-element elementor-element-3784c45 elementor-widget-divider--view-line elementor-widget elementor-widget-divider\" data-id=\"3784c45\" data-element_type=\"widget\" data-e-type=\"widget\" data-widget_type=\"divider.default\">\n\t\t\t\t<div class=\"elementor-widget-container\">\n\t\t\t\t\t\t\t<div class=\"elementor-divider\">\n\t\t\t<span class=\"elementor-divider-separator\">\n\t\t\t\t\t\t<\/span>\n\t\t<\/div>\n\t\t\t\t\t\t<\/div>\n\t\t\t\t<\/div>\n\t\t\t\t<\/div>\n\t\t<div class=\"elementor-element elementor-element-2c2476a0 e-con-full e-flex e-con e-child\" data-id=\"2c2476a0\" data-element_type=\"container\" data-e-type=\"container\">\n\t\t<div class=\"elementor-element elementor-element-34a13e2e e-con-full e-flex e-con e-child\" data-id=\"34a13e2e\" data-element_type=\"container\" data-e-type=\"container\">\n\t\t\t\t<div class=\"elementor-element elementor-element-7f50857a elementor-widget elementor-widget-text-editor\" data-id=\"7f50857a\" data-element_type=\"widget\" data-e-type=\"widget\" data-widget_type=\"text-editor.default\">\n\t\t\t\t<div class=\"elementor-widget-container\">\n\t\t\t\t\t\t\t\t\t<div class=\"wp-block-column is-layout-flow wp-block-column-is-layout-flow\"><p class=\"has-text-align-left\">Presentinslagningens k\u00e4rna \u00e4r att l\u00e4gga till en extra dos omt\u00e4nksamhet och k\u00e4rlek i stunden, och skapa \u00e4nnu st\u00f6rre leenden hos dem som tar emot det. L\u00e5t oss s\u00e4tta en personlig touch p\u00e5 dina g\u00e5vor till n\u00e4ra och k\u00e4ra.<\/p><\/div>\t\t\t\t\t\t\t\t<\/div>\n\t\t\t\t<\/div>\n\t\t\t\t<\/div>\n\t\t\t\t<\/div>\n\t\t\t\t<\/div>\n\t\t\t\t\t<\/div>\n\t\t\t\t<\/div>\n\t\t<div class=\"elementor-element elementor-element-5f447241 e-flex e-con-boxed e-con e-parent\" data-id=\"5f447241\" data-element_type=\"container\" data-e-type=\"container\">\n\t\t\t\t\t<div class=\"e-con-inner\">\n\t\t<div class=\"elementor-element elementor-element-322d2bf4 e-con-full e-flex e-con e-child\" data-id=\"322d2bf4\" data-element_type=\"container\" data-e-type=\"container\">\n\t\t\t\t<div class=\"elementor-element elementor-element-188c3017 elementor-align-right elementor-widget elementor-widget-button\" data-id=\"188c3017\" data-element_type=\"widget\" data-e-type=\"widget\" data-widget_type=\"button.default\">\n\t\t\t\t<div class=\"elementor-widget-container\">\n\t\t\t\t\t\t\t\t\t<div class=\"elementor-button-wrapper\">\n\t\t\t\t\t<a class=\"elementor-button elementor-button-link elementor-size-md\" href=\"https:\/\/studioiniit.se\/sv\/begar-en-offert\/\" id=\"requestQuote\">\n\t\t\t\t\t\t<span class=\"elementor-button-content-wrapper\">\n\t\t\t\t\t\t\t\t\t<span class=\"elementor-button-text\">Beg\u00e4r en offert<\/span>\n\t\t\t\t\t<\/span>\n\t\t\t\t\t<\/a>\n\t\t\t\t<\/div>\n\t\t\t\t\t\t\t\t<\/div>\n\t\t\t\t<\/div>\n\t\t\t\t<\/div>\n\t\t<div class=\"elementor-element elementor-element-5cc5b133 e-con-full e-flex e-con e-child\" data-id=\"5cc5b133\" data-element_type=\"container\" data-e-type=\"container\">\n\t\t<div class=\"elementor-element elementor-element-71b4769b e-con-full e-flex e-con e-child\" data-id=\"71b4769b\" data-element_type=\"container\" data-e-type=\"container\" data-settings=\"{&quot;background_background&quot;:&quot;classic&quot;}\">\n\t\t\t\t<div class=\"elementor-element elementor-element-00d96f9 elementor-widget elementor-widget-image\" data-id=\"00d96f9\" data-element_type=\"widget\" data-e-type=\"widget\" data-widget_type=\"image.default\">\n\t\t\t\t<div class=\"elementor-widget-container\">\n\t\t\t\t\t\t\t\t\t\t\t\t\t\t\t<img decoding=\"async\" width=\"600\" height=\"960\" src=\"https:\/\/studioiniit.se\/sv\/wp-content\/uploads\/2024\/07\/special_gift_600-1.webp\" class=\"attachment-full size-full wp-image-9070\" alt=\"\" srcset=\"https:\/\/studioiniit.se\/sv\/wp-content\/uploads\/2024\/07\/special_gift_600-1.webp 600w, https:\/\/studioiniit.se\/sv\/wp-content\/uploads\/2024\/07\/special_gift_600-1-188x300.webp 188w\" sizes=\"100vw\" \/>\t\t\t\t\t\t\t\t\t\t\t\t\t\t\t<\/div>\n\t\t\t\t<\/div>\n\t\t\t\t<\/div>\n\t\t<div class=\"elementor-element elementor-element-197153d7 e-con-full e-flex e-con e-child\" data-id=\"197153d7\" data-element_type=\"container\" data-e-type=\"container\" data-settings=\"{&quot;background_background&quot;:&quot;classic&quot;}\">\n\t\t\t\t<div class=\"elementor-element elementor-element-6390d06 elementor-widget elementor-widget-image\" data-id=\"6390d06\" data-element_type=\"widget\" data-e-type=\"widget\" data-widget_type=\"image.default\">\n\t\t\t\t<div class=\"elementor-widget-container\">\n\t\t\t\t\t\t\t\t\t\t\t\t\t\t\t<img decoding=\"async\" width=\"600\" height=\"960\" src=\"https:\/\/studioiniit.se\/sv\/wp-content\/uploads\/2024\/07\/special_gift_600-2.webp\" class=\"attachment-full size-full wp-image-9071\" alt=\"\" srcset=\"https:\/\/studioiniit.se\/sv\/wp-content\/uploads\/2024\/07\/special_gift_600-2.webp 600w, https:\/\/studioiniit.se\/sv\/wp-content\/uploads\/2024\/07\/special_gift_600-2-188x300.webp 188w\" sizes=\"100vw\" \/>\t\t\t\t\t\t\t\t\t\t\t\t\t\t\t<\/div>\n\t\t\t\t<\/div>\n\t\t\t\t<\/div>\n\t\t<div class=\"elementor-element elementor-element-8fc1d36 e-con-full e-flex e-con e-child\" data-id=\"8fc1d36\" data-element_type=\"container\" data-e-type=\"container\" data-settings=\"{&quot;background_background&quot;:&quot;classic&quot;}\">\n\t\t\t\t<div class=\"elementor-element elementor-element-e78573f elementor-widget elementor-widget-image\" data-id=\"e78573f\" data-element_type=\"widget\" data-e-type=\"widget\" data-widget_type=\"image.default\">\n\t\t\t\t<div class=\"elementor-widget-container\">\n\t\t\t\t\t\t\t\t\t\t\t\t\t\t\t<img loading=\"lazy\" decoding=\"async\" width=\"600\" height=\"960\" src=\"https:\/\/studioiniit.se\/sv\/wp-content\/uploads\/2024\/07\/special_gift_600-3.webp\" class=\"attachment-full size-full wp-image-9072\" alt=\"\" srcset=\"https:\/\/studioiniit.se\/sv\/wp-content\/uploads\/2024\/07\/special_gift_600-3.webp 600w, https:\/\/studioiniit.se\/sv\/wp-content\/uploads\/2024\/07\/special_gift_600-3-188x300.webp 188w\" sizes=\"100vw\" \/>\t\t\t\t\t\t\t\t\t\t\t\t\t\t\t<\/div>\n\t\t\t\t<\/div>\n\t\t\t\t<\/div>\n\t\t\t\t<\/div>\n\t\t\t\t\t<\/div>\n\t\t\t\t<\/div>\n\t\t\t\t<\/div>\n\t\t","protected":false},"excerpt":{"rendered":"<p>SPECIELLA G\u00c5VOR EN SPECIELL INSLAGNING F\u00d6R EN SPECIELL G\u00c5VA Alla hj\u00e4rtans dag, Mors dag och Fars dag, Frieri, Jubileum, Inflyttningsfester Presentinslagningens k\u00e4rna \u00e4r att l\u00e4gga till en extra dos omt\u00e4nksamhet och k\u00e4rlek i stunden, och skapa \u00e4nnu st\u00f6rre leenden hos dem som tar emot det. L\u00e5t oss s\u00e4tta en personlig touch p\u00e5 dina g\u00e5vor till &hellip; <\/p>\n<p class=\"link-more\"><a href=\"https:\/\/studioiniit.se\/sv\/presentinslagning-tjanster\/speciella-gavor\/\" class=\"more-link\">L\u00e4s mer<span class=\"screen-reader-text\"> \u201dSpeciella G\u00e5vor\u201d<\/span><\/a><\/p>\n","protected":false},"author":1,"featured_media":10527,"parent":6801,"menu_order":0,"comment_status":"closed","ping_status":"closed","template":"page-templates\/full-width-transparent.php","meta":{"inspiro_hide_title":false,"footnotes":""},"class_list":["post-7435","page","type-page","status-publish","has-post-thumbnail","hentry"],"yoast_head":"<!-- This site is optimized with the Yoast SEO plugin v27.5 - https:\/\/yoast.com\/product\/yoast-seo-wordpress\/ -->\n<title>Speciella G\u00e5vor - STUDIO INIIT<\/title>\n<meta name=\"description\" content=\"Lyxig presentinslagning f\u00f6r de mest exklusiva och speciella g\u00e5vor, fr\u00e5n vigselringar och lyxiga v\u00e4skor till smycken, klockor, vin, och sprit.\" \/>\n<meta name=\"robots\" content=\"index, follow, max-snippet:-1, max-image-preview:large, max-video-preview:-1\" \/>\n<link rel=\"canonical\" href=\"https:\/\/studioiniit.se\/sv\/presentinslagning-tjanster\/speciella-gavor\/\" \/>\n<meta property=\"og:locale\" content=\"sv_SE\" \/>\n<meta property=\"og:type\" content=\"article\" \/>\n<meta property=\"og:title\" content=\"Speciella G\u00e5vor - STUDIO INIIT\" \/>\n<meta property=\"og:description\" content=\"Lyxig presentinslagning f\u00f6r de mest exklusiva och speciella g\u00e5vor, fr\u00e5n vigselringar och lyxiga v\u00e4skor till smycken, klockor, vin, och sprit.\" \/>\n<meta property=\"og:url\" content=\"https:\/\/studioiniit.se\/sv\/presentinslagning-tjanster\/speciella-gavor\/\" \/>\n<meta property=\"og:site_name\" content=\"STUDIO INIIT\" \/>\n<meta property=\"article:publisher\" content=\"https:\/\/www.facebook.com\/studio.iniit\" \/>\n<meta property=\"article:modified_time\" content=\"2026-02-28T18:39:00+00:00\" \/>\n<meta property=\"og:image\" content=\"https:\/\/studioiniit.se\/sv\/wp-content\/uploads\/2026\/02\/special_gifts-hero.webp\" \/>\n\t<meta property=\"og:image:width\" content=\"2000\" \/>\n\t<meta property=\"og:image:height\" content=\"1000\" \/>\n\t<meta property=\"og:image:type\" content=\"image\/webp\" \/>\n<meta name=\"twitter:card\" content=\"summary_large_image\" \/>\n<meta name=\"twitter:label1\" content=\"Ber\u00e4knad l\u00e4stid\" \/>\n\t<meta name=\"twitter:data1\" content=\"2 minuter\" \/>\n<script type=\"application\/ld+json\" class=\"yoast-schema-graph\">{\"@context\":\"https:\\\/\\\/schema.org\",\"@graph\":[{\"@type\":\"WebPage\",\"@id\":\"https:\\\/\\\/studioiniit.se\\\/sv\\\/presentinslagning-tjanster\\\/speciella-gavor\\\/\",\"url\":\"https:\\\/\\\/studioiniit.se\\\/sv\\\/presentinslagning-tjanster\\\/speciella-gavor\\\/\",\"name\":\"Speciella G\u00e5vor - STUDIO INIIT\",\"isPartOf\":{\"@id\":\"https:\\\/\\\/studioiniit.se\\\/sv\\\/#website\"},\"primaryImageOfPage\":{\"@id\":\"https:\\\/\\\/studioiniit.se\\\/sv\\\/presentinslagning-tjanster\\\/speciella-gavor\\\/#primaryimage\"},\"image\":{\"@id\":\"https:\\\/\\\/studioiniit.se\\\/sv\\\/presentinslagning-tjanster\\\/speciella-gavor\\\/#primaryimage\"},\"thumbnailUrl\":\"https:\\\/\\\/studioiniit.se\\\/sv\\\/wp-content\\\/uploads\\\/2026\\\/02\\\/special_gifts-hero.webp\",\"datePublished\":\"2024-07-01T12:02:49+00:00\",\"dateModified\":\"2026-02-28T18:39:00+00:00\",\"description\":\"Lyxig presentinslagning f\u00f6r de mest exklusiva och speciella g\u00e5vor, fr\u00e5n vigselringar och lyxiga v\u00e4skor till smycken, klockor, vin, och sprit.\",\"breadcrumb\":{\"@id\":\"https:\\\/\\\/studioiniit.se\\\/sv\\\/presentinslagning-tjanster\\\/speciella-gavor\\\/#breadcrumb\"},\"inLanguage\":\"sv-SE\",\"potentialAction\":[{\"@type\":\"ReadAction\",\"target\":[\"https:\\\/\\\/studioiniit.se\\\/sv\\\/presentinslagning-tjanster\\\/speciella-gavor\\\/\"]}]},{\"@type\":\"ImageObject\",\"inLanguage\":\"sv-SE\",\"@id\":\"https:\\\/\\\/studioiniit.se\\\/sv\\\/presentinslagning-tjanster\\\/speciella-gavor\\\/#primaryimage\",\"url\":\"https:\\\/\\\/studioiniit.se\\\/sv\\\/wp-content\\\/uploads\\\/2026\\\/02\\\/special_gifts-hero.webp\",\"contentUrl\":\"https:\\\/\\\/studioiniit.se\\\/sv\\\/wp-content\\\/uploads\\\/2026\\\/02\\\/special_gifts-hero.webp\",\"width\":2000,\"height\":1000,\"caption\":\"Elegant inslagen ljusrosa present\"},{\"@type\":\"BreadcrumbList\",\"@id\":\"https:\\\/\\\/studioiniit.se\\\/sv\\\/presentinslagning-tjanster\\\/speciella-gavor\\\/#breadcrumb\",\"itemListElement\":[{\"@type\":\"ListItem\",\"position\":1,\"name\":\"Home\",\"item\":\"https:\\\/\\\/studioiniit.se\\\/sv\\\/\"},{\"@type\":\"ListItem\",\"position\":2,\"name\":\"Presentinslagningstj\u00e4nster\",\"item\":\"https:\\\/\\\/studioiniit.se\\\/sv\\\/presentinslagning-tjanster\\\/\"},{\"@type\":\"ListItem\",\"position\":3,\"name\":\"Speciella G\u00e5vor\"}]},{\"@type\":\"WebSite\",\"@id\":\"https:\\\/\\\/studioiniit.se\\\/sv\\\/#website\",\"url\":\"https:\\\/\\\/studioiniit.se\\\/sv\\\/\",\"name\":\"STUDIO INIIT\",\"description\":\"Create. Wrap. Love.\",\"publisher\":{\"@id\":\"https:\\\/\\\/studioiniit.se\\\/sv\\\/#organization\"},\"potentialAction\":[{\"@type\":\"SearchAction\",\"target\":{\"@type\":\"EntryPoint\",\"urlTemplate\":\"https:\\\/\\\/studioiniit.se\\\/sv\\\/?s={search_term_string}\"},\"query-input\":{\"@type\":\"PropertyValueSpecification\",\"valueRequired\":true,\"valueName\":\"search_term_string\"}}],\"inLanguage\":\"sv-SE\"},{\"@type\":\"Organization\",\"@id\":\"https:\\\/\\\/studioiniit.se\\\/sv\\\/#organization\",\"name\":\"STUDIO INIIT\",\"url\":\"https:\\\/\\\/studioiniit.se\\\/sv\\\/\",\"logo\":{\"@type\":\"ImageObject\",\"inLanguage\":\"sv-SE\",\"@id\":\"https:\\\/\\\/studioiniit.se\\\/sv\\\/#\\\/schema\\\/logo\\\/image\\\/\",\"url\":\"https:\\\/\\\/studioiniit.se\\\/sv\\\/wp-content\\\/uploads\\\/2024\\\/07\\\/logo-new.png\",\"contentUrl\":\"https:\\\/\\\/studioiniit.se\\\/sv\\\/wp-content\\\/uploads\\\/2024\\\/07\\\/logo-new.png\",\"width\":512,\"height\":512,\"caption\":\"STUDIO INIIT\"},\"image\":{\"@id\":\"https:\\\/\\\/studioiniit.se\\\/sv\\\/#\\\/schema\\\/logo\\\/image\\\/\"},\"sameAs\":[\"https:\\\/\\\/www.facebook.com\\\/studio.iniit\",\"https:\\\/\\\/instagram.com\\\/studio.iniit\"]}]}<\/script>\n<!-- \/ Yoast SEO plugin. -->","yoast_head_json":{"title":"Speciella G\u00e5vor - STUDIO INIIT","description":"Lyxig presentinslagning f\u00f6r de mest exklusiva och speciella g\u00e5vor, fr\u00e5n vigselringar och lyxiga v\u00e4skor till smycken, klockor, vin, och sprit.","robots":{"index":"index","follow":"follow","max-snippet":"max-snippet:-1","max-image-preview":"max-image-preview:large","max-video-preview":"max-video-preview:-1"},"canonical":"https:\/\/studioiniit.se\/sv\/presentinslagning-tjanster\/speciella-gavor\/","og_locale":"sv_SE","og_type":"article","og_title":"Speciella G\u00e5vor - STUDIO INIIT","og_description":"Lyxig presentinslagning f\u00f6r de mest exklusiva och speciella g\u00e5vor, fr\u00e5n vigselringar och lyxiga v\u00e4skor till smycken, klockor, vin, och sprit.","og_url":"https:\/\/studioiniit.se\/sv\/presentinslagning-tjanster\/speciella-gavor\/","og_site_name":"STUDIO INIIT","article_publisher":"https:\/\/www.facebook.com\/studio.iniit","article_modified_time":"2026-02-28T18:39:00+00:00","og_image":[{"width":2000,"height":1000,"url":"https:\/\/studioiniit.se\/sv\/wp-content\/uploads\/2026\/02\/special_gifts-hero.webp","type":"image\/webp"}],"twitter_card":"summary_large_image","twitter_misc":{"Ber\u00e4knad l\u00e4stid":"2 minuter"},"schema":{"@context":"https:\/\/schema.org","@graph":[{"@type":"WebPage","@id":"https:\/\/studioiniit.se\/sv\/presentinslagning-tjanster\/speciella-gavor\/","url":"https:\/\/studioiniit.se\/sv\/presentinslagning-tjanster\/speciella-gavor\/","name":"Speciella G\u00e5vor - STUDIO INIIT","isPartOf":{"@id":"https:\/\/studioiniit.se\/sv\/#website"},"primaryImageOfPage":{"@id":"https:\/\/studioiniit.se\/sv\/presentinslagning-tjanster\/speciella-gavor\/#primaryimage"},"image":{"@id":"https:\/\/studioiniit.se\/sv\/presentinslagning-tjanster\/speciella-gavor\/#primaryimage"},"thumbnailUrl":"https:\/\/studioiniit.se\/sv\/wp-content\/uploads\/2026\/02\/special_gifts-hero.webp","datePublished":"2024-07-01T12:02:49+00:00","dateModified":"2026-02-28T18:39:00+00:00","description":"Lyxig presentinslagning f\u00f6r de mest exklusiva och speciella g\u00e5vor, fr\u00e5n vigselringar och lyxiga v\u00e4skor till smycken, klockor, vin, och sprit.","breadcrumb":{"@id":"https:\/\/studioiniit.se\/sv\/presentinslagning-tjanster\/speciella-gavor\/#breadcrumb"},"inLanguage":"sv-SE","potentialAction":[{"@type":"ReadAction","target":["https:\/\/studioiniit.se\/sv\/presentinslagning-tjanster\/speciella-gavor\/"]}]},{"@type":"ImageObject","inLanguage":"sv-SE","@id":"https:\/\/studioiniit.se\/sv\/presentinslagning-tjanster\/speciella-gavor\/#primaryimage","url":"https:\/\/studioiniit.se\/sv\/wp-content\/uploads\/2026\/02\/special_gifts-hero.webp","contentUrl":"https:\/\/studioiniit.se\/sv\/wp-content\/uploads\/2026\/02\/special_gifts-hero.webp","width":2000,"height":1000,"caption":"Elegant inslagen ljusrosa present"},{"@type":"BreadcrumbList","@id":"https:\/\/studioiniit.se\/sv\/presentinslagning-tjanster\/speciella-gavor\/#breadcrumb","itemListElement":[{"@type":"ListItem","position":1,"name":"Home","item":"https:\/\/studioiniit.se\/sv\/"},{"@type":"ListItem","position":2,"name":"Presentinslagningstj\u00e4nster","item":"https:\/\/studioiniit.se\/sv\/presentinslagning-tjanster\/"},{"@type":"ListItem","position":3,"name":"Speciella G\u00e5vor"}]},{"@type":"WebSite","@id":"https:\/\/studioiniit.se\/sv\/#website","url":"https:\/\/studioiniit.se\/sv\/","name":"STUDIO INIIT","description":"Create. Wrap. Love.","publisher":{"@id":"https:\/\/studioiniit.se\/sv\/#organization"},"potentialAction":[{"@type":"SearchAction","target":{"@type":"EntryPoint","urlTemplate":"https:\/\/studioiniit.se\/sv\/?s={search_term_string}"},"query-input":{"@type":"PropertyValueSpecification","valueRequired":true,"valueName":"search_term_string"}}],"inLanguage":"sv-SE"},{"@type":"Organization","@id":"https:\/\/studioiniit.se\/sv\/#organization","name":"STUDIO INIIT","url":"https:\/\/studioiniit.se\/sv\/","logo":{"@type":"ImageObject","inLanguage":"sv-SE","@id":"https:\/\/studioiniit.se\/sv\/#\/schema\/logo\/image\/","url":"https:\/\/studioiniit.se\/sv\/wp-content\/uploads\/2024\/07\/logo-new.png","contentUrl":"https:\/\/studioiniit.se\/sv\/wp-content\/uploads\/2024\/07\/logo-new.png","width":512,"height":512,"caption":"STUDIO INIIT"},"image":{"@id":"https:\/\/studioiniit.se\/sv\/#\/schema\/logo\/image\/"},"sameAs":["https:\/\/www.facebook.com\/studio.iniit","https:\/\/instagram.com\/studio.iniit"]}]}},"_links":{"self":[{"href":"https:\/\/studioiniit.se\/sv\/wp-json\/wp\/v2\/pages\/7435","targetHints":{"allow":["GET"]}}],"collection":[{"href":"https:\/\/studioiniit.se\/sv\/wp-json\/wp\/v2\/pages"}],"about":[{"href":"https:\/\/studioiniit.se\/sv\/wp-json\/wp\/v2\/types\/page"}],"author":[{"embeddable":true,"href":"https:\/\/studioiniit.se\/sv\/wp-json\/wp\/v2\/users\/1"}],"replies":[{"embeddable":true,"href":"https:\/\/studioiniit.se\/sv\/wp-json\/wp\/v2\/comments?post=7435"}],"version-history":[{"count":79,"href":"https:\/\/studioiniit.se\/sv\/wp-json\/wp\/v2\/pages\/7435\/revisions"}],"predecessor-version":[{"id":10657,"href":"https:\/\/studioiniit.se\/sv\/wp-json\/wp\/v2\/pages\/7435\/revisions\/10657"}],"up":[{"embeddable":true,"href":"https:\/\/studioiniit.se\/sv\/wp-json\/wp\/v2\/pages\/6801"}],"wp:featuredmedia":[{"embeddable":true,"href":"https:\/\/studioiniit.se\/sv\/wp-json\/wp\/v2\/media\/10527"}],"wp:attachment":[{"href":"https:\/\/studioiniit.se\/sv\/wp-json\/wp\/v2\/media?parent=7435"}],"curies":[{"name":"wp","href":"https:\/\/api.w.org\/{rel}","templated":true}]}}