{"id":7320,"date":"2024-07-01T10:41:59","date_gmt":"2024-07-01T10:41:59","guid":{"rendered":"https:\/\/studioiniit.se\/\/sv-testingInsLite\/?page_id=7320"},"modified":"2026-02-28T20:32:09","modified_gmt":"2026-02-28T18:32:09","slug":"classic-elegance","status":"publish","type":"page","link":"https:\/\/studioiniit.se\/sv\/priser\/classic-elegance\/","title":{"rendered":"Classic Elegance"},"content":{"rendered":"\t\t<div data-elementor-type=\"wp-post\" data-elementor-id=\"7320\" class=\"elementor elementor-7320\">\n\t\t\t\t<div class=\"elementor-element elementor-element-47b921b7 e-con-full hero-secondary e-flex e-con e-parent\" data-id=\"47b921b7\" data-element_type=\"container\" data-e-type=\"container\">\n\t\t\t\t<div class=\"elementor-element elementor-element-4bb371f elementor-absolute elementor-widget elementor-widget-image\" data-id=\"4bb371f\" data-element_type=\"widget\" data-e-type=\"widget\" data-settings=\"{&quot;_position&quot;:&quot;absolute&quot;}\" data-widget_type=\"image.default\">\n\t\t\t\t<div class=\"elementor-widget-container\">\n\t\t\t\t\t\t\t\t\t\t\t\t\t\t\t<img fetchpriority=\"high\" decoding=\"async\" width=\"2000\" height=\"1000\" src=\"https:\/\/studioiniit.se\/sv\/wp-content\/uploads\/2026\/02\/prices-hero.webp\" class=\"attachment-full size-full wp-image-10502\" alt=\"extilf\u00f6rpackade presenter i flera f\u00e4rger, vackert presenterade\" srcset=\"https:\/\/studioiniit.se\/sv\/wp-content\/uploads\/2026\/02\/prices-hero.webp 2000w, https:\/\/studioiniit.se\/sv\/wp-content\/uploads\/2026\/02\/prices-hero-300x150.webp 300w, https:\/\/studioiniit.se\/sv\/wp-content\/uploads\/2026\/02\/prices-hero-1024x512.webp 1024w, https:\/\/studioiniit.se\/sv\/wp-content\/uploads\/2026\/02\/prices-hero-1536x768.webp 1536w\" sizes=\"100vw\" \/>\t\t\t\t\t\t\t\t\t\t\t\t\t\t\t<\/div>\n\t\t\t\t<\/div>\n\t\t<div class=\"elementor-element elementor-element-169e12ad e-con-full e-flex e-con e-child\" data-id=\"169e12ad\" data-element_type=\"container\" data-e-type=\"container\">\n\t\t<div class=\"elementor-element elementor-element-7521441d e-con-full e-flex e-con e-child\" data-id=\"7521441d\" data-element_type=\"container\" data-e-type=\"container\">\n\t\t\t\t<div class=\"elementor-element elementor-element-4242a03b elementor-widget elementor-widget-heading\" data-id=\"4242a03b\" data-element_type=\"widget\" data-e-type=\"widget\" data-widget_type=\"heading.default\">\n\t\t\t\t<div class=\"elementor-widget-container\">\n\t\t\t\t\t<h1 class=\"elementor-heading-title elementor-size-default\">PRESENTINSLAGNING\nCLASSIC ELEGANCE <\/h1>\t\t\t\t<\/div>\n\t\t\t\t<\/div>\n\t\t\t\t<\/div>\n\t\t\t\t<\/div>\n\t\t\t\t<\/div>\n\t\t<div class=\"elementor-element elementor-element-61246397 e-flex e-con-boxed e-con e-parent\" data-id=\"61246397\" data-element_type=\"container\" data-e-type=\"container\" data-settings=\"{&quot;background_background&quot;:&quot;classic&quot;}\">\n\t\t\t\t\t<div class=\"e-con-inner\">\n\t\t<div class=\"elementor-element elementor-element-43d662ff e-con-full e-flex e-con e-child\" data-id=\"43d662ff\" data-element_type=\"container\" data-e-type=\"container\">\n\t\t\t\t<div class=\"elementor-element elementor-element-6a2f4b2 elementor-widget elementor-widget-heading\" data-id=\"6a2f4b2\" data-element_type=\"widget\" data-e-type=\"widget\" data-widget_type=\"heading.default\">\n\t\t\t\t<div class=\"elementor-widget-container\">\n\t\t\t\t\t<h2 class=\"elementor-heading-title elementor-size-default\">CLASSIC ELEGANCE<\/h2>\t\t\t\t<\/div>\n\t\t\t\t<\/div>\n\t\t<div class=\"elementor-element elementor-element-ca10ac5 e-con-full e-flex e-con e-child\" data-id=\"ca10ac5\" data-element_type=\"container\" data-e-type=\"container\">\n\t\t<div class=\"elementor-element elementor-element-169d2bb0 e-con-full e-flex e-con e-child\" data-id=\"169d2bb0\" data-element_type=\"container\" data-e-type=\"container\">\n\t\t\t\t<div class=\"elementor-element elementor-element-48d07074 elementor-widget elementor-widget-text-editor\" data-id=\"48d07074\" data-element_type=\"widget\" data-e-type=\"widget\" data-widget_type=\"text-editor.default\">\n\t\t\t\t<div class=\"elementor-widget-container\">\n\t\t\t\t\t\t\t\t\t<div class=\"wp-block-column is-layout-flow wp-block-column-is-layout-flow\"><p>V\u00e5rt Classic Elegance kollektion inkluderar tre olika enf\u00e4rgade tyger: glansig siden, mjuk bomull och gl\u00e4nsande organza.<\/p><p>Utforska v\u00e5rt <a href=\"https:\/\/studioiniit.se\/sv\/galleri\/\" data-type=\"page\" data-id=\"231\">galleri<\/a> och <a href=\"https:\/\/instagram.com\/studio.iniit\">Instagram<\/a> f\u00f6r inspiration och l\u00e5t oss hj\u00e4lpa dig skapa en minnesv\u00e4rd g\u00e5voupplevelse. Om du vill uppleva \u00e4nnu mer lyxiga inslagningstyg och designer, ta g\u00e4rna en titt p\u00e5 v\u00e5r <a href=\"https:\/\/studioiniit.se\/sv\/priser\/platinum-elegance\/\" data-type=\"page\" data-id=\"166\">Platinum Elegance<\/a> kollektion.<\/p><\/div>\t\t\t\t\t\t\t\t<\/div>\n\t\t\t\t<\/div>\n\t\t\t\t<div class=\"elementor-element elementor-element-7302fa67 elementor-widget-divider--view-line elementor-widget elementor-widget-divider\" data-id=\"7302fa67\" data-element_type=\"widget\" data-e-type=\"widget\" data-widget_type=\"divider.default\">\n\t\t\t\t<div class=\"elementor-widget-container\">\n\t\t\t\t\t\t\t<div class=\"elementor-divider\">\n\t\t\t<span class=\"elementor-divider-separator\">\n\t\t\t\t\t\t<\/span>\n\t\t<\/div>\n\t\t\t\t\t\t<\/div>\n\t\t\t\t<\/div>\n\t\t\t\t<\/div>\n\t\t\t\t<\/div>\n\t\t\t\t<\/div>\n\t\t\t\t\t<\/div>\n\t\t\t\t<\/div>\n\t\t<div class=\"elementor-element elementor-element-79cd643f e-flex e-con-boxed e-con e-parent\" data-id=\"79cd643f\" data-element_type=\"container\" data-e-type=\"container\">\n\t\t\t\t\t<div class=\"e-con-inner\">\n\t\t<div class=\"elementor-element elementor-element-6820805f e-con-full e-flex e-con e-child\" data-id=\"6820805f\" data-element_type=\"container\" data-e-type=\"container\">\n\t\t\t\t<div class=\"elementor-element elementor-element-6cfd845d elementor-align-right elementor-widget elementor-widget-button\" data-id=\"6cfd845d\" data-element_type=\"widget\" data-e-type=\"widget\" data-widget_type=\"button.default\">\n\t\t\t\t<div class=\"elementor-widget-container\">\n\t\t\t\t\t\t\t\t\t<div class=\"elementor-button-wrapper\">\n\t\t\t\t\t<a class=\"elementor-button elementor-button-link elementor-size-md\" href=\"https:\/\/studioiniit.se\/sv\/begar-en-offert\/\" id=\"requestQuote\">\n\t\t\t\t\t\t<span class=\"elementor-button-content-wrapper\">\n\t\t\t\t\t\t\t\t\t<span class=\"elementor-button-text\">Beg\u00e4r en offert<\/span>\n\t\t\t\t\t<\/span>\n\t\t\t\t\t<\/a>\n\t\t\t\t<\/div>\n\t\t\t\t\t\t\t\t<\/div>\n\t\t\t\t<\/div>\n\t\t\t\t<\/div>\n\t\t<div class=\"elementor-element elementor-element-4b729bf0 e-con-full e-flex e-con e-child\" data-id=\"4b729bf0\" data-element_type=\"container\" data-e-type=\"container\">\n\t\t<div class=\"elementor-element elementor-element-1c4e36b e-con-full e-flex e-con e-child\" data-id=\"1c4e36b\" data-element_type=\"container\" data-e-type=\"container\">\n\t\t<div class=\"elementor-element elementor-element-1e3b4b9c e-con-full e-flex e-con e-child\" data-id=\"1e3b4b9c\" data-element_type=\"container\" data-e-type=\"container\" data-settings=\"{&quot;background_background&quot;:&quot;classic&quot;}\">\n\t\t\t\t<div class=\"elementor-element elementor-element-8fe8d29 elementor-widget elementor-widget-heading\" data-id=\"8fe8d29\" data-element_type=\"widget\" data-e-type=\"widget\" data-widget_type=\"heading.default\">\n\t\t\t\t<div class=\"elementor-widget-container\">\n\t\t\t\t\t<h3 class=\"elementor-heading-title elementor-size-default\">Glow Silk<\/h3>\t\t\t\t<\/div>\n\t\t\t\t<\/div>\n\t\t\t\t<\/div>\n\t\t<div class=\"elementor-element elementor-element-58eb615a e-con-full e-flex e-con e-child\" data-id=\"58eb615a\" data-element_type=\"container\" data-e-type=\"container\" data-settings=\"{&quot;background_background&quot;:&quot;classic&quot;}\">\n\t\t\t\t<div class=\"elementor-element elementor-element-b7a634d elementor-widget elementor-widget-heading\" data-id=\"b7a634d\" data-element_type=\"widget\" data-e-type=\"widget\" data-widget_type=\"heading.default\">\n\t\t\t\t<div class=\"elementor-widget-container\">\n\t\t\t\t\t<h3 class=\"elementor-heading-title elementor-size-default\">Soft Cotton<\/h3>\t\t\t\t<\/div>\n\t\t\t\t<\/div>\n\t\t\t\t<\/div>\n\t\t<div class=\"elementor-element elementor-element-1ce79a30 e-con-full e-flex e-con e-child\" data-id=\"1ce79a30\" data-element_type=\"container\" data-e-type=\"container\" data-settings=\"{&quot;background_background&quot;:&quot;classic&quot;}\">\n\t\t\t\t<div class=\"elementor-element elementor-element-6cee38c elementor-widget elementor-widget-heading\" data-id=\"6cee38c\" data-element_type=\"widget\" data-e-type=\"widget\" data-widget_type=\"heading.default\">\n\t\t\t\t<div class=\"elementor-widget-container\">\n\t\t\t\t\t<h3 class=\"elementor-heading-title elementor-size-default\">Glossy Organza<\/h3>\t\t\t\t<\/div>\n\t\t\t\t<\/div>\n\t\t\t\t<\/div>\n\t\t\t\t<\/div>\n\t\t<div class=\"elementor-element elementor-element-1490dbd e-con-full e-flex e-con e-child\" data-id=\"1490dbd\" data-element_type=\"container\" data-e-type=\"container\">\n\t\t\t\t<div class=\"elementor-element elementor-element-bc9ed3d elementor-widget elementor-widget-text-editor\" data-id=\"bc9ed3d\" data-element_type=\"widget\" data-e-type=\"widget\" data-widget_type=\"text-editor.default\">\n\t\t\t\t<div class=\"elementor-widget-container\">\n\t\t\t\t\t\t\t\t\t<p><em>Alla dekorationer som f\u00f6rekommer p\u00e5 v\u00e5ra bilder \u00e4r endast till f\u00f6r estetisk visning och ing\u00e5r inte i priset.<\/em><\/p>\t\t\t\t\t\t\t\t<\/div>\n\t\t\t\t<\/div>\n\t\t\t\t<\/div>\n\t\t\t\t<\/div>\n\t\t\t\t\t<\/div>\n\t\t\t\t<\/div>\n\t\t\t\t<\/div>\n\t\t","protected":false},"excerpt":{"rendered":"<p>PRESENTINSLAGNING CLASSIC ELEGANCE CLASSIC ELEGANCE V\u00e5rt Classic Elegance kollektion inkluderar tre olika enf\u00e4rgade tyger: glansig siden, mjuk bomull och gl\u00e4nsande organza. Utforska v\u00e5rt galleri och Instagram f\u00f6r inspiration och l\u00e5t oss hj\u00e4lpa dig skapa en minnesv\u00e4rd g\u00e5voupplevelse. Om du vill uppleva \u00e4nnu mer lyxiga inslagningstyg och designer, ta g\u00e4rna en titt p\u00e5 v\u00e5r Platinum Elegance &hellip; <\/p>\n<p class=\"link-more\"><a href=\"https:\/\/studioiniit.se\/sv\/priser\/classic-elegance\/\" class=\"more-link\">L\u00e4s mer<span class=\"screen-reader-text\"> \u201dClassic Elegance\u201d<\/span><\/a><\/p>\n","protected":false},"author":1,"featured_media":10502,"parent":7110,"menu_order":0,"comment_status":"closed","ping_status":"closed","template":"page-templates\/full-width-transparent.php","meta":{"inspiro_hide_title":false,"footnotes":""},"class_list":["post-7320","page","type-page","status-publish","has-post-thumbnail","hentry"],"yoast_head":"<!-- This site is optimized with the Yoast SEO plugin v27.5 - https:\/\/yoast.com\/product\/yoast-seo-wordpress\/ -->\n<title>Classic Elegance - STUDIO INIIT<\/title>\n<meta name=\"robots\" content=\"index, follow, max-snippet:-1, max-image-preview:large, max-video-preview:-1\" \/>\n<link rel=\"canonical\" href=\"https:\/\/studioiniit.se\/sv\/priser\/classic-elegance\/\" \/>\n<meta property=\"og:locale\" content=\"sv_SE\" \/>\n<meta property=\"og:type\" content=\"article\" \/>\n<meta property=\"og:title\" content=\"Classic Elegance - STUDIO INIIT\" \/>\n<meta property=\"og:description\" content=\"PRESENTINSLAGNING CLASSIC ELEGANCE CLASSIC ELEGANCE V\u00e5rt Classic Elegance kollektion inkluderar tre olika enf\u00e4rgade tyger: glansig siden, mjuk bomull och gl\u00e4nsande organza. Utforska v\u00e5rt galleri och Instagram f\u00f6r inspiration och l\u00e5t oss hj\u00e4lpa dig skapa en minnesv\u00e4rd g\u00e5voupplevelse. Om du vill uppleva \u00e4nnu mer lyxiga inslagningstyg och designer, ta g\u00e4rna en titt p\u00e5 v\u00e5r Platinum Elegance &hellip; L\u00e4s mer \u201dClassic Elegance\u201d\" \/>\n<meta property=\"og:url\" content=\"https:\/\/studioiniit.se\/sv\/priser\/classic-elegance\/\" \/>\n<meta property=\"og:site_name\" content=\"STUDIO INIIT\" \/>\n<meta property=\"article:publisher\" content=\"https:\/\/www.facebook.com\/studio.iniit\" \/>\n<meta property=\"article:modified_time\" content=\"2026-02-28T18:32:09+00:00\" \/>\n<meta property=\"og:image\" content=\"https:\/\/studioiniit.se\/sv\/wp-content\/uploads\/2026\/02\/prices-hero.webp\" \/>\n\t<meta property=\"og:image:width\" content=\"2000\" \/>\n\t<meta property=\"og:image:height\" content=\"1000\" \/>\n\t<meta property=\"og:image:type\" content=\"image\/webp\" \/>\n<meta name=\"twitter:card\" content=\"summary_large_image\" \/>\n<meta name=\"twitter:label1\" content=\"Ber\u00e4knad l\u00e4stid\" \/>\n\t<meta name=\"twitter:data1\" content=\"1 minut\" \/>\n<script type=\"application\/ld+json\" class=\"yoast-schema-graph\">{\"@context\":\"https:\\\/\\\/schema.org\",\"@graph\":[{\"@type\":\"WebPage\",\"@id\":\"https:\\\/\\\/studioiniit.se\\\/sv\\\/priser\\\/classic-elegance\\\/\",\"url\":\"https:\\\/\\\/studioiniit.se\\\/sv\\\/priser\\\/classic-elegance\\\/\",\"name\":\"Classic Elegance - STUDIO INIIT\",\"isPartOf\":{\"@id\":\"https:\\\/\\\/studioiniit.se\\\/sv\\\/#website\"},\"primaryImageOfPage\":{\"@id\":\"https:\\\/\\\/studioiniit.se\\\/sv\\\/priser\\\/classic-elegance\\\/#primaryimage\"},\"image\":{\"@id\":\"https:\\\/\\\/studioiniit.se\\\/sv\\\/priser\\\/classic-elegance\\\/#primaryimage\"},\"thumbnailUrl\":\"https:\\\/\\\/studioiniit.se\\\/sv\\\/wp-content\\\/uploads\\\/2026\\\/02\\\/prices-hero.webp\",\"datePublished\":\"2024-07-01T10:41:59+00:00\",\"dateModified\":\"2026-02-28T18:32:09+00:00\",\"breadcrumb\":{\"@id\":\"https:\\\/\\\/studioiniit.se\\\/sv\\\/priser\\\/classic-elegance\\\/#breadcrumb\"},\"inLanguage\":\"sv-SE\",\"potentialAction\":[{\"@type\":\"ReadAction\",\"target\":[\"https:\\\/\\\/studioiniit.se\\\/sv\\\/priser\\\/classic-elegance\\\/\"]}]},{\"@type\":\"ImageObject\",\"inLanguage\":\"sv-SE\",\"@id\":\"https:\\\/\\\/studioiniit.se\\\/sv\\\/priser\\\/classic-elegance\\\/#primaryimage\",\"url\":\"https:\\\/\\\/studioiniit.se\\\/sv\\\/wp-content\\\/uploads\\\/2026\\\/02\\\/prices-hero.webp\",\"contentUrl\":\"https:\\\/\\\/studioiniit.se\\\/sv\\\/wp-content\\\/uploads\\\/2026\\\/02\\\/prices-hero.webp\",\"width\":2000,\"height\":1000,\"caption\":\"extilf\u00f6rpackade presenter i flera f\u00e4rger, vackert presenterade\"},{\"@type\":\"BreadcrumbList\",\"@id\":\"https:\\\/\\\/studioiniit.se\\\/sv\\\/priser\\\/classic-elegance\\\/#breadcrumb\",\"itemListElement\":[{\"@type\":\"ListItem\",\"position\":1,\"name\":\"Home\",\"item\":\"https:\\\/\\\/studioiniit.se\\\/sv\\\/\"},{\"@type\":\"ListItem\",\"position\":2,\"name\":\"Presentinslagning Priser Och Niv\u00e5er\",\"item\":\"https:\\\/\\\/studioiniit.se\\\/sv\\\/priser\\\/\"},{\"@type\":\"ListItem\",\"position\":3,\"name\":\"Classic Elegance\"}]},{\"@type\":\"WebSite\",\"@id\":\"https:\\\/\\\/studioiniit.se\\\/sv\\\/#website\",\"url\":\"https:\\\/\\\/studioiniit.se\\\/sv\\\/\",\"name\":\"STUDIO INIIT\",\"description\":\"Create. Wrap. Love.\",\"publisher\":{\"@id\":\"https:\\\/\\\/studioiniit.se\\\/sv\\\/#organization\"},\"potentialAction\":[{\"@type\":\"SearchAction\",\"target\":{\"@type\":\"EntryPoint\",\"urlTemplate\":\"https:\\\/\\\/studioiniit.se\\\/sv\\\/?s={search_term_string}\"},\"query-input\":{\"@type\":\"PropertyValueSpecification\",\"valueRequired\":true,\"valueName\":\"search_term_string\"}}],\"inLanguage\":\"sv-SE\"},{\"@type\":\"Organization\",\"@id\":\"https:\\\/\\\/studioiniit.se\\\/sv\\\/#organization\",\"name\":\"STUDIO INIIT\",\"url\":\"https:\\\/\\\/studioiniit.se\\\/sv\\\/\",\"logo\":{\"@type\":\"ImageObject\",\"inLanguage\":\"sv-SE\",\"@id\":\"https:\\\/\\\/studioiniit.se\\\/sv\\\/#\\\/schema\\\/logo\\\/image\\\/\",\"url\":\"https:\\\/\\\/studioiniit.se\\\/sv\\\/wp-content\\\/uploads\\\/2024\\\/07\\\/logo-new.png\",\"contentUrl\":\"https:\\\/\\\/studioiniit.se\\\/sv\\\/wp-content\\\/uploads\\\/2024\\\/07\\\/logo-new.png\",\"width\":512,\"height\":512,\"caption\":\"STUDIO INIIT\"},\"image\":{\"@id\":\"https:\\\/\\\/studioiniit.se\\\/sv\\\/#\\\/schema\\\/logo\\\/image\\\/\"},\"sameAs\":[\"https:\\\/\\\/www.facebook.com\\\/studio.iniit\",\"https:\\\/\\\/instagram.com\\\/studio.iniit\"]}]}<\/script>\n<!-- \/ Yoast SEO plugin. -->","yoast_head_json":{"title":"Classic Elegance - STUDIO INIIT","robots":{"index":"index","follow":"follow","max-snippet":"max-snippet:-1","max-image-preview":"max-image-preview:large","max-video-preview":"max-video-preview:-1"},"canonical":"https:\/\/studioiniit.se\/sv\/priser\/classic-elegance\/","og_locale":"sv_SE","og_type":"article","og_title":"Classic Elegance - STUDIO INIIT","og_description":"PRESENTINSLAGNING CLASSIC ELEGANCE CLASSIC ELEGANCE V\u00e5rt Classic Elegance kollektion inkluderar tre olika enf\u00e4rgade tyger: glansig siden, mjuk bomull och gl\u00e4nsande organza. Utforska v\u00e5rt galleri och Instagram f\u00f6r inspiration och l\u00e5t oss hj\u00e4lpa dig skapa en minnesv\u00e4rd g\u00e5voupplevelse. Om du vill uppleva \u00e4nnu mer lyxiga inslagningstyg och designer, ta g\u00e4rna en titt p\u00e5 v\u00e5r Platinum Elegance &hellip; L\u00e4s mer \u201dClassic Elegance\u201d","og_url":"https:\/\/studioiniit.se\/sv\/priser\/classic-elegance\/","og_site_name":"STUDIO INIIT","article_publisher":"https:\/\/www.facebook.com\/studio.iniit","article_modified_time":"2026-02-28T18:32:09+00:00","og_image":[{"width":2000,"height":1000,"url":"https:\/\/studioiniit.se\/sv\/wp-content\/uploads\/2026\/02\/prices-hero.webp","type":"image\/webp"}],"twitter_card":"summary_large_image","twitter_misc":{"Ber\u00e4knad l\u00e4stid":"1 minut"},"schema":{"@context":"https:\/\/schema.org","@graph":[{"@type":"WebPage","@id":"https:\/\/studioiniit.se\/sv\/priser\/classic-elegance\/","url":"https:\/\/studioiniit.se\/sv\/priser\/classic-elegance\/","name":"Classic Elegance - STUDIO INIIT","isPartOf":{"@id":"https:\/\/studioiniit.se\/sv\/#website"},"primaryImageOfPage":{"@id":"https:\/\/studioiniit.se\/sv\/priser\/classic-elegance\/#primaryimage"},"image":{"@id":"https:\/\/studioiniit.se\/sv\/priser\/classic-elegance\/#primaryimage"},"thumbnailUrl":"https:\/\/studioiniit.se\/sv\/wp-content\/uploads\/2026\/02\/prices-hero.webp","datePublished":"2024-07-01T10:41:59+00:00","dateModified":"2026-02-28T18:32:09+00:00","breadcrumb":{"@id":"https:\/\/studioiniit.se\/sv\/priser\/classic-elegance\/#breadcrumb"},"inLanguage":"sv-SE","potentialAction":[{"@type":"ReadAction","target":["https:\/\/studioiniit.se\/sv\/priser\/classic-elegance\/"]}]},{"@type":"ImageObject","inLanguage":"sv-SE","@id":"https:\/\/studioiniit.se\/sv\/priser\/classic-elegance\/#primaryimage","url":"https:\/\/studioiniit.se\/sv\/wp-content\/uploads\/2026\/02\/prices-hero.webp","contentUrl":"https:\/\/studioiniit.se\/sv\/wp-content\/uploads\/2026\/02\/prices-hero.webp","width":2000,"height":1000,"caption":"extilf\u00f6rpackade presenter i flera f\u00e4rger, vackert presenterade"},{"@type":"BreadcrumbList","@id":"https:\/\/studioiniit.se\/sv\/priser\/classic-elegance\/#breadcrumb","itemListElement":[{"@type":"ListItem","position":1,"name":"Home","item":"https:\/\/studioiniit.se\/sv\/"},{"@type":"ListItem","position":2,"name":"Presentinslagning Priser Och Niv\u00e5er","item":"https:\/\/studioiniit.se\/sv\/priser\/"},{"@type":"ListItem","position":3,"name":"Classic Elegance"}]},{"@type":"WebSite","@id":"https:\/\/studioiniit.se\/sv\/#website","url":"https:\/\/studioiniit.se\/sv\/","name":"STUDIO INIIT","description":"Create. Wrap. Love.","publisher":{"@id":"https:\/\/studioiniit.se\/sv\/#organization"},"potentialAction":[{"@type":"SearchAction","target":{"@type":"EntryPoint","urlTemplate":"https:\/\/studioiniit.se\/sv\/?s={search_term_string}"},"query-input":{"@type":"PropertyValueSpecification","valueRequired":true,"valueName":"search_term_string"}}],"inLanguage":"sv-SE"},{"@type":"Organization","@id":"https:\/\/studioiniit.se\/sv\/#organization","name":"STUDIO INIIT","url":"https:\/\/studioiniit.se\/sv\/","logo":{"@type":"ImageObject","inLanguage":"sv-SE","@id":"https:\/\/studioiniit.se\/sv\/#\/schema\/logo\/image\/","url":"https:\/\/studioiniit.se\/sv\/wp-content\/uploads\/2024\/07\/logo-new.png","contentUrl":"https:\/\/studioiniit.se\/sv\/wp-content\/uploads\/2024\/07\/logo-new.png","width":512,"height":512,"caption":"STUDIO INIIT"},"image":{"@id":"https:\/\/studioiniit.se\/sv\/#\/schema\/logo\/image\/"},"sameAs":["https:\/\/www.facebook.com\/studio.iniit","https:\/\/instagram.com\/studio.iniit"]}]}},"_links":{"self":[{"href":"https:\/\/studioiniit.se\/sv\/wp-json\/wp\/v2\/pages\/7320","targetHints":{"allow":["GET"]}}],"collection":[{"href":"https:\/\/studioiniit.se\/sv\/wp-json\/wp\/v2\/pages"}],"about":[{"href":"https:\/\/studioiniit.se\/sv\/wp-json\/wp\/v2\/types\/page"}],"author":[{"embeddable":true,"href":"https:\/\/studioiniit.se\/sv\/wp-json\/wp\/v2\/users\/1"}],"replies":[{"embeddable":true,"href":"https:\/\/studioiniit.se\/sv\/wp-json\/wp\/v2\/comments?post=7320"}],"version-history":[{"count":97,"href":"https:\/\/studioiniit.se\/sv\/wp-json\/wp\/v2\/pages\/7320\/revisions"}],"predecessor-version":[{"id":10634,"href":"https:\/\/studioiniit.se\/sv\/wp-json\/wp\/v2\/pages\/7320\/revisions\/10634"}],"up":[{"embeddable":true,"href":"https:\/\/studioiniit.se\/sv\/wp-json\/wp\/v2\/pages\/7110"}],"wp:featuredmedia":[{"embeddable":true,"href":"https:\/\/studioiniit.se\/sv\/wp-json\/wp\/v2\/media\/10502"}],"wp:attachment":[{"href":"https:\/\/studioiniit.se\/sv\/wp-json\/wp\/v2\/media?parent=7320"}],"curies":[{"name":"wp","href":"https:\/\/api.w.org\/{rel}","templated":true}]}}