{"id":7193,"date":"2024-06-30T17:42:52","date_gmt":"2024-06-30T17:42:52","guid":{"rendered":"https:\/\/studioiniit.se\/\/sv-testingInsLite\/?page_id=7193"},"modified":"2026-02-28T20:30:46","modified_gmt":"2026-02-28T18:30:46","slug":"om-oss","status":"publish","type":"page","link":"https:\/\/studioiniit.se\/sv\/om-oss\/","title":{"rendered":"Om oss"},"content":{"rendered":"\t\t<div data-elementor-type=\"wp-post\" data-elementor-id=\"7193\" class=\"elementor elementor-7193\">\n\t\t\t\t<div class=\"elementor-element elementor-element-643eeabb e-con-full hero-secondary e-flex e-con e-parent\" data-id=\"643eeabb\" data-element_type=\"container\" data-e-type=\"container\">\n\t\t\t\t<div class=\"elementor-element elementor-element-0f4efde elementor-absolute elementor-widget elementor-widget-image\" data-id=\"0f4efde\" data-element_type=\"widget\" data-e-type=\"widget\" data-settings=\"{&quot;_position&quot;:&quot;absolute&quot;}\" data-widget_type=\"image.default\">\n\t\t\t\t<div class=\"elementor-widget-container\">\n\t\t\t\t\t\t\t\t\t\t\t\t\t\t\t<img fetchpriority=\"high\" decoding=\"async\" width=\"2000\" height=\"1000\" src=\"https:\/\/studioiniit.se\/sv\/wp-content\/uploads\/2026\/02\/about_us-hero.webp\" class=\"attachment-full size-full wp-image-10510\" alt=\"\" srcset=\"https:\/\/studioiniit.se\/sv\/wp-content\/uploads\/2026\/02\/about_us-hero.webp 2000w, https:\/\/studioiniit.se\/sv\/wp-content\/uploads\/2026\/02\/about_us-hero-300x150.webp 300w, https:\/\/studioiniit.se\/sv\/wp-content\/uploads\/2026\/02\/about_us-hero-1024x512.webp 1024w, https:\/\/studioiniit.se\/sv\/wp-content\/uploads\/2026\/02\/about_us-hero-1536x768.webp 1536w\" sizes=\"100vw\" \/>\t\t\t\t\t\t\t\t\t\t\t\t\t\t\t<\/div>\n\t\t\t\t<\/div>\n\t\t<div class=\"elementor-element elementor-element-3db5dafb e-con-full e-flex e-con e-child\" data-id=\"3db5dafb\" data-element_type=\"container\" data-e-type=\"container\">\n\t\t<div class=\"elementor-element elementor-element-33170e9c e-con-full e-flex e-con e-child\" data-id=\"33170e9c\" data-element_type=\"container\" data-e-type=\"container\">\n\t\t\t\t<div class=\"elementor-element elementor-element-39392b5e elementor-widget elementor-widget-heading\" data-id=\"39392b5e\" data-element_type=\"widget\" data-e-type=\"widget\" data-widget_type=\"heading.default\">\n\t\t\t\t<div class=\"elementor-widget-container\">\n\t\t\t\t\t<h1 class=\"elementor-heading-title elementor-size-default\">OM OSS<\/h1>\t\t\t\t<\/div>\n\t\t\t\t<\/div>\n\t\t\t\t<\/div>\n\t\t\t\t<\/div>\n\t\t\t\t<\/div>\n\t\t<div class=\"elementor-element elementor-element-61d8d159 e-flex e-con-boxed e-con e-parent\" data-id=\"61d8d159\" data-element_type=\"container\" data-e-type=\"container\" data-settings=\"{&quot;background_background&quot;:&quot;classic&quot;}\">\n\t\t\t\t\t<div class=\"e-con-inner\">\n\t\t<div class=\"elementor-element elementor-element-7aecb0cc e-con-full e-flex e-con e-child\" data-id=\"7aecb0cc\" data-element_type=\"container\" data-e-type=\"container\">\n\t\t\t\t<div class=\"elementor-element elementor-element-51ca5db4 elementor-widget elementor-widget-heading\" data-id=\"51ca5db4\" data-element_type=\"widget\" data-e-type=\"widget\" data-widget_type=\"heading.default\">\n\t\t\t\t<div class=\"elementor-widget-container\">\n\t\t\t\t\t<h2 class=\"elementor-heading-title elementor-size-default\">V\u00c5R HISTORIA<\/h2>\t\t\t\t<\/div>\n\t\t\t\t<\/div>\n\t\t<div class=\"elementor-element elementor-element-d3734b7 e-con-full e-flex e-con e-child\" data-id=\"d3734b7\" data-element_type=\"container\" data-e-type=\"container\">\n\t\t<div class=\"elementor-element elementor-element-a2065b5 e-con-full e-flex e-con e-child\" data-id=\"a2065b5\" data-element_type=\"container\" data-e-type=\"container\">\n\t\t\t\t<div class=\"elementor-element elementor-element-3d01db5 elementor-widget elementor-widget-image\" data-id=\"3d01db5\" data-element_type=\"widget\" data-e-type=\"widget\" data-widget_type=\"image.default\">\n\t\t\t\t<div class=\"elementor-widget-container\">\n\t\t\t\t\t\t\t\t\t\t\t\t\t\t\t<img decoding=\"async\" width=\"600\" height=\"750\" src=\"https:\/\/studioiniit.se\/sv\/wp-content\/uploads\/2025\/08\/Lia-STUDIO-INIIT-600.webp\" class=\"attachment-full size-full wp-image-10021\" alt=\"En bild av Lia\" srcset=\"https:\/\/studioiniit.se\/sv\/wp-content\/uploads\/2025\/08\/Lia-STUDIO-INIIT-600.webp 600w, https:\/\/studioiniit.se\/sv\/wp-content\/uploads\/2025\/08\/Lia-STUDIO-INIIT-600-240x300.webp 240w\" sizes=\"100vw\" \/>\t\t\t\t\t\t\t\t\t\t\t\t\t\t\t<\/div>\n\t\t\t\t<\/div>\n\t\t\t\t<\/div>\n\t\t<div class=\"elementor-element elementor-element-3fab0ac2 e-con-full e-flex e-con e-child\" data-id=\"3fab0ac2\" data-element_type=\"container\" data-e-type=\"container\">\n\t\t\t\t<div class=\"elementor-element elementor-element-2e3c389f elementor-widget elementor-widget-text-editor\" data-id=\"2e3c389f\" data-element_type=\"widget\" data-e-type=\"widget\" data-widget_type=\"text-editor.default\">\n\t\t\t\t<div class=\"elementor-widget-container\">\n\t\t\t\t\t\t\t\t\t<div class=\"wp-block-column is-layout-flow wp-block-column-is-layout-flow\"><p>Jag v\u00e4xte upp i Korea, omgiven av f\u00e4rger, former och traditioner som tidigt p\u00e5verkade hur jag ser p\u00e5 v\u00e4rlden. N\u00e4r jag blev vuxen flyttade jag till Shanghai, en stad full av energi och m\u00e5ngfald, d\u00e4r jag tr\u00e4ffade m\u00e4nniskor fr\u00e5n olika kulturer och fick nya perspektiv. Senare flyttade jag till Sverige, d\u00e4r den vackra naturen och det lugnare tempot inspirerade mig p\u00e5 ett helt nytt s\u00e4tt. Alla dessa erfarenheter och m\u00f6ten har l\u00e4rt mig hur viktigt det \u00e4r att bygga genuina relationer.<\/p><p>Men livet tog en ov\u00e4ntad v\u00e4ndning n\u00e4r jag i b\u00f6rjan av 30-\u00e5rs\u00e5ldern fick beskedet att jag hade cancer. Det var en tuff tid som utmanade mig p\u00e5 m\u00e5nga s\u00e4tt, men den gav mig ocks\u00e5 nya insikter. Jag l\u00e4rde mig att uppskatta livets sm\u00e5 stunder och uppt\u00e4ckte en inre styrka jag inte visste att jag hade. Det var ocks\u00e5 under den h\u00e4r perioden som jag \u00e5teruppt\u00e4ckte en gammal tradition \u2013 tyginslagning \u2013 som jag alltid haft med mig. Genom att kombinera den koreanska traditionen med modern design skapade jag n\u00e5got som inte bara \u00e4r vackert, utan som ocks\u00e5 inneh\u00e5ller en djupare omtanke. Varje inslagning blev en symbol f\u00f6r n\u00e4rhet, kreativitet och m\u00e4nskliga relationer.<\/p><p>Idag driver jag STUDIO INIIT, d\u00e4r jag f\u00e5r uttrycka min passion f\u00f6r att skapa n\u00e5got b\u00e5de vackert och meningsfullt. Namnet INIIT st\u00e5r f\u00f6r relationer och kopplingar \u2013 det som ligger till grund f\u00f6r allt jag g\u00f6r. Jag v\u00e4ljer varje tyg, varje f\u00e4rg och varje m\u00f6nster med stor omsorg s\u00e5 att varje inslagning ska k\u00e4nnas unik och personlig.<\/p><p>F\u00f6r mig handlar det om mer \u00e4n bara g\u00e5van. Det handlar om att skapa en upplevelse \u2013 en enkel gest som ber\u00f6r och l\u00e4mnar ett best\u00e5ende intryck. Oavsett om det \u00e4r f\u00f6r att fira ett speciellt tillf\u00e4lle eller visa uppskattning i vardagen, vill jag hj\u00e4lpa dig att skapa n\u00e5got som verkligen betyder n\u00e5got.<\/p><p>Lia<br \/>Grundare &amp; Kreativ Direkt\u00f6r<\/p><\/div>\t\t\t\t\t\t\t\t<\/div>\n\t\t\t\t<\/div>\n\t\t\t\t<\/div>\n\t\t\t\t<\/div>\n\t\t\t\t<\/div>\n\t\t\t\t\t<\/div>\n\t\t\t\t<\/div>\n\t\t<div class=\"elementor-element elementor-element-711df6b e-flex e-con-boxed e-con e-parent\" data-id=\"711df6b\" data-element_type=\"container\" data-e-type=\"container\" data-settings=\"{&quot;background_background&quot;:&quot;classic&quot;}\">\n\t\t\t\t\t<div class=\"e-con-inner\">\n\t\t<div class=\"elementor-element elementor-element-b4f5a0f e-con-full e-flex e-con e-child\" data-id=\"b4f5a0f\" data-element_type=\"container\" data-e-type=\"container\">\n\t\t\t\t<div class=\"elementor-element elementor-element-42bd590 elementor-widget elementor-widget-heading\" data-id=\"42bd590\" data-element_type=\"widget\" data-e-type=\"widget\" data-widget_type=\"heading.default\">\n\t\t\t\t<div class=\"elementor-widget-container\">\n\t\t\t\t\t<h2 class=\"elementor-heading-title elementor-size-default\">F\u00d6RETAGSINFORMATION<\/h2>\t\t\t\t<\/div>\n\t\t\t\t<\/div>\n\t\t<div class=\"elementor-element elementor-element-5f39935 e-con-full e-flex e-con e-child\" data-id=\"5f39935\" data-element_type=\"container\" data-e-type=\"container\">\n\t\t<div class=\"elementor-element elementor-element-52b6e2a e-con-full e-flex e-con e-child\" data-id=\"52b6e2a\" data-element_type=\"container\" data-e-type=\"container\">\n\t\t\t\t<div class=\"elementor-element elementor-element-9158fa7 elementor-widget elementor-widget-heading\" data-id=\"9158fa7\" data-element_type=\"widget\" data-e-type=\"widget\" data-widget_type=\"heading.default\">\n\t\t\t\t<div class=\"elementor-widget-container\">\n\t\t\t\t\t<h4 class=\"elementor-heading-title elementor-size-default\">Var \u00e4r vi<\/h4>\t\t\t\t<\/div>\n\t\t\t\t<\/div>\n\t\t<div class=\"elementor-element elementor-element-f9b0e1b e-con-full e-flex e-con e-child\" data-id=\"f9b0e1b\" data-element_type=\"container\" data-e-type=\"container\">\n\t\t<div class=\"elementor-element elementor-element-c11a49b e-con-full e-flex e-con e-child\" data-id=\"c11a49b\" data-element_type=\"container\" data-e-type=\"container\">\n\t\t\t\t<div class=\"elementor-element elementor-element-3de4127 elementor-widget elementor-widget-text-editor\" data-id=\"3de4127\" data-element_type=\"widget\" data-e-type=\"widget\" data-widget_type=\"text-editor.default\">\n\t\t\t\t<div class=\"elementor-widget-container\">\n\t\t\t\t\t\t\t\t\t<div class=\"wp-block-column is-layout-flow wp-block-column-is-layout-flow\"><p>STUDIO INIIT AB<\/p><\/div>\t\t\t\t\t\t\t\t<\/div>\n\t\t\t\t<\/div>\n\t\t\t\t<div class=\"elementor-element elementor-element-38bfed0 elementor-widget elementor-widget-text-editor\" data-id=\"38bfed0\" data-element_type=\"widget\" data-e-type=\"widget\" data-widget_type=\"text-editor.default\">\n\t\t\t\t<div class=\"elementor-widget-container\">\n\t\t\t\t\t\t\t\t\t<div class=\"wp-block-column is-layout-flow wp-block-column-is-layout-flow\"><p>Siargatan 9, 118 27 Stockholm, Sweden<\/p><\/div>\t\t\t\t\t\t\t\t<\/div>\n\t\t\t\t<\/div>\n\t\t\t\t<\/div>\n\t\t<div class=\"elementor-element elementor-element-151eae1 e-con-full e-flex e-con e-child\" data-id=\"151eae1\" data-element_type=\"container\" data-e-type=\"container\">\n\t\t\t\t<div class=\"elementor-element elementor-element-45044fb elementor-widget elementor-widget-text-editor\" data-id=\"45044fb\" data-element_type=\"widget\" data-e-type=\"widget\" data-widget_type=\"text-editor.default\">\n\t\t\t\t<div class=\"elementor-widget-container\">\n\t\t\t\t\t\t\t\t\t<div class=\"wp-block-column is-layout-flow wp-block-column-is-layout-flow\"><p>Org-nr: 559428-2260<\/p><\/div>\t\t\t\t\t\t\t\t<\/div>\n\t\t\t\t<\/div>\n\t\t\t\t<div class=\"elementor-element elementor-element-db1b25c elementor-widget elementor-widget-text-editor\" data-id=\"db1b25c\" data-element_type=\"widget\" data-e-type=\"widget\" data-widget_type=\"text-editor.default\">\n\t\t\t\t<div class=\"elementor-widget-container\">\n\t\t\t\t\t\t\t\t\t<div class=\"wp-block-column is-layout-flow wp-block-column-is-layout-flow\"><p>VAT-nr: SE559428226001<\/p><\/div>\t\t\t\t\t\t\t\t<\/div>\n\t\t\t\t<\/div>\n\t\t\t\t<\/div>\n\t\t\t\t<\/div>\n\t\t\t\t<div class=\"elementor-element elementor-element-83344b1 elementor-widget elementor-widget-heading\" data-id=\"83344b1\" data-element_type=\"widget\" data-e-type=\"widget\" data-widget_type=\"heading.default\">\n\t\t\t\t<div class=\"elementor-widget-container\">\n\t\t\t\t\t<h4 class=\"elementor-heading-title elementor-size-default\">Kundservice<\/h4>\t\t\t\t<\/div>\n\t\t\t\t<\/div>\n\t\t\t\t<div class=\"elementor-element elementor-element-46e2203 elementor-widget elementor-widget-text-editor\" data-id=\"46e2203\" data-element_type=\"widget\" data-e-type=\"widget\" data-widget_type=\"text-editor.default\">\n\t\t\t\t<div class=\"elementor-widget-container\">\n\t\t\t\t\t\t\t\t\t<p>M\u00e5ndag till Fredag, 10 AM to 3 PM CET<br \/><a href=\"mailto:hello@studioiniit.se\">hello@studioiniit.se<\/a> eller via v\u00e5rt <a href=\"https:\/\/studioiniit.se\/sv\/kontakta-oss\/\">kontaktformul\u00e4r<\/a>.<br \/>+46 (0) 8 400 698 77<\/p>\t\t\t\t\t\t\t\t<\/div>\n\t\t\t\t<\/div>\n\t\t\t\t<\/div>\n\t\t<div class=\"elementor-element elementor-element-54a3289 e-con-full e-flex e-con e-child\" data-id=\"54a3289\" data-element_type=\"container\" data-e-type=\"container\">\n\t\t\t\t<div class=\"elementor-element elementor-element-577160b elementor-widget elementor-widget-image\" data-id=\"577160b\" data-element_type=\"widget\" data-e-type=\"widget\" data-widget_type=\"image.default\">\n\t\t\t\t<div class=\"elementor-widget-container\">\n\t\t\t\t\t\t\t\t\t\t\t\t\t\t\t<img decoding=\"async\" width=\"600\" height=\"503\" src=\"https:\/\/studioiniit.se\/sv\/wp-content\/uploads\/2025\/08\/About-us-Stockholm-600.webp\" class=\"attachment-full size-full wp-image-10022\" alt=\"En utsikt \u00f6ver Stockholms stadshus\" srcset=\"https:\/\/studioiniit.se\/sv\/wp-content\/uploads\/2025\/08\/About-us-Stockholm-600.webp 600w, https:\/\/studioiniit.se\/sv\/wp-content\/uploads\/2025\/08\/About-us-Stockholm-600-300x252.webp 300w\" sizes=\"100vw\" \/>\t\t\t\t\t\t\t\t\t\t\t\t\t\t\t<\/div>\n\t\t\t\t<\/div>\n\t\t\t\t<\/div>\n\t\t\t\t<\/div>\n\t\t\t\t<\/div>\n\t\t\t\t\t<\/div>\n\t\t\t\t<\/div>\n\t\t\t\t<\/div>\n\t\t","protected":false},"excerpt":{"rendered":"<p>OM OSS V\u00c5R HISTORIA Jag v\u00e4xte upp i Korea, omgiven av f\u00e4rger, former och traditioner som tidigt p\u00e5verkade hur jag ser p\u00e5 v\u00e4rlden. N\u00e4r jag blev vuxen flyttade jag till Shanghai, en stad full av energi och m\u00e5ngfald, d\u00e4r jag tr\u00e4ffade m\u00e4nniskor fr\u00e5n olika kulturer och fick nya perspektiv. Senare flyttade jag till Sverige, d\u00e4r &hellip; <\/p>\n<p class=\"link-more\"><a href=\"https:\/\/studioiniit.se\/sv\/om-oss\/\" class=\"more-link\">L\u00e4s mer<span class=\"screen-reader-text\"> \u201dOm oss\u201d<\/span><\/a><\/p>\n","protected":false},"author":1,"featured_media":10510,"parent":0,"menu_order":0,"comment_status":"closed","ping_status":"closed","template":"page-templates\/full-width-transparent.php","meta":{"inspiro_hide_title":false,"footnotes":""},"class_list":["post-7193","page","type-page","status-publish","has-post-thumbnail","hentry"],"yoast_head":"<!-- This site is optimized with the Yoast SEO plugin v27.5 - https:\/\/yoast.com\/product\/yoast-seo-wordpress\/ -->\n<title>Om oss - STUDIO INIIT<\/title>\n<meta name=\"description\" content=\"STUDIO INIIT f\u00f6rvandlar kreativitet till konst och f\u00f6renar koreanska traditioner med modern design f\u00f6r unika, meningsfulla paketinslagningar\" \/>\n<meta name=\"robots\" content=\"index, follow, max-snippet:-1, max-image-preview:large, max-video-preview:-1\" \/>\n<link rel=\"canonical\" href=\"https:\/\/studioiniit.se\/sv\/om-oss\/\" \/>\n<meta property=\"og:locale\" content=\"sv_SE\" \/>\n<meta property=\"og:type\" content=\"article\" \/>\n<meta property=\"og:title\" content=\"Om oss - STUDIO INIIT\" \/>\n<meta property=\"og:description\" content=\"STUDIO INIIT f\u00f6rvandlar kreativitet till konst och f\u00f6renar koreanska traditioner med modern design f\u00f6r unika, meningsfulla paketinslagningar\" \/>\n<meta property=\"og:url\" content=\"https:\/\/studioiniit.se\/sv\/om-oss\/\" \/>\n<meta property=\"og:site_name\" content=\"STUDIO INIIT\" \/>\n<meta property=\"article:publisher\" content=\"https:\/\/www.facebook.com\/studio.iniit\" \/>\n<meta property=\"article:modified_time\" content=\"2026-02-28T18:30:46+00:00\" \/>\n<meta property=\"og:image\" content=\"https:\/\/studioiniit.se\/sv\/wp-content\/uploads\/2026\/02\/about_us-hero.webp\" \/>\n\t<meta property=\"og:image:width\" content=\"2000\" \/>\n\t<meta property=\"og:image:height\" content=\"1000\" \/>\n\t<meta property=\"og:image:type\" content=\"image\/webp\" \/>\n<meta name=\"twitter:card\" content=\"summary_large_image\" \/>\n<meta name=\"twitter:label1\" content=\"Ber\u00e4knad l\u00e4stid\" \/>\n\t<meta name=\"twitter:data1\" content=\"3 minuter\" \/>\n<script type=\"application\/ld+json\" class=\"yoast-schema-graph\">{\"@context\":\"https:\\\/\\\/schema.org\",\"@graph\":[{\"@type\":[\"WebPage\",\"AboutPage\"],\"@id\":\"https:\\\/\\\/studioiniit.se\\\/sv\\\/om-oss\\\/\",\"url\":\"https:\\\/\\\/studioiniit.se\\\/sv\\\/om-oss\\\/\",\"name\":\"Om oss - STUDIO INIIT\",\"isPartOf\":{\"@id\":\"https:\\\/\\\/studioiniit.se\\\/sv\\\/#website\"},\"primaryImageOfPage\":{\"@id\":\"https:\\\/\\\/studioiniit.se\\\/sv\\\/om-oss\\\/#primaryimage\"},\"image\":{\"@id\":\"https:\\\/\\\/studioiniit.se\\\/sv\\\/om-oss\\\/#primaryimage\"},\"thumbnailUrl\":\"https:\\\/\\\/studioiniit.se\\\/sv\\\/wp-content\\\/uploads\\\/2026\\\/02\\\/about_us-hero.webp\",\"datePublished\":\"2024-06-30T17:42:52+00:00\",\"dateModified\":\"2026-02-28T18:30:46+00:00\",\"description\":\"STUDIO INIIT f\u00f6rvandlar kreativitet till konst och f\u00f6renar koreanska traditioner med modern design f\u00f6r unika, meningsfulla paketinslagningar\",\"breadcrumb\":{\"@id\":\"https:\\\/\\\/studioiniit.se\\\/sv\\\/om-oss\\\/#breadcrumb\"},\"inLanguage\":\"sv-SE\",\"potentialAction\":[{\"@type\":\"ReadAction\",\"target\":[\"https:\\\/\\\/studioiniit.se\\\/sv\\\/om-oss\\\/\"]}]},{\"@type\":\"ImageObject\",\"inLanguage\":\"sv-SE\",\"@id\":\"https:\\\/\\\/studioiniit.se\\\/sv\\\/om-oss\\\/#primaryimage\",\"url\":\"https:\\\/\\\/studioiniit.se\\\/sv\\\/wp-content\\\/uploads\\\/2026\\\/02\\\/about_us-hero.webp\",\"contentUrl\":\"https:\\\/\\\/studioiniit.se\\\/sv\\\/wp-content\\\/uploads\\\/2026\\\/02\\\/about_us-hero.webp\",\"width\":2000,\"height\":1000},{\"@type\":\"BreadcrumbList\",\"@id\":\"https:\\\/\\\/studioiniit.se\\\/sv\\\/om-oss\\\/#breadcrumb\",\"itemListElement\":[{\"@type\":\"ListItem\",\"position\":1,\"name\":\"Home\",\"item\":\"https:\\\/\\\/studioiniit.se\\\/sv\\\/\"},{\"@type\":\"ListItem\",\"position\":2,\"name\":\"Om oss\"}]},{\"@type\":\"WebSite\",\"@id\":\"https:\\\/\\\/studioiniit.se\\\/sv\\\/#website\",\"url\":\"https:\\\/\\\/studioiniit.se\\\/sv\\\/\",\"name\":\"STUDIO INIIT\",\"description\":\"Create. Wrap. Love.\",\"publisher\":{\"@id\":\"https:\\\/\\\/studioiniit.se\\\/sv\\\/#organization\"},\"potentialAction\":[{\"@type\":\"SearchAction\",\"target\":{\"@type\":\"EntryPoint\",\"urlTemplate\":\"https:\\\/\\\/studioiniit.se\\\/sv\\\/?s={search_term_string}\"},\"query-input\":{\"@type\":\"PropertyValueSpecification\",\"valueRequired\":true,\"valueName\":\"search_term_string\"}}],\"inLanguage\":\"sv-SE\"},{\"@type\":\"Organization\",\"@id\":\"https:\\\/\\\/studioiniit.se\\\/sv\\\/#organization\",\"name\":\"STUDIO INIIT\",\"url\":\"https:\\\/\\\/studioiniit.se\\\/sv\\\/\",\"logo\":{\"@type\":\"ImageObject\",\"inLanguage\":\"sv-SE\",\"@id\":\"https:\\\/\\\/studioiniit.se\\\/sv\\\/#\\\/schema\\\/logo\\\/image\\\/\",\"url\":\"https:\\\/\\\/studioiniit.se\\\/sv\\\/wp-content\\\/uploads\\\/2024\\\/07\\\/logo-new.png\",\"contentUrl\":\"https:\\\/\\\/studioiniit.se\\\/sv\\\/wp-content\\\/uploads\\\/2024\\\/07\\\/logo-new.png\",\"width\":512,\"height\":512,\"caption\":\"STUDIO INIIT\"},\"image\":{\"@id\":\"https:\\\/\\\/studioiniit.se\\\/sv\\\/#\\\/schema\\\/logo\\\/image\\\/\"},\"sameAs\":[\"https:\\\/\\\/www.facebook.com\\\/studio.iniit\",\"https:\\\/\\\/instagram.com\\\/studio.iniit\"]}]}<\/script>\n<!-- \/ Yoast SEO plugin. -->","yoast_head_json":{"title":"Om oss - STUDIO INIIT","description":"STUDIO INIIT f\u00f6rvandlar kreativitet till konst och f\u00f6renar koreanska traditioner med modern design f\u00f6r unika, meningsfulla paketinslagningar","robots":{"index":"index","follow":"follow","max-snippet":"max-snippet:-1","max-image-preview":"max-image-preview:large","max-video-preview":"max-video-preview:-1"},"canonical":"https:\/\/studioiniit.se\/sv\/om-oss\/","og_locale":"sv_SE","og_type":"article","og_title":"Om oss - STUDIO INIIT","og_description":"STUDIO INIIT f\u00f6rvandlar kreativitet till konst och f\u00f6renar koreanska traditioner med modern design f\u00f6r unika, meningsfulla paketinslagningar","og_url":"https:\/\/studioiniit.se\/sv\/om-oss\/","og_site_name":"STUDIO INIIT","article_publisher":"https:\/\/www.facebook.com\/studio.iniit","article_modified_time":"2026-02-28T18:30:46+00:00","og_image":[{"width":2000,"height":1000,"url":"https:\/\/studioiniit.se\/sv\/wp-content\/uploads\/2026\/02\/about_us-hero.webp","type":"image\/webp"}],"twitter_card":"summary_large_image","twitter_misc":{"Ber\u00e4knad l\u00e4stid":"3 minuter"},"schema":{"@context":"https:\/\/schema.org","@graph":[{"@type":["WebPage","AboutPage"],"@id":"https:\/\/studioiniit.se\/sv\/om-oss\/","url":"https:\/\/studioiniit.se\/sv\/om-oss\/","name":"Om oss - STUDIO INIIT","isPartOf":{"@id":"https:\/\/studioiniit.se\/sv\/#website"},"primaryImageOfPage":{"@id":"https:\/\/studioiniit.se\/sv\/om-oss\/#primaryimage"},"image":{"@id":"https:\/\/studioiniit.se\/sv\/om-oss\/#primaryimage"},"thumbnailUrl":"https:\/\/studioiniit.se\/sv\/wp-content\/uploads\/2026\/02\/about_us-hero.webp","datePublished":"2024-06-30T17:42:52+00:00","dateModified":"2026-02-28T18:30:46+00:00","description":"STUDIO INIIT f\u00f6rvandlar kreativitet till konst och f\u00f6renar koreanska traditioner med modern design f\u00f6r unika, meningsfulla paketinslagningar","breadcrumb":{"@id":"https:\/\/studioiniit.se\/sv\/om-oss\/#breadcrumb"},"inLanguage":"sv-SE","potentialAction":[{"@type":"ReadAction","target":["https:\/\/studioiniit.se\/sv\/om-oss\/"]}]},{"@type":"ImageObject","inLanguage":"sv-SE","@id":"https:\/\/studioiniit.se\/sv\/om-oss\/#primaryimage","url":"https:\/\/studioiniit.se\/sv\/wp-content\/uploads\/2026\/02\/about_us-hero.webp","contentUrl":"https:\/\/studioiniit.se\/sv\/wp-content\/uploads\/2026\/02\/about_us-hero.webp","width":2000,"height":1000},{"@type":"BreadcrumbList","@id":"https:\/\/studioiniit.se\/sv\/om-oss\/#breadcrumb","itemListElement":[{"@type":"ListItem","position":1,"name":"Home","item":"https:\/\/studioiniit.se\/sv\/"},{"@type":"ListItem","position":2,"name":"Om oss"}]},{"@type":"WebSite","@id":"https:\/\/studioiniit.se\/sv\/#website","url":"https:\/\/studioiniit.se\/sv\/","name":"STUDIO INIIT","description":"Create. Wrap. Love.","publisher":{"@id":"https:\/\/studioiniit.se\/sv\/#organization"},"potentialAction":[{"@type":"SearchAction","target":{"@type":"EntryPoint","urlTemplate":"https:\/\/studioiniit.se\/sv\/?s={search_term_string}"},"query-input":{"@type":"PropertyValueSpecification","valueRequired":true,"valueName":"search_term_string"}}],"inLanguage":"sv-SE"},{"@type":"Organization","@id":"https:\/\/studioiniit.se\/sv\/#organization","name":"STUDIO INIIT","url":"https:\/\/studioiniit.se\/sv\/","logo":{"@type":"ImageObject","inLanguage":"sv-SE","@id":"https:\/\/studioiniit.se\/sv\/#\/schema\/logo\/image\/","url":"https:\/\/studioiniit.se\/sv\/wp-content\/uploads\/2024\/07\/logo-new.png","contentUrl":"https:\/\/studioiniit.se\/sv\/wp-content\/uploads\/2024\/07\/logo-new.png","width":512,"height":512,"caption":"STUDIO INIIT"},"image":{"@id":"https:\/\/studioiniit.se\/sv\/#\/schema\/logo\/image\/"},"sameAs":["https:\/\/www.facebook.com\/studio.iniit","https:\/\/instagram.com\/studio.iniit"]}]}},"_links":{"self":[{"href":"https:\/\/studioiniit.se\/sv\/wp-json\/wp\/v2\/pages\/7193","targetHints":{"allow":["GET"]}}],"collection":[{"href":"https:\/\/studioiniit.se\/sv\/wp-json\/wp\/v2\/pages"}],"about":[{"href":"https:\/\/studioiniit.se\/sv\/wp-json\/wp\/v2\/types\/page"}],"author":[{"embeddable":true,"href":"https:\/\/studioiniit.se\/sv\/wp-json\/wp\/v2\/users\/1"}],"replies":[{"embeddable":true,"href":"https:\/\/studioiniit.se\/sv\/wp-json\/wp\/v2\/comments?post=7193"}],"version-history":[{"count":139,"href":"https:\/\/studioiniit.se\/sv\/wp-json\/wp\/v2\/pages\/7193\/revisions"}],"predecessor-version":[{"id":10628,"href":"https:\/\/studioiniit.se\/sv\/wp-json\/wp\/v2\/pages\/7193\/revisions\/10628"}],"wp:featuredmedia":[{"embeddable":true,"href":"https:\/\/studioiniit.se\/sv\/wp-json\/wp\/v2\/media\/10510"}],"wp:attachment":[{"href":"https:\/\/studioiniit.se\/sv\/wp-json\/wp\/v2\/media?parent=7193"}],"curies":[{"name":"wp","href":"https:\/\/api.w.org\/{rel}","templated":true}]}}