{"id":7040,"date":"2024-06-29T20:25:09","date_gmt":"2024-06-29T20:25:09","guid":{"rendered":"https:\/\/studioiniit.se\/\/sv-testingInsLite\/?page_id=7040"},"modified":"2026-02-28T20:34:33","modified_gmt":"2026-02-28T18:34:33","slug":"flertalet-gavor","status":"publish","type":"page","link":"https:\/\/studioiniit.se\/sv\/presentinslagning-tjanster\/flertalet-gavor\/","title":{"rendered":"Flertalet g\u00e5vor"},"content":{"rendered":"\t\t<div data-elementor-type=\"wp-post\" data-elementor-id=\"7040\" class=\"elementor elementor-7040\">\n\t\t\t\t<div class=\"elementor-element elementor-element-3b9771f4 e-con-full hero-secondary e-flex e-con e-parent\" data-id=\"3b9771f4\" data-element_type=\"container\" data-e-type=\"container\">\n\t\t\t\t<div class=\"elementor-element elementor-element-2a03076 elementor-absolute elementor-widget elementor-widget-image\" data-id=\"2a03076\" data-element_type=\"widget\" data-e-type=\"widget\" data-settings=\"{&quot;_position&quot;:&quot;absolute&quot;}\" data-widget_type=\"image.default\">\n\t\t\t\t<div class=\"elementor-widget-container\">\n\t\t\t\t\t\t\t\t\t\t\t\t\t\t\t<img fetchpriority=\"high\" decoding=\"async\" width=\"2000\" height=\"1000\" src=\"https:\/\/studioiniit.se\/sv\/wp-content\/uploads\/2026\/02\/multi_gifts-hero.webp\" class=\"attachment-full size-full wp-image-10518\" alt=\"Presenter i olika storlekar inslagna i olika textilf\u00e4rger, alla inuti en st\u00f6rre l\u00e5da\" srcset=\"https:\/\/studioiniit.se\/sv\/wp-content\/uploads\/2026\/02\/multi_gifts-hero.webp 2000w, https:\/\/studioiniit.se\/sv\/wp-content\/uploads\/2026\/02\/multi_gifts-hero-300x150.webp 300w, https:\/\/studioiniit.se\/sv\/wp-content\/uploads\/2026\/02\/multi_gifts-hero-1024x512.webp 1024w, https:\/\/studioiniit.se\/sv\/wp-content\/uploads\/2026\/02\/multi_gifts-hero-1536x768.webp 1536w\" sizes=\"100vw\" \/>\t\t\t\t\t\t\t\t\t\t\t\t\t\t\t<\/div>\n\t\t\t\t<\/div>\n\t\t<div class=\"elementor-element elementor-element-46c557fe e-con-full e-flex e-con e-child\" data-id=\"46c557fe\" data-element_type=\"container\" data-e-type=\"container\">\n\t\t<div class=\"elementor-element elementor-element-367ca2d0 e-con-full e-flex e-con e-child\" data-id=\"367ca2d0\" data-element_type=\"container\" data-e-type=\"container\">\n\t\t\t\t<div class=\"elementor-element elementor-element-3ccc7e9 elementor-widget elementor-widget-heading\" data-id=\"3ccc7e9\" data-element_type=\"widget\" data-e-type=\"widget\" data-widget_type=\"heading.default\">\n\t\t\t\t<div class=\"elementor-widget-container\">\n\t\t\t\t\t<h1 class=\"elementor-heading-title elementor-size-default\">FLERTALET G\u00c5VOR<\/h1>\t\t\t\t<\/div>\n\t\t\t\t<\/div>\n\t\t\t\t<\/div>\n\t\t\t\t<\/div>\n\t\t\t\t<\/div>\n\t\t<div class=\"elementor-element elementor-element-e9d2b5a e-flex e-con-boxed e-con e-parent\" data-id=\"e9d2b5a\" data-element_type=\"container\" data-e-type=\"container\" data-settings=\"{&quot;background_background&quot;:&quot;classic&quot;}\">\n\t\t\t\t\t<div class=\"e-con-inner\">\n\t\t<div class=\"elementor-element elementor-element-3f57aea9 e-con-full e-flex e-con e-child\" data-id=\"3f57aea9\" data-element_type=\"container\" data-e-type=\"container\">\n\t\t<div class=\"elementor-element elementor-element-0c635a4 e-con-full e-flex e-con e-child\" data-id=\"0c635a4\" data-element_type=\"container\" data-e-type=\"container\">\n\t\t\t\t<div class=\"elementor-element elementor-element-6b19e8f elementor-widget elementor-widget-heading\" data-id=\"6b19e8f\" data-element_type=\"widget\" data-e-type=\"widget\" data-widget_type=\"heading.default\">\n\t\t\t\t<div class=\"elementor-widget-container\">\n\t\t\t\t\t<h2 class=\"elementor-heading-title elementor-size-default\">K\u00c4RLEK I VARJE VECK, LYCKA I VARJE UPPSLAG<\/h2>\t\t\t\t<\/div>\n\t\t\t\t<\/div>\n\t\t\t\t<div class=\"elementor-element elementor-element-75b546e elementor-widget elementor-widget-text-editor\" data-id=\"75b546e\" data-element_type=\"widget\" data-e-type=\"widget\" data-widget_type=\"text-editor.default\">\n\t\t\t\t<div class=\"elementor-widget-container\">\n\t\t\t\t\t\t\t\t\t<p>Jul, Br\u00f6llop, Studenten, V\u00e4lkomstpaket<\/p>\t\t\t\t\t\t\t\t<\/div>\n\t\t\t\t<\/div>\n\t\t\t\t<div class=\"elementor-element elementor-element-787ba89d elementor-widget-divider--view-line elementor-widget elementor-widget-divider\" data-id=\"787ba89d\" data-element_type=\"widget\" data-e-type=\"widget\" data-widget_type=\"divider.default\">\n\t\t\t\t<div class=\"elementor-widget-container\">\n\t\t\t\t\t\t\t<div class=\"elementor-divider\">\n\t\t\t<span class=\"elementor-divider-separator\">\n\t\t\t\t\t\t<\/span>\n\t\t<\/div>\n\t\t\t\t\t\t<\/div>\n\t\t\t\t<\/div>\n\t\t\t\t<\/div>\n\t\t<div class=\"elementor-element elementor-element-13960106 e-con-full e-flex e-con e-child\" data-id=\"13960106\" data-element_type=\"container\" data-e-type=\"container\">\n\t\t<div class=\"elementor-element elementor-element-7a2d3fc6 e-con-full e-flex e-con e-child\" data-id=\"7a2d3fc6\" data-element_type=\"container\" data-e-type=\"container\">\n\t\t\t\t<div class=\"elementor-element elementor-element-771b75a8 elementor-widget elementor-widget-text-editor\" data-id=\"771b75a8\" data-element_type=\"widget\" data-e-type=\"widget\" data-widget_type=\"text-editor.default\">\n\t\t\t\t<div class=\"elementor-widget-container\">\n\t\t\t\t\t\t\t\t\t<div class=\"wp-block-column is-layout-flow wp-block-column-is-layout-flow\"><div class=\"wp-block-column is-layout-flow wp-block-column-is-layout-flow\"><p class=\"has-text-align-left\">Beh\u00f6ver du sl\u00e5 in varje present i olika stilar? Eller \u00e4r storleken p\u00e5 presenterna inte samma? Inga problem! Vi kan skr\u00e4ddarsy dem efter dina unika preferenser. P\u00e5 STUDIO INIIT erbjuder vi en m\u00e5ngfald av stilar och tillv\u00e4gag\u00e5ngss\u00e4tt f\u00f6r presentinslagning, och m\u00f6jligheterna \u00e4r obegr\u00e4nsade.<\/p><p>G\u00e5 djupare in i alla m\u00f6jligheter <a href=\"https:\/\/studioiniit.se\/sv\/presentinslagning-tjanster\/\">h\u00e4r <\/a>eller ta <a href=\"https:\/\/studioiniit.se\/sv\/kontakta-oss\/\">kontakt med oss<\/a> f\u00f6r att avsl\u00f6ja extra alternativ.<\/p><\/div><\/div>\t\t\t\t\t\t\t\t<\/div>\n\t\t\t\t<\/div>\n\t\t\t\t<\/div>\n\t\t\t\t<\/div>\n\t\t\t\t<\/div>\n\t\t\t\t\t<\/div>\n\t\t\t\t<\/div>\n\t\t<div class=\"elementor-element elementor-element-78722a8e e-flex e-con-boxed e-con e-parent\" data-id=\"78722a8e\" data-element_type=\"container\" data-e-type=\"container\">\n\t\t\t\t\t<div class=\"e-con-inner\">\n\t\t<div class=\"elementor-element elementor-element-713c27b e-con-full e-flex e-con e-child\" data-id=\"713c27b\" data-element_type=\"container\" data-e-type=\"container\">\n\t\t\t\t<div class=\"elementor-element elementor-element-f5a83bd elementor-align-right elementor-widget elementor-widget-button\" data-id=\"f5a83bd\" data-element_type=\"widget\" data-e-type=\"widget\" data-widget_type=\"button.default\">\n\t\t\t\t<div class=\"elementor-widget-container\">\n\t\t\t\t\t\t\t\t\t<div class=\"elementor-button-wrapper\">\n\t\t\t\t\t<a class=\"elementor-button elementor-button-link elementor-size-md\" href=\"https:\/\/studioiniit.se\/sv\/begar-en-offert\/\" id=\"requestQuote\">\n\t\t\t\t\t\t<span class=\"elementor-button-content-wrapper\">\n\t\t\t\t\t\t\t\t\t<span class=\"elementor-button-text\">Beg\u00e4r en offert<\/span>\n\t\t\t\t\t<\/span>\n\t\t\t\t\t<\/a>\n\t\t\t\t<\/div>\n\t\t\t\t\t\t\t\t<\/div>\n\t\t\t\t<\/div>\n\t\t\t\t<\/div>\n\t\t<div class=\"elementor-element elementor-element-7f78b62 e-con-full e-flex e-con e-child\" data-id=\"7f78b62\" data-element_type=\"container\" data-e-type=\"container\">\n\t\t<div class=\"elementor-element elementor-element-6f707a07 e-con-full e-flex e-con e-child\" data-id=\"6f707a07\" data-element_type=\"container\" data-e-type=\"container\" data-settings=\"{&quot;background_background&quot;:&quot;classic&quot;}\">\n\t\t\t\t<div class=\"elementor-element elementor-element-a87b6cb elementor-widget elementor-widget-image\" data-id=\"a87b6cb\" data-element_type=\"widget\" data-e-type=\"widget\" data-widget_type=\"image.default\">\n\t\t\t\t<div class=\"elementor-widget-container\">\n\t\t\t\t\t\t\t\t\t\t\t\t\t\t\t<img decoding=\"async\" width=\"600\" height=\"960\" src=\"https:\/\/studioiniit.se\/sv\/wp-content\/uploads\/2024\/07\/Multigifts_600-1.webp\" class=\"attachment-full size-full wp-image-9122\" alt=\"En present f\u00f6r f\u00f6delsedagsfirande, elegant inslagen i exklusivt tyg\" srcset=\"https:\/\/studioiniit.se\/sv\/wp-content\/uploads\/2024\/07\/Multigifts_600-1.webp 600w, https:\/\/studioiniit.se\/sv\/wp-content\/uploads\/2024\/07\/Multigifts_600-1-188x300.webp 188w\" sizes=\"100vw\" \/>\t\t\t\t\t\t\t\t\t\t\t\t\t\t\t<\/div>\n\t\t\t\t<\/div>\n\t\t\t\t<\/div>\n\t\t<div class=\"elementor-element elementor-element-7ec02712 e-con-full e-flex e-con e-child\" data-id=\"7ec02712\" data-element_type=\"container\" data-e-type=\"container\" data-settings=\"{&quot;background_background&quot;:&quot;classic&quot;}\">\n\t\t\t\t<div class=\"elementor-element elementor-element-3396794 elementor-widget elementor-widget-image\" data-id=\"3396794\" data-element_type=\"widget\" data-e-type=\"widget\" data-widget_type=\"image.default\">\n\t\t\t\t<div class=\"elementor-widget-container\">\n\t\t\t\t\t\t\t\t\t\t\t\t\t\t\t<img decoding=\"async\" width=\"600\" height=\"960\" src=\"https:\/\/studioiniit.se\/sv\/wp-content\/uploads\/2024\/07\/Multigifts_600-2.webp\" class=\"attachment-full size-full wp-image-9123\" alt=\"Flera presenter inslagna i olika stilar och f\u00e4rger f\u00f6r br\u00f6llopsfirande\" srcset=\"https:\/\/studioiniit.se\/sv\/wp-content\/uploads\/2024\/07\/Multigifts_600-2.webp 600w, https:\/\/studioiniit.se\/sv\/wp-content\/uploads\/2024\/07\/Multigifts_600-2-188x300.webp 188w\" sizes=\"100vw\" \/>\t\t\t\t\t\t\t\t\t\t\t\t\t\t\t<\/div>\n\t\t\t\t<\/div>\n\t\t\t\t<\/div>\n\t\t<div class=\"elementor-element elementor-element-4f7251ec e-con-full e-flex e-con e-child\" data-id=\"4f7251ec\" data-element_type=\"container\" data-e-type=\"container\" data-settings=\"{&quot;background_background&quot;:&quot;classic&quot;}\">\n\t\t\t\t<div class=\"elementor-element elementor-element-aa0977c elementor-widget elementor-widget-image\" data-id=\"aa0977c\" data-element_type=\"widget\" data-e-type=\"widget\" data-widget_type=\"image.default\">\n\t\t\t\t<div class=\"elementor-widget-container\">\n\t\t\t\t\t\t\t\t\t\t\t\t\t\t\t<img loading=\"lazy\" decoding=\"async\" width=\"600\" height=\"960\" src=\"https:\/\/studioiniit.se\/sv\/wp-content\/uploads\/2024\/07\/Multigifts_600-3.webp\" class=\"attachment-full size-full wp-image-9124\" alt=\"Flera presenter, kreativt inslagna f\u00f6r s\u00e4rskilda firanden och evenemang\" srcset=\"https:\/\/studioiniit.se\/sv\/wp-content\/uploads\/2024\/07\/Multigifts_600-3.webp 600w, https:\/\/studioiniit.se\/sv\/wp-content\/uploads\/2024\/07\/Multigifts_600-3-188x300.webp 188w\" sizes=\"100vw\" \/>\t\t\t\t\t\t\t\t\t\t\t\t\t\t\t<\/div>\n\t\t\t\t<\/div>\n\t\t\t\t<\/div>\n\t\t\t\t<\/div>\n\t\t\t\t\t<\/div>\n\t\t\t\t<\/div>\n\t\t\t\t<\/div>\n\t\t","protected":false},"excerpt":{"rendered":"<p>FLERTALET G\u00c5VOR K\u00c4RLEK I VARJE VECK, LYCKA I VARJE UPPSLAG Jul, Br\u00f6llop, Studenten, V\u00e4lkomstpaket Beh\u00f6ver du sl\u00e5 in varje present i olika stilar? Eller \u00e4r storleken p\u00e5 presenterna inte samma? Inga problem! Vi kan skr\u00e4ddarsy dem efter dina unika preferenser. P\u00e5 STUDIO INIIT erbjuder vi en m\u00e5ngfald av stilar och tillv\u00e4gag\u00e5ngss\u00e4tt f\u00f6r presentinslagning, och m\u00f6jligheterna &hellip; <\/p>\n<p class=\"link-more\"><a href=\"https:\/\/studioiniit.se\/sv\/presentinslagning-tjanster\/flertalet-gavor\/\" class=\"more-link\">L\u00e4s mer<span class=\"screen-reader-text\"> \u201dFlertalet g\u00e5vor\u201d<\/span><\/a><\/p>\n","protected":false},"author":1,"featured_media":10518,"parent":6801,"menu_order":0,"comment_status":"closed","ping_status":"closed","template":"page-templates\/full-width-transparent.php","meta":{"inspiro_hide_title":false,"footnotes":""},"class_list":["post-7040","page","type-page","status-publish","has-post-thumbnail","hentry"],"yoast_head":"<!-- This site is optimized with the Yoast SEO plugin v27.5 - https:\/\/yoast.com\/product\/yoast-seo-wordpress\/ -->\n<title>Flertalet g\u00e5vor - STUDIO INIIT<\/title>\n<meta name=\"description\" content=\"Vackra och unika presentinslagningsdesigner perfekta f\u00f6r allt fr\u00e5n v\u00e4lkomstpaket och br\u00f6llop till jul och studentfiranden, och mycket mer.\" \/>\n<meta name=\"robots\" content=\"index, follow, max-snippet:-1, max-image-preview:large, max-video-preview:-1\" \/>\n<link rel=\"canonical\" href=\"https:\/\/studioiniit.se\/sv\/presentinslagning-tjanster\/flertalet-gavor\/\" \/>\n<meta property=\"og:locale\" content=\"sv_SE\" \/>\n<meta property=\"og:type\" content=\"article\" \/>\n<meta property=\"og:title\" content=\"Flertalet g\u00e5vor - STUDIO INIIT\" \/>\n<meta property=\"og:description\" content=\"Vackra och unika presentinslagningsdesigner perfekta f\u00f6r allt fr\u00e5n v\u00e4lkomstpaket och br\u00f6llop till jul och studentfiranden, och mycket mer.\" \/>\n<meta property=\"og:url\" content=\"https:\/\/studioiniit.se\/sv\/presentinslagning-tjanster\/flertalet-gavor\/\" \/>\n<meta property=\"og:site_name\" content=\"STUDIO INIIT\" \/>\n<meta property=\"article:publisher\" content=\"https:\/\/www.facebook.com\/studio.iniit\" \/>\n<meta property=\"article:modified_time\" content=\"2026-02-28T18:34:33+00:00\" \/>\n<meta property=\"og:image\" content=\"https:\/\/studioiniit.se\/sv\/wp-content\/uploads\/2026\/02\/multi_gifts-hero.webp\" \/>\n\t<meta property=\"og:image:width\" content=\"2000\" \/>\n\t<meta property=\"og:image:height\" content=\"1000\" \/>\n\t<meta property=\"og:image:type\" content=\"image\/webp\" \/>\n<meta name=\"twitter:card\" content=\"summary_large_image\" \/>\n<meta name=\"twitter:label1\" content=\"Ber\u00e4knad l\u00e4stid\" \/>\n\t<meta name=\"twitter:data1\" content=\"2 minuter\" \/>\n<script type=\"application\/ld+json\" class=\"yoast-schema-graph\">{\"@context\":\"https:\\\/\\\/schema.org\",\"@graph\":[{\"@type\":\"WebPage\",\"@id\":\"https:\\\/\\\/studioiniit.se\\\/sv\\\/presentinslagning-tjanster\\\/flertalet-gavor\\\/\",\"url\":\"https:\\\/\\\/studioiniit.se\\\/sv\\\/presentinslagning-tjanster\\\/flertalet-gavor\\\/\",\"name\":\"Flertalet g\u00e5vor - STUDIO INIIT\",\"isPartOf\":{\"@id\":\"https:\\\/\\\/studioiniit.se\\\/sv\\\/#website\"},\"primaryImageOfPage\":{\"@id\":\"https:\\\/\\\/studioiniit.se\\\/sv\\\/presentinslagning-tjanster\\\/flertalet-gavor\\\/#primaryimage\"},\"image\":{\"@id\":\"https:\\\/\\\/studioiniit.se\\\/sv\\\/presentinslagning-tjanster\\\/flertalet-gavor\\\/#primaryimage\"},\"thumbnailUrl\":\"https:\\\/\\\/studioiniit.se\\\/sv\\\/wp-content\\\/uploads\\\/2026\\\/02\\\/multi_gifts-hero.webp\",\"datePublished\":\"2024-06-29T20:25:09+00:00\",\"dateModified\":\"2026-02-28T18:34:33+00:00\",\"description\":\"Vackra och unika presentinslagningsdesigner perfekta f\u00f6r allt fr\u00e5n v\u00e4lkomstpaket och br\u00f6llop till jul och studentfiranden, och mycket mer.\",\"breadcrumb\":{\"@id\":\"https:\\\/\\\/studioiniit.se\\\/sv\\\/presentinslagning-tjanster\\\/flertalet-gavor\\\/#breadcrumb\"},\"inLanguage\":\"sv-SE\",\"potentialAction\":[{\"@type\":\"ReadAction\",\"target\":[\"https:\\\/\\\/studioiniit.se\\\/sv\\\/presentinslagning-tjanster\\\/flertalet-gavor\\\/\"]}]},{\"@type\":\"ImageObject\",\"inLanguage\":\"sv-SE\",\"@id\":\"https:\\\/\\\/studioiniit.se\\\/sv\\\/presentinslagning-tjanster\\\/flertalet-gavor\\\/#primaryimage\",\"url\":\"https:\\\/\\\/studioiniit.se\\\/sv\\\/wp-content\\\/uploads\\\/2026\\\/02\\\/multi_gifts-hero.webp\",\"contentUrl\":\"https:\\\/\\\/studioiniit.se\\\/sv\\\/wp-content\\\/uploads\\\/2026\\\/02\\\/multi_gifts-hero.webp\",\"width\":2000,\"height\":1000,\"caption\":\"Presenter i olika storlekar inslagna i olika textilf\u00e4rger, alla inuti en st\u00f6rre l\u00e5da\"},{\"@type\":\"BreadcrumbList\",\"@id\":\"https:\\\/\\\/studioiniit.se\\\/sv\\\/presentinslagning-tjanster\\\/flertalet-gavor\\\/#breadcrumb\",\"itemListElement\":[{\"@type\":\"ListItem\",\"position\":1,\"name\":\"Home\",\"item\":\"https:\\\/\\\/studioiniit.se\\\/sv\\\/\"},{\"@type\":\"ListItem\",\"position\":2,\"name\":\"Presentinslagningstj\u00e4nster\",\"item\":\"https:\\\/\\\/studioiniit.se\\\/sv\\\/presentinslagning-tjanster\\\/\"},{\"@type\":\"ListItem\",\"position\":3,\"name\":\"Flertalet g\u00e5vor\"}]},{\"@type\":\"WebSite\",\"@id\":\"https:\\\/\\\/studioiniit.se\\\/sv\\\/#website\",\"url\":\"https:\\\/\\\/studioiniit.se\\\/sv\\\/\",\"name\":\"STUDIO INIIT\",\"description\":\"Create. Wrap. Love.\",\"publisher\":{\"@id\":\"https:\\\/\\\/studioiniit.se\\\/sv\\\/#organization\"},\"potentialAction\":[{\"@type\":\"SearchAction\",\"target\":{\"@type\":\"EntryPoint\",\"urlTemplate\":\"https:\\\/\\\/studioiniit.se\\\/sv\\\/?s={search_term_string}\"},\"query-input\":{\"@type\":\"PropertyValueSpecification\",\"valueRequired\":true,\"valueName\":\"search_term_string\"}}],\"inLanguage\":\"sv-SE\"},{\"@type\":\"Organization\",\"@id\":\"https:\\\/\\\/studioiniit.se\\\/sv\\\/#organization\",\"name\":\"STUDIO INIIT\",\"url\":\"https:\\\/\\\/studioiniit.se\\\/sv\\\/\",\"logo\":{\"@type\":\"ImageObject\",\"inLanguage\":\"sv-SE\",\"@id\":\"https:\\\/\\\/studioiniit.se\\\/sv\\\/#\\\/schema\\\/logo\\\/image\\\/\",\"url\":\"https:\\\/\\\/studioiniit.se\\\/sv\\\/wp-content\\\/uploads\\\/2024\\\/07\\\/logo-new.png\",\"contentUrl\":\"https:\\\/\\\/studioiniit.se\\\/sv\\\/wp-content\\\/uploads\\\/2024\\\/07\\\/logo-new.png\",\"width\":512,\"height\":512,\"caption\":\"STUDIO INIIT\"},\"image\":{\"@id\":\"https:\\\/\\\/studioiniit.se\\\/sv\\\/#\\\/schema\\\/logo\\\/image\\\/\"},\"sameAs\":[\"https:\\\/\\\/www.facebook.com\\\/studio.iniit\",\"https:\\\/\\\/instagram.com\\\/studio.iniit\"]}]}<\/script>\n<!-- \/ Yoast SEO plugin. -->","yoast_head_json":{"title":"Flertalet g\u00e5vor - STUDIO INIIT","description":"Vackra och unika presentinslagningsdesigner perfekta f\u00f6r allt fr\u00e5n v\u00e4lkomstpaket och br\u00f6llop till jul och studentfiranden, och mycket mer.","robots":{"index":"index","follow":"follow","max-snippet":"max-snippet:-1","max-image-preview":"max-image-preview:large","max-video-preview":"max-video-preview:-1"},"canonical":"https:\/\/studioiniit.se\/sv\/presentinslagning-tjanster\/flertalet-gavor\/","og_locale":"sv_SE","og_type":"article","og_title":"Flertalet g\u00e5vor - STUDIO INIIT","og_description":"Vackra och unika presentinslagningsdesigner perfekta f\u00f6r allt fr\u00e5n v\u00e4lkomstpaket och br\u00f6llop till jul och studentfiranden, och mycket mer.","og_url":"https:\/\/studioiniit.se\/sv\/presentinslagning-tjanster\/flertalet-gavor\/","og_site_name":"STUDIO INIIT","article_publisher":"https:\/\/www.facebook.com\/studio.iniit","article_modified_time":"2026-02-28T18:34:33+00:00","og_image":[{"width":2000,"height":1000,"url":"https:\/\/studioiniit.se\/sv\/wp-content\/uploads\/2026\/02\/multi_gifts-hero.webp","type":"image\/webp"}],"twitter_card":"summary_large_image","twitter_misc":{"Ber\u00e4knad l\u00e4stid":"2 minuter"},"schema":{"@context":"https:\/\/schema.org","@graph":[{"@type":"WebPage","@id":"https:\/\/studioiniit.se\/sv\/presentinslagning-tjanster\/flertalet-gavor\/","url":"https:\/\/studioiniit.se\/sv\/presentinslagning-tjanster\/flertalet-gavor\/","name":"Flertalet g\u00e5vor - STUDIO INIIT","isPartOf":{"@id":"https:\/\/studioiniit.se\/sv\/#website"},"primaryImageOfPage":{"@id":"https:\/\/studioiniit.se\/sv\/presentinslagning-tjanster\/flertalet-gavor\/#primaryimage"},"image":{"@id":"https:\/\/studioiniit.se\/sv\/presentinslagning-tjanster\/flertalet-gavor\/#primaryimage"},"thumbnailUrl":"https:\/\/studioiniit.se\/sv\/wp-content\/uploads\/2026\/02\/multi_gifts-hero.webp","datePublished":"2024-06-29T20:25:09+00:00","dateModified":"2026-02-28T18:34:33+00:00","description":"Vackra och unika presentinslagningsdesigner perfekta f\u00f6r allt fr\u00e5n v\u00e4lkomstpaket och br\u00f6llop till jul och studentfiranden, och mycket mer.","breadcrumb":{"@id":"https:\/\/studioiniit.se\/sv\/presentinslagning-tjanster\/flertalet-gavor\/#breadcrumb"},"inLanguage":"sv-SE","potentialAction":[{"@type":"ReadAction","target":["https:\/\/studioiniit.se\/sv\/presentinslagning-tjanster\/flertalet-gavor\/"]}]},{"@type":"ImageObject","inLanguage":"sv-SE","@id":"https:\/\/studioiniit.se\/sv\/presentinslagning-tjanster\/flertalet-gavor\/#primaryimage","url":"https:\/\/studioiniit.se\/sv\/wp-content\/uploads\/2026\/02\/multi_gifts-hero.webp","contentUrl":"https:\/\/studioiniit.se\/sv\/wp-content\/uploads\/2026\/02\/multi_gifts-hero.webp","width":2000,"height":1000,"caption":"Presenter i olika storlekar inslagna i olika textilf\u00e4rger, alla inuti en st\u00f6rre l\u00e5da"},{"@type":"BreadcrumbList","@id":"https:\/\/studioiniit.se\/sv\/presentinslagning-tjanster\/flertalet-gavor\/#breadcrumb","itemListElement":[{"@type":"ListItem","position":1,"name":"Home","item":"https:\/\/studioiniit.se\/sv\/"},{"@type":"ListItem","position":2,"name":"Presentinslagningstj\u00e4nster","item":"https:\/\/studioiniit.se\/sv\/presentinslagning-tjanster\/"},{"@type":"ListItem","position":3,"name":"Flertalet g\u00e5vor"}]},{"@type":"WebSite","@id":"https:\/\/studioiniit.se\/sv\/#website","url":"https:\/\/studioiniit.se\/sv\/","name":"STUDIO INIIT","description":"Create. Wrap. Love.","publisher":{"@id":"https:\/\/studioiniit.se\/sv\/#organization"},"potentialAction":[{"@type":"SearchAction","target":{"@type":"EntryPoint","urlTemplate":"https:\/\/studioiniit.se\/sv\/?s={search_term_string}"},"query-input":{"@type":"PropertyValueSpecification","valueRequired":true,"valueName":"search_term_string"}}],"inLanguage":"sv-SE"},{"@type":"Organization","@id":"https:\/\/studioiniit.se\/sv\/#organization","name":"STUDIO INIIT","url":"https:\/\/studioiniit.se\/sv\/","logo":{"@type":"ImageObject","inLanguage":"sv-SE","@id":"https:\/\/studioiniit.se\/sv\/#\/schema\/logo\/image\/","url":"https:\/\/studioiniit.se\/sv\/wp-content\/uploads\/2024\/07\/logo-new.png","contentUrl":"https:\/\/studioiniit.se\/sv\/wp-content\/uploads\/2024\/07\/logo-new.png","width":512,"height":512,"caption":"STUDIO INIIT"},"image":{"@id":"https:\/\/studioiniit.se\/sv\/#\/schema\/logo\/image\/"},"sameAs":["https:\/\/www.facebook.com\/studio.iniit","https:\/\/instagram.com\/studio.iniit"]}]}},"_links":{"self":[{"href":"https:\/\/studioiniit.se\/sv\/wp-json\/wp\/v2\/pages\/7040","targetHints":{"allow":["GET"]}}],"collection":[{"href":"https:\/\/studioiniit.se\/sv\/wp-json\/wp\/v2\/pages"}],"about":[{"href":"https:\/\/studioiniit.se\/sv\/wp-json\/wp\/v2\/types\/page"}],"author":[{"embeddable":true,"href":"https:\/\/studioiniit.se\/sv\/wp-json\/wp\/v2\/users\/1"}],"replies":[{"embeddable":true,"href":"https:\/\/studioiniit.se\/sv\/wp-json\/wp\/v2\/comments?post=7040"}],"version-history":[{"count":79,"href":"https:\/\/studioiniit.se\/sv\/wp-json\/wp\/v2\/pages\/7040\/revisions"}],"predecessor-version":[{"id":10646,"href":"https:\/\/studioiniit.se\/sv\/wp-json\/wp\/v2\/pages\/7040\/revisions\/10646"}],"up":[{"embeddable":true,"href":"https:\/\/studioiniit.se\/sv\/wp-json\/wp\/v2\/pages\/6801"}],"wp:featuredmedia":[{"embeddable":true,"href":"https:\/\/studioiniit.se\/sv\/wp-json\/wp\/v2\/media\/10518"}],"wp:attachment":[{"href":"https:\/\/studioiniit.se\/sv\/wp-json\/wp\/v2\/media?parent=7040"}],"curies":[{"name":"wp","href":"https:\/\/api.w.org\/{rel}","templated":true}]}}