{"id":6950,"date":"2024-06-29T07:57:51","date_gmt":"2024-06-29T07:57:51","guid":{"rendered":"https:\/\/studioiniit.se\/\/sv-testingInsLite\/?page_id=6950"},"modified":"2026-02-28T20:33:54","modified_gmt":"2026-02-28T18:33:54","slug":"firande","status":"publish","type":"page","link":"https:\/\/studioiniit.se\/sv\/presentinslagning-tjanster\/firande\/","title":{"rendered":"Firande"},"content":{"rendered":"\t\t<div data-elementor-type=\"wp-post\" data-elementor-id=\"6950\" class=\"elementor elementor-6950\">\n\t\t\t\t<div class=\"elementor-element elementor-element-df50541 e-con-full hero-secondary e-flex e-con e-parent\" data-id=\"df50541\" data-element_type=\"container\" data-e-type=\"container\">\n\t\t\t\t<div class=\"elementor-element elementor-element-be8d9e3 elementor-absolute elementor-widget elementor-widget-image\" data-id=\"be8d9e3\" data-element_type=\"widget\" data-e-type=\"widget\" data-settings=\"{&quot;_position&quot;:&quot;absolute&quot;}\" data-widget_type=\"image.default\">\n\t\t\t\t<div class=\"elementor-widget-container\">\n\t\t\t\t\t\t\t\t\t\t\t\t\t\t\t<img fetchpriority=\"high\" decoding=\"async\" width=\"2000\" height=\"1000\" src=\"https:\/\/studioiniit.se\/sv\/wp-content\/uploads\/2026\/02\/celebration_hero.webp\" class=\"attachment-full size-full wp-image-10482\" alt=\"Olika inslagna presentcollage f\u00f6r fester\" srcset=\"https:\/\/studioiniit.se\/sv\/wp-content\/uploads\/2026\/02\/celebration_hero.webp 2000w, https:\/\/studioiniit.se\/sv\/wp-content\/uploads\/2026\/02\/celebration_hero-300x150.webp 300w, https:\/\/studioiniit.se\/sv\/wp-content\/uploads\/2026\/02\/celebration_hero-1024x512.webp 1024w, https:\/\/studioiniit.se\/sv\/wp-content\/uploads\/2026\/02\/celebration_hero-1536x768.webp 1536w\" sizes=\"100vw\" \/>\t\t\t\t\t\t\t\t\t\t\t\t\t\t\t<\/div>\n\t\t\t\t<\/div>\n\t\t<div class=\"elementor-element elementor-element-a521b35 e-con-full e-flex e-con e-child\" data-id=\"a521b35\" data-element_type=\"container\" data-e-type=\"container\">\n\t\t<div class=\"elementor-element elementor-element-9eea7b8 e-con-full e-flex e-con e-child\" data-id=\"9eea7b8\" data-element_type=\"container\" data-e-type=\"container\">\n\t\t\t\t<div class=\"elementor-element elementor-element-bcf3ed7 elementor-widget elementor-widget-heading\" data-id=\"bcf3ed7\" data-element_type=\"widget\" data-e-type=\"widget\" data-widget_type=\"heading.default\">\n\t\t\t\t<div class=\"elementor-widget-container\">\n\t\t\t\t\t<h1 class=\"elementor-heading-title elementor-size-default\">FIRANDE<\/h1>\t\t\t\t<\/div>\n\t\t\t\t<\/div>\n\t\t\t\t<\/div>\n\t\t\t\t<\/div>\n\t\t\t\t<\/div>\n\t\t<div class=\"elementor-element elementor-element-2803ff3 e-flex e-con-boxed e-con e-parent\" data-id=\"2803ff3\" data-element_type=\"container\" data-e-type=\"container\" data-settings=\"{&quot;background_background&quot;:&quot;classic&quot;}\">\n\t\t\t\t\t<div class=\"e-con-inner\">\n\t\t<div class=\"elementor-element elementor-element-3e7acd2 e-con-full e-flex e-con e-child\" data-id=\"3e7acd2\" data-element_type=\"container\" data-e-type=\"container\">\n\t\t<div class=\"elementor-element elementor-element-e6e8e26 e-con-full e-flex e-con e-child\" data-id=\"e6e8e26\" data-element_type=\"container\" data-e-type=\"container\">\n\t\t\t\t<div class=\"elementor-element elementor-element-f42e7fc elementor-widget elementor-widget-heading\" data-id=\"f42e7fc\" data-element_type=\"widget\" data-e-type=\"widget\" data-widget_type=\"heading.default\">\n\t\t\t\t<div class=\"elementor-widget-container\">\n\t\t\t\t\t<h2 class=\"elementor-heading-title elementor-size-default\">D\u00c4R ELEGANS OCH FEST M\u00d6TS<\/h2>\t\t\t\t<\/div>\n\t\t\t\t<\/div>\n\t\t\t\t<div class=\"elementor-element elementor-element-d1f5676 elementor-widget elementor-widget-text-editor\" data-id=\"d1f5676\" data-element_type=\"widget\" data-e-type=\"widget\" data-widget_type=\"text-editor.default\">\n\t\t\t\t<div class=\"elementor-widget-container\">\n\t\t\t\t\t\t\t\t\t<p>Br\u00f6llop, F\u00f6delsedagar, Baby showers, Studenten, Dop<\/p>\t\t\t\t\t\t\t\t<\/div>\n\t\t\t\t<\/div>\n\t\t\t\t<div class=\"elementor-element elementor-element-0e46aa7 elementor-widget-divider--view-line elementor-widget elementor-widget-divider\" data-id=\"0e46aa7\" data-element_type=\"widget\" data-e-type=\"widget\" data-widget_type=\"divider.default\">\n\t\t\t\t<div class=\"elementor-widget-container\">\n\t\t\t\t\t\t\t<div class=\"elementor-divider\">\n\t\t\t<span class=\"elementor-divider-separator\">\n\t\t\t\t\t\t<\/span>\n\t\t<\/div>\n\t\t\t\t\t\t<\/div>\n\t\t\t\t<\/div>\n\t\t\t\t<\/div>\n\t\t<div class=\"elementor-element elementor-element-5e13689 e-con-full e-flex e-con e-child\" data-id=\"5e13689\" data-element_type=\"container\" data-e-type=\"container\">\n\t\t<div class=\"elementor-element elementor-element-3282e46 e-con-full e-flex e-con e-child\" data-id=\"3282e46\" data-element_type=\"container\" data-e-type=\"container\">\n\t\t\t\t<div class=\"elementor-element elementor-element-06fa62d elementor-widget elementor-widget-text-editor\" data-id=\"06fa62d\" data-element_type=\"widget\" data-e-type=\"widget\" data-widget_type=\"text-editor.default\">\n\t\t\t\t<div class=\"elementor-widget-container\">\n\t\t\t\t\t\t\t\t\t<div class=\"wp-block-column is-layout-flow wp-block-column-is-layout-flow\"><div class=\"wp-block-column is-layout-flow wp-block-column-is-layout-flow\"><p class=\"has-text-align-left\">Precis som vi kl\u00e4r oss fint f\u00f6r speciella tillf\u00e4llen, kan r\u00e4tt dekorationer och detaljer g\u00f6ra ett firande extra minnesv\u00e4rt. Oavsett om det \u00e4r ett br\u00f6llop, en f\u00f6delsedagsfest, en h\u00f6gtid eller n\u00e5got annat evenemang, kan v\u00e5ra dekorationer och presentf\u00f6rpackningar skapa den perfekta st\u00e4mningen och atmosf\u00e4ren. Vi \u00e4r glada att f\u00e5 vara en del av att skapa dessa speciella \u00f6gonblick med v\u00e5ra unika designer och stilar.<\/p><p>Utforska v\u00e5rt varierade utbud av <a href=\"https:\/\/studioiniit.se\/sv\/presentinslagning-tjanster\/\">presentinslagningstj\u00e4nster<\/a>.<\/p><\/div><\/div>\t\t\t\t\t\t\t\t<\/div>\n\t\t\t\t<\/div>\n\t\t\t\t<\/div>\n\t\t\t\t<\/div>\n\t\t\t\t<\/div>\n\t\t\t\t\t<\/div>\n\t\t\t\t<\/div>\n\t\t<div class=\"elementor-element elementor-element-5440788 e-flex e-con-boxed e-con e-parent\" data-id=\"5440788\" data-element_type=\"container\" data-e-type=\"container\">\n\t\t\t\t\t<div class=\"e-con-inner\">\n\t\t<div class=\"elementor-element elementor-element-25318c5 e-con-full e-flex e-con e-child\" data-id=\"25318c5\" data-element_type=\"container\" data-e-type=\"container\">\n\t\t\t\t<div class=\"elementor-element elementor-element-b7f014a elementor-align-right elementor-widget elementor-widget-button\" data-id=\"b7f014a\" data-element_type=\"widget\" data-e-type=\"widget\" data-widget_type=\"button.default\">\n\t\t\t\t<div class=\"elementor-widget-container\">\n\t\t\t\t\t\t\t\t\t<div class=\"elementor-button-wrapper\">\n\t\t\t\t\t<a class=\"elementor-button elementor-button-link elementor-size-md\" href=\"https:\/\/studioiniit.se\/sv\/begar-en-offert\/\" id=\"requestQuote\">\n\t\t\t\t\t\t<span class=\"elementor-button-content-wrapper\">\n\t\t\t\t\t\t\t\t\t<span class=\"elementor-button-text\">Beg\u00e4r en offert<\/span>\n\t\t\t\t\t<\/span>\n\t\t\t\t\t<\/a>\n\t\t\t\t<\/div>\n\t\t\t\t\t\t\t\t<\/div>\n\t\t\t\t<\/div>\n\t\t\t\t<\/div>\n\t\t<div class=\"elementor-element elementor-element-c54cfeb e-con-full e-flex e-con e-child\" data-id=\"c54cfeb\" data-element_type=\"container\" data-e-type=\"container\">\n\t\t<div class=\"elementor-element elementor-element-15a65b6 e-con-full e-flex e-con e-child\" data-id=\"15a65b6\" data-element_type=\"container\" data-e-type=\"container\" data-settings=\"{&quot;background_background&quot;:&quot;classic&quot;}\">\n\t\t\t\t<div class=\"elementor-element elementor-element-05f4a57 elementor-widget elementor-widget-image\" data-id=\"05f4a57\" data-element_type=\"widget\" data-e-type=\"widget\" data-widget_type=\"image.default\">\n\t\t\t\t<div class=\"elementor-widget-container\">\n\t\t\t\t\t\t\t\t\t\t\t\t\t\t\t<img decoding=\"async\" width=\"600\" height=\"960\" src=\"https:\/\/studioiniit.se\/sv\/wp-content\/uploads\/2024\/07\/Multigifts_600-1.jpg\" class=\"attachment-full size-full wp-image-9132\" alt=\"En present f\u00f6r f\u00f6delsedagsfirande, elegant inslagen i exklusivt tyg\" srcset=\"https:\/\/studioiniit.se\/sv\/wp-content\/uploads\/2024\/07\/Multigifts_600-1.jpg 600w, https:\/\/studioiniit.se\/sv\/wp-content\/uploads\/2024\/07\/Multigifts_600-1-188x300.jpg 188w\" sizes=\"100vw\" \/>\t\t\t\t\t\t\t\t\t\t\t\t\t\t\t<\/div>\n\t\t\t\t<\/div>\n\t\t\t\t<\/div>\n\t\t<div class=\"elementor-element elementor-element-7057f23 e-con-full e-flex e-con e-child\" data-id=\"7057f23\" data-element_type=\"container\" data-e-type=\"container\" data-settings=\"{&quot;background_background&quot;:&quot;classic&quot;}\">\n\t\t\t\t<div class=\"elementor-element elementor-element-3269e12 elementor-widget elementor-widget-image\" data-id=\"3269e12\" data-element_type=\"widget\" data-e-type=\"widget\" data-widget_type=\"image.default\">\n\t\t\t\t<div class=\"elementor-widget-container\">\n\t\t\t\t\t\t\t\t\t\t\t\t\t\t\t<img decoding=\"async\" width=\"600\" height=\"960\" src=\"https:\/\/studioiniit.se\/sv\/wp-content\/uploads\/2024\/07\/Multigifts_600-2.jpg\" class=\"attachment-full size-full wp-image-9133\" alt=\"Flera presenter inslagna i olika stilar och f\u00e4rger f\u00f6r br\u00f6llopsfirande\" srcset=\"https:\/\/studioiniit.se\/sv\/wp-content\/uploads\/2024\/07\/Multigifts_600-2.jpg 600w, https:\/\/studioiniit.se\/sv\/wp-content\/uploads\/2024\/07\/Multigifts_600-2-188x300.jpg 188w\" sizes=\"100vw\" \/>\t\t\t\t\t\t\t\t\t\t\t\t\t\t\t<\/div>\n\t\t\t\t<\/div>\n\t\t\t\t<\/div>\n\t\t<div class=\"elementor-element elementor-element-551e4d5 e-con-full e-flex e-con e-child\" data-id=\"551e4d5\" data-element_type=\"container\" data-e-type=\"container\" data-settings=\"{&quot;background_background&quot;:&quot;classic&quot;}\">\n\t\t\t\t<div class=\"elementor-element elementor-element-b28ffb3 elementor-widget elementor-widget-image\" data-id=\"b28ffb3\" data-element_type=\"widget\" data-e-type=\"widget\" data-widget_type=\"image.default\">\n\t\t\t\t<div class=\"elementor-widget-container\">\n\t\t\t\t\t\t\t\t\t\t\t\t\t\t\t<img loading=\"lazy\" decoding=\"async\" width=\"600\" height=\"960\" src=\"https:\/\/studioiniit.se\/sv\/wp-content\/uploads\/2024\/07\/Multigifts_600-3.jpg\" class=\"attachment-full size-full wp-image-9134\" alt=\"\" srcset=\"https:\/\/studioiniit.se\/sv\/wp-content\/uploads\/2024\/07\/Multigifts_600-3.jpg 600w, https:\/\/studioiniit.se\/sv\/wp-content\/uploads\/2024\/07\/Multigifts_600-3-188x300.jpg 188w\" sizes=\"100vw\" \/>\t\t\t\t\t\t\t\t\t\t\t\t\t\t\t<\/div>\n\t\t\t\t<\/div>\n\t\t\t\t<\/div>\n\t\t\t\t<\/div>\n\t\t\t\t\t<\/div>\n\t\t\t\t<\/div>\n\t\t\t\t<\/div>\n\t\t","protected":false},"excerpt":{"rendered":"<p>FIRANDE D\u00c4R ELEGANS OCH FEST M\u00d6TS Br\u00f6llop, F\u00f6delsedagar, Baby showers, Studenten, Dop Precis som vi kl\u00e4r oss fint f\u00f6r speciella tillf\u00e4llen, kan r\u00e4tt dekorationer och detaljer g\u00f6ra ett firande extra minnesv\u00e4rt. Oavsett om det \u00e4r ett br\u00f6llop, en f\u00f6delsedagsfest, en h\u00f6gtid eller n\u00e5got annat evenemang, kan v\u00e5ra dekorationer och presentf\u00f6rpackningar skapa den perfekta st\u00e4mningen och &hellip; <\/p>\n<p class=\"link-more\"><a href=\"https:\/\/studioiniit.se\/sv\/presentinslagning-tjanster\/firande\/\" class=\"more-link\">L\u00e4s mer<span class=\"screen-reader-text\"> \u201dFirande\u201d<\/span><\/a><\/p>\n","protected":false},"author":1,"featured_media":10482,"parent":6801,"menu_order":0,"comment_status":"closed","ping_status":"closed","template":"page-templates\/full-width-transparent.php","meta":{"inspiro_hide_title":false,"footnotes":""},"class_list":["post-6950","page","type-page","status-publish","has-post-thumbnail","hentry"],"yoast_head":"<!-- This site is optimized with the Yoast SEO plugin v27.5 - https:\/\/yoast.com\/product\/yoast-seo-wordpress\/ -->\n<title>Firande - STUDIO INIIT<\/title>\n<meta name=\"description\" content=\"Premium presentinslagning f\u00f6r firanden: br\u00f6llop, f\u00f6delsedagar, jubileer, studentpresent, baby showers, eller vid alla speciella tillf\u00e4llen.\" \/>\n<meta name=\"robots\" content=\"index, follow, max-snippet:-1, max-image-preview:large, max-video-preview:-1\" \/>\n<link rel=\"canonical\" href=\"https:\/\/studioiniit.se\/sv\/presentinslagning-tjanster\/firande\/\" \/>\n<meta property=\"og:locale\" content=\"sv_SE\" \/>\n<meta property=\"og:type\" content=\"article\" \/>\n<meta property=\"og:title\" content=\"Firande - STUDIO INIIT\" \/>\n<meta property=\"og:description\" content=\"Premium presentinslagning f\u00f6r firanden: br\u00f6llop, f\u00f6delsedagar, jubileer, studentpresent, baby showers, eller vid alla speciella tillf\u00e4llen.\" \/>\n<meta property=\"og:url\" content=\"https:\/\/studioiniit.se\/sv\/presentinslagning-tjanster\/firande\/\" \/>\n<meta property=\"og:site_name\" content=\"STUDIO INIIT\" \/>\n<meta property=\"article:publisher\" content=\"https:\/\/www.facebook.com\/studio.iniit\" \/>\n<meta property=\"article:modified_time\" content=\"2026-02-28T18:33:54+00:00\" \/>\n<meta property=\"og:image\" content=\"https:\/\/studioiniit.se\/sv\/wp-content\/uploads\/2026\/02\/celebration_hero.webp\" \/>\n\t<meta property=\"og:image:width\" content=\"2000\" \/>\n\t<meta property=\"og:image:height\" content=\"1000\" \/>\n\t<meta property=\"og:image:type\" content=\"image\/webp\" \/>\n<meta name=\"twitter:card\" content=\"summary_large_image\" \/>\n<meta name=\"twitter:label1\" content=\"Ber\u00e4knad l\u00e4stid\" \/>\n\t<meta name=\"twitter:data1\" content=\"2 minuter\" \/>\n<script type=\"application\/ld+json\" class=\"yoast-schema-graph\">{\"@context\":\"https:\\\/\\\/schema.org\",\"@graph\":[{\"@type\":\"WebPage\",\"@id\":\"https:\\\/\\\/studioiniit.se\\\/sv\\\/presentinslagning-tjanster\\\/firande\\\/\",\"url\":\"https:\\\/\\\/studioiniit.se\\\/sv\\\/presentinslagning-tjanster\\\/firande\\\/\",\"name\":\"Firande - STUDIO INIIT\",\"isPartOf\":{\"@id\":\"https:\\\/\\\/studioiniit.se\\\/sv\\\/#website\"},\"primaryImageOfPage\":{\"@id\":\"https:\\\/\\\/studioiniit.se\\\/sv\\\/presentinslagning-tjanster\\\/firande\\\/#primaryimage\"},\"image\":{\"@id\":\"https:\\\/\\\/studioiniit.se\\\/sv\\\/presentinslagning-tjanster\\\/firande\\\/#primaryimage\"},\"thumbnailUrl\":\"https:\\\/\\\/studioiniit.se\\\/sv\\\/wp-content\\\/uploads\\\/2026\\\/02\\\/celebration_hero.webp\",\"datePublished\":\"2024-06-29T07:57:51+00:00\",\"dateModified\":\"2026-02-28T18:33:54+00:00\",\"description\":\"Premium presentinslagning f\u00f6r firanden: br\u00f6llop, f\u00f6delsedagar, jubileer, studentpresent, baby showers, eller vid alla speciella tillf\u00e4llen.\",\"breadcrumb\":{\"@id\":\"https:\\\/\\\/studioiniit.se\\\/sv\\\/presentinslagning-tjanster\\\/firande\\\/#breadcrumb\"},\"inLanguage\":\"sv-SE\",\"potentialAction\":[{\"@type\":\"ReadAction\",\"target\":[\"https:\\\/\\\/studioiniit.se\\\/sv\\\/presentinslagning-tjanster\\\/firande\\\/\"]}]},{\"@type\":\"ImageObject\",\"inLanguage\":\"sv-SE\",\"@id\":\"https:\\\/\\\/studioiniit.se\\\/sv\\\/presentinslagning-tjanster\\\/firande\\\/#primaryimage\",\"url\":\"https:\\\/\\\/studioiniit.se\\\/sv\\\/wp-content\\\/uploads\\\/2026\\\/02\\\/celebration_hero.webp\",\"contentUrl\":\"https:\\\/\\\/studioiniit.se\\\/sv\\\/wp-content\\\/uploads\\\/2026\\\/02\\\/celebration_hero.webp\",\"width\":2000,\"height\":1000,\"caption\":\"Olika inslagna presentcollage f\u00f6r fester\"},{\"@type\":\"BreadcrumbList\",\"@id\":\"https:\\\/\\\/studioiniit.se\\\/sv\\\/presentinslagning-tjanster\\\/firande\\\/#breadcrumb\",\"itemListElement\":[{\"@type\":\"ListItem\",\"position\":1,\"name\":\"Home\",\"item\":\"https:\\\/\\\/studioiniit.se\\\/sv\\\/\"},{\"@type\":\"ListItem\",\"position\":2,\"name\":\"Presentinslagningstj\u00e4nster\",\"item\":\"https:\\\/\\\/studioiniit.se\\\/sv\\\/presentinslagning-tjanster\\\/\"},{\"@type\":\"ListItem\",\"position\":3,\"name\":\"Firande\"}]},{\"@type\":\"WebSite\",\"@id\":\"https:\\\/\\\/studioiniit.se\\\/sv\\\/#website\",\"url\":\"https:\\\/\\\/studioiniit.se\\\/sv\\\/\",\"name\":\"STUDIO INIIT\",\"description\":\"Create. Wrap. Love.\",\"publisher\":{\"@id\":\"https:\\\/\\\/studioiniit.se\\\/sv\\\/#organization\"},\"potentialAction\":[{\"@type\":\"SearchAction\",\"target\":{\"@type\":\"EntryPoint\",\"urlTemplate\":\"https:\\\/\\\/studioiniit.se\\\/sv\\\/?s={search_term_string}\"},\"query-input\":{\"@type\":\"PropertyValueSpecification\",\"valueRequired\":true,\"valueName\":\"search_term_string\"}}],\"inLanguage\":\"sv-SE\"},{\"@type\":\"Organization\",\"@id\":\"https:\\\/\\\/studioiniit.se\\\/sv\\\/#organization\",\"name\":\"STUDIO INIIT\",\"url\":\"https:\\\/\\\/studioiniit.se\\\/sv\\\/\",\"logo\":{\"@type\":\"ImageObject\",\"inLanguage\":\"sv-SE\",\"@id\":\"https:\\\/\\\/studioiniit.se\\\/sv\\\/#\\\/schema\\\/logo\\\/image\\\/\",\"url\":\"https:\\\/\\\/studioiniit.se\\\/sv\\\/wp-content\\\/uploads\\\/2024\\\/07\\\/logo-new.png\",\"contentUrl\":\"https:\\\/\\\/studioiniit.se\\\/sv\\\/wp-content\\\/uploads\\\/2024\\\/07\\\/logo-new.png\",\"width\":512,\"height\":512,\"caption\":\"STUDIO INIIT\"},\"image\":{\"@id\":\"https:\\\/\\\/studioiniit.se\\\/sv\\\/#\\\/schema\\\/logo\\\/image\\\/\"},\"sameAs\":[\"https:\\\/\\\/www.facebook.com\\\/studio.iniit\",\"https:\\\/\\\/instagram.com\\\/studio.iniit\"]}]}<\/script>\n<!-- \/ Yoast SEO plugin. -->","yoast_head_json":{"title":"Firande - STUDIO INIIT","description":"Premium presentinslagning f\u00f6r firanden: br\u00f6llop, f\u00f6delsedagar, jubileer, studentpresent, baby showers, eller vid alla speciella tillf\u00e4llen.","robots":{"index":"index","follow":"follow","max-snippet":"max-snippet:-1","max-image-preview":"max-image-preview:large","max-video-preview":"max-video-preview:-1"},"canonical":"https:\/\/studioiniit.se\/sv\/presentinslagning-tjanster\/firande\/","og_locale":"sv_SE","og_type":"article","og_title":"Firande - STUDIO INIIT","og_description":"Premium presentinslagning f\u00f6r firanden: br\u00f6llop, f\u00f6delsedagar, jubileer, studentpresent, baby showers, eller vid alla speciella tillf\u00e4llen.","og_url":"https:\/\/studioiniit.se\/sv\/presentinslagning-tjanster\/firande\/","og_site_name":"STUDIO INIIT","article_publisher":"https:\/\/www.facebook.com\/studio.iniit","article_modified_time":"2026-02-28T18:33:54+00:00","og_image":[{"width":2000,"height":1000,"url":"https:\/\/studioiniit.se\/sv\/wp-content\/uploads\/2026\/02\/celebration_hero.webp","type":"image\/webp"}],"twitter_card":"summary_large_image","twitter_misc":{"Ber\u00e4knad l\u00e4stid":"2 minuter"},"schema":{"@context":"https:\/\/schema.org","@graph":[{"@type":"WebPage","@id":"https:\/\/studioiniit.se\/sv\/presentinslagning-tjanster\/firande\/","url":"https:\/\/studioiniit.se\/sv\/presentinslagning-tjanster\/firande\/","name":"Firande - STUDIO INIIT","isPartOf":{"@id":"https:\/\/studioiniit.se\/sv\/#website"},"primaryImageOfPage":{"@id":"https:\/\/studioiniit.se\/sv\/presentinslagning-tjanster\/firande\/#primaryimage"},"image":{"@id":"https:\/\/studioiniit.se\/sv\/presentinslagning-tjanster\/firande\/#primaryimage"},"thumbnailUrl":"https:\/\/studioiniit.se\/sv\/wp-content\/uploads\/2026\/02\/celebration_hero.webp","datePublished":"2024-06-29T07:57:51+00:00","dateModified":"2026-02-28T18:33:54+00:00","description":"Premium presentinslagning f\u00f6r firanden: br\u00f6llop, f\u00f6delsedagar, jubileer, studentpresent, baby showers, eller vid alla speciella tillf\u00e4llen.","breadcrumb":{"@id":"https:\/\/studioiniit.se\/sv\/presentinslagning-tjanster\/firande\/#breadcrumb"},"inLanguage":"sv-SE","potentialAction":[{"@type":"ReadAction","target":["https:\/\/studioiniit.se\/sv\/presentinslagning-tjanster\/firande\/"]}]},{"@type":"ImageObject","inLanguage":"sv-SE","@id":"https:\/\/studioiniit.se\/sv\/presentinslagning-tjanster\/firande\/#primaryimage","url":"https:\/\/studioiniit.se\/sv\/wp-content\/uploads\/2026\/02\/celebration_hero.webp","contentUrl":"https:\/\/studioiniit.se\/sv\/wp-content\/uploads\/2026\/02\/celebration_hero.webp","width":2000,"height":1000,"caption":"Olika inslagna presentcollage f\u00f6r fester"},{"@type":"BreadcrumbList","@id":"https:\/\/studioiniit.se\/sv\/presentinslagning-tjanster\/firande\/#breadcrumb","itemListElement":[{"@type":"ListItem","position":1,"name":"Home","item":"https:\/\/studioiniit.se\/sv\/"},{"@type":"ListItem","position":2,"name":"Presentinslagningstj\u00e4nster","item":"https:\/\/studioiniit.se\/sv\/presentinslagning-tjanster\/"},{"@type":"ListItem","position":3,"name":"Firande"}]},{"@type":"WebSite","@id":"https:\/\/studioiniit.se\/sv\/#website","url":"https:\/\/studioiniit.se\/sv\/","name":"STUDIO INIIT","description":"Create. Wrap. Love.","publisher":{"@id":"https:\/\/studioiniit.se\/sv\/#organization"},"potentialAction":[{"@type":"SearchAction","target":{"@type":"EntryPoint","urlTemplate":"https:\/\/studioiniit.se\/sv\/?s={search_term_string}"},"query-input":{"@type":"PropertyValueSpecification","valueRequired":true,"valueName":"search_term_string"}}],"inLanguage":"sv-SE"},{"@type":"Organization","@id":"https:\/\/studioiniit.se\/sv\/#organization","name":"STUDIO INIIT","url":"https:\/\/studioiniit.se\/sv\/","logo":{"@type":"ImageObject","inLanguage":"sv-SE","@id":"https:\/\/studioiniit.se\/sv\/#\/schema\/logo\/image\/","url":"https:\/\/studioiniit.se\/sv\/wp-content\/uploads\/2024\/07\/logo-new.png","contentUrl":"https:\/\/studioiniit.se\/sv\/wp-content\/uploads\/2024\/07\/logo-new.png","width":512,"height":512,"caption":"STUDIO INIIT"},"image":{"@id":"https:\/\/studioiniit.se\/sv\/#\/schema\/logo\/image\/"},"sameAs":["https:\/\/www.facebook.com\/studio.iniit","https:\/\/instagram.com\/studio.iniit"]}]}},"_links":{"self":[{"href":"https:\/\/studioiniit.se\/sv\/wp-json\/wp\/v2\/pages\/6950","targetHints":{"allow":["GET"]}}],"collection":[{"href":"https:\/\/studioiniit.se\/sv\/wp-json\/wp\/v2\/pages"}],"about":[{"href":"https:\/\/studioiniit.se\/sv\/wp-json\/wp\/v2\/types\/page"}],"author":[{"embeddable":true,"href":"https:\/\/studioiniit.se\/sv\/wp-json\/wp\/v2\/users\/1"}],"replies":[{"embeddable":true,"href":"https:\/\/studioiniit.se\/sv\/wp-json\/wp\/v2\/comments?post=6950"}],"version-history":[{"count":238,"href":"https:\/\/studioiniit.se\/sv\/wp-json\/wp\/v2\/pages\/6950\/revisions"}],"predecessor-version":[{"id":10643,"href":"https:\/\/studioiniit.se\/sv\/wp-json\/wp\/v2\/pages\/6950\/revisions\/10643"}],"up":[{"embeddable":true,"href":"https:\/\/studioiniit.se\/sv\/wp-json\/wp\/v2\/pages\/6801"}],"wp:featuredmedia":[{"embeddable":true,"href":"https:\/\/studioiniit.se\/sv\/wp-json\/wp\/v2\/media\/10482"}],"wp:attachment":[{"href":"https:\/\/studioiniit.se\/sv\/wp-json\/wp\/v2\/media?parent=6950"}],"curies":[{"name":"wp","href":"https:\/\/api.w.org\/{rel}","templated":true}]}}